{"id":37380,"date":"2021-08-31T19:19:23","date_gmt":"2021-08-31T23:19:23","guid":{"rendered":"https:\/\/caswe-acfts.ca\/?page_id=37380"},"modified":"2021-10-01T16:48:40","modified_gmt":"2021-10-01T20:48:40","slug":"plan-du-site","status":"publish","type":"page","link":"https:\/\/caswe-acfts.ca\/fr\/plan-du-site\/","title":{"rendered":"Plan du site"},"content":{"rendered":"\t\t<div data-elementor-type=\"wp-page\" data-elementor-id=\"37380\" class=\"elementor elementor-37380 elementor-36467\" data-elementor-post-type=\"page\">\n\t\t\t\t\t\t<section class=\"elementor-section elementor-top-section elementor-element elementor-element-45f6aac0 elementor-section-full_width elementor-section-content-top elementor-section-height-default elementor-section-height-default\" data-id=\"45f6aac0\" data-element_type=\"section\" data-e-type=\"section\" data-settings=\"{&quot;background_background&quot;:&quot;classic&quot;}\">\n\t\t\t\t\t\t<div class=\"elementor-container elementor-column-gap-wide\">\n\t\t\t\t\t<div class=\"elementor-column elementor-col-100 elementor-top-column elementor-element elementor-element-1b798df8\" data-id=\"1b798df8\" data-element_type=\"column\" data-e-type=\"column\">\n\t\t\t<div class=\"elementor-widget-wrap elementor-element-populated\">\n\t\t\t\t\t\t\t<\/div>\n\t\t<\/div>\n\t\t\t\t\t<\/div>\n\t\t<\/section>\n\t\t\t\t<section class=\"elementor-section elementor-top-section elementor-element elementor-element-b63d903 elementor-section-boxed elementor-section-height-default elementor-section-height-default\" data-id=\"b63d903\" data-element_type=\"section\" data-e-type=\"section\">\n\t\t\t\t\t\t<div class=\"elementor-container elementor-column-gap-default\">\n\t\t\t\t\t<div class=\"elementor-column elementor-col-100 elementor-top-column elementor-element elementor-element-bd82e2c\" data-id=\"bd82e2c\" data-element_type=\"column\" data-e-type=\"column\">\n\t\t\t<div class=\"elementor-widget-wrap elementor-element-populated\">\n\t\t\t\t\t\t<div class=\"elementor-element elementor-element-76d8373 elementor-widget elementor-widget-shortcode\" data-id=\"76d8373\" data-element_type=\"widget\" data-e-type=\"widget\" data-widget_type=\"shortcode.default\">\n\t\t\t\t<div class=\"elementor-widget-container\">\n\t\t\t\t\t\t\t<div class=\"elementor-shortcode\"><div class=\"wsp-container\"><h2 class=\"wsp-pages-title\">Pages<\/h2>\n<ul class=\"wsp-pages-list\">\n<li class=\"page_item page-item-66 menu-item\"><a href=\"https:\/\/caswe-acfts.ca\/fr\/\" class=\"menu-link\">Accueil<\/a><\/li>\n<li class=\"page_item page-item-43360 menu-item\"><a href=\"https:\/\/caswe-acfts.ca\/fr\/test-page-fr\/\" class=\"menu-link\">Test Page FR<\/a><\/li>\n<li class=\"page_item page-item-40267 menu-item\"><a href=\"https:\/\/caswe-acfts.ca\/fr\/le-racisme-en-travail-social-parlons-en-colloque-sur-les-initiatives-antiracistes-au-sein-de-la-formation-en-travail-social-au-quebec\/\" class=\"menu-link\">Le racisme en travail social, parlons-en ! Colloque sur les initiatives antiracistes au sein de la formation en travail social au Qu\u00e9bec<\/a><\/li>\n<li class=\"page_item page-item-37388 page_item_has_children menu-item menu-item-has-children\"><a href=\"https:\/\/caswe-acfts.ca\/fr\/profil\/\" class=\"menu-link\">Profil<\/a>\n<ul class='children'>\n\t<li class=\"page_item page-item-37393 menu-item\"><a href=\"https:\/\/caswe-acfts.ca\/fr\/profil\/conseil-dadministration\/\" class=\"menu-link\">Conseil d\u2019administration<\/a><\/li>\n\t<li class=\"page_item page-item-37403 menu-item\"><a href=\"https:\/\/caswe-acfts.ca\/fr\/profil\/comite-de-redaction\/\" class=\"menu-link\">Comit\u00e9 de r\u00e9daction<\/a><\/li>\n\t<li class=\"page_item page-item-37408 page_item_has_children menu-item menu-item-has-children\"><a href=\"https:\/\/caswe-acfts.ca\/fr\/profil\/comites\/\" class=\"menu-link\">Comit\u00e9s<\/a>\n\t<ul class='children'>\n\t\t<li class=\"page_item page-item-37413 menu-item\"><a href=\"https:\/\/caswe-acfts.ca\/fr\/profil\/comites\/comite-des-finances\/\" class=\"menu-link\">Comit\u00e9 des finances<\/a><\/li>\n\t\t<li class=\"page_item page-item-37419 menu-item\"><a href=\"https:\/\/caswe-acfts.ca\/fr\/profil\/comites\/comite-executif\/\" class=\"menu-link\">Le comit\u00e9 ex\u00e9cutif<\/a><\/li>\n\t\t<li class=\"page_item page-item-37424 menu-item\"><a href=\"https:\/\/caswe-acfts.ca\/fr\/profil\/comites\/comite-des-mises-en-candidature\/\" class=\"menu-link\">Comit\u00e9 des mises en candidature<\/a><\/li>\n\t\t<li class=\"page_item page-item-37429 menu-item\"><a href=\"https:\/\/caswe-acfts.ca\/fr\/profil\/comites\/comite-des-politiques-pedagogiques\/\" class=\"menu-link\">Comit\u00e9 des politiques p\u00e9dagogiques<\/a><\/li>\n\t\t<li class=\"page_item page-item-37434 menu-item\"><a href=\"https:\/\/caswe-acfts.ca\/fr\/profil\/comites\/comite-des-etudiants\/\" class=\"menu-link\">Comit\u00e9 des \u00e9tudiants<\/a><\/li>\n\t\t<li class=\"page_item page-item-37439 menu-item\"><a href=\"https:\/\/caswe-acfts.ca\/fr\/profil\/comites\/comite-des-stages\/\" class=\"menu-link\">Comit\u00e9 des stages<\/a><\/li>\n\t\t<li class=\"page_item page-item-37444 menu-item\"><a href=\"https:\/\/caswe-acfts.ca\/fr\/profil\/comites\/comite-du-travail-social-francophone-en-contexte-linguistique-minoritaire\/\" class=\"menu-link\">Comit\u00e9 du travail social francophone en contexte linguistique minoritaire<\/a><\/li>\n\t\t<li class=\"page_item page-item-37450 menu-item\"><a href=\"https:\/\/caswe-acfts.ca\/fr\/profil\/comites\/comite-des-affaires-internationales-cai\/\" class=\"menu-link\">Comit\u00e9 des affaires internationales (CAI)<\/a><\/li>\n\t\t<li class=\"page_item page-item-37455 menu-item\"><a href=\"https:\/\/caswe-acfts.ca\/fr\/profil\/comites\/comite-sur-la-politique-sociale-et-de-la-defense-des-droits\/\" class=\"menu-link\">Comit\u00e9 sur la politique sociale et de la d\u00e9fense des droits<\/a><\/li>\n\t<\/ul>\n<\/li>\n\t<li class=\"page_item page-item-37460 page_item_has_children menu-item menu-item-has-children\"><a href=\"https:\/\/caswe-acfts.ca\/fr\/profil\/caucus\/\" class=\"menu-link\">Caucus<\/a>\n\t<ul class='children'>\n\t\t<li class=\"page_item page-item-37465 menu-item\"><a href=\"https:\/\/caswe-acfts.ca\/fr\/profil\/caucus\/caucus-des-femmes\/\" class=\"menu-link\">Caucus des femmes<\/a><\/li>\n\t\t<li class=\"page_item page-item-37470 menu-item\"><a href=\"https:\/\/caswe-acfts.ca\/fr\/profil\/caucus\/caucus-queer\/\" class=\"menu-link\">Caucus Queer<\/a><\/li>\n\t\t<li class=\"page_item page-item-37475 menu-item\"><a href=\"https:\/\/caswe-acfts.ca\/fr\/profil\/caucus\/caucus-des-personnes-vivant-avec-un-handicap\/\" class=\"menu-link\">Caucus des personnes vivant avec un handicap<\/a><\/li>\n\t\t<li class=\"page_item page-item-37480 menu-item\"><a href=\"https:\/\/caswe-acfts.ca\/fr\/profil\/caucus\/caucus-des-affaires-raciales-ethniques-et-culturelles\/\" class=\"menu-link\">Caucus des affaires raciales, ethniques et culturelles<\/a><\/li>\n\t\t<li class=\"page_item page-item-47030 menu-item\"><a href=\"https:\/\/caswe-acfts.ca\/fr\/profil\/caucus\/caucus-vert\/\" class=\"menu-link\">Caucus Vert<\/a><\/li>\n\t<\/ul>\n<\/li>\n\t<li class=\"page_item page-item-37485 menu-item\"><a href=\"https:\/\/caswe-acfts.ca\/fr\/profil\/personnel\/\" class=\"menu-link\">Personnel<\/a><\/li>\n\t<li class=\"page_item page-item-37490 menu-item\"><a href=\"https:\/\/caswe-acfts.ca\/fr\/profil\/plan-daction\/\" class=\"menu-link\">Plan d\u2019action<\/a><\/li>\n\t<li class=\"page_item page-item-37495 menu-item\"><a href=\"https:\/\/caswe-acfts.ca\/fr\/profil\/groupes-de-travail\/\" class=\"menu-link\">Groupes de travail<\/a><\/li>\n\t<li class=\"page_item page-item-37500 menu-item\"><a href=\"https:\/\/caswe-acfts.ca\/fr\/profil\/notre-engagement-vers-le-changement\/\" class=\"menu-link\">Notre engagement envers le changement<\/a><\/li>\n<\/ul>\n<\/li>\n<li class=\"page_item page-item-37505 page_item_has_children menu-item menu-item-has-children\"><a href=\"https:\/\/caswe-acfts.ca\/fr\/nos-activites\/\" class=\"menu-link\">Activit\u00e9s<\/a>\n<ul class='children'>\n\t<li class=\"page_item page-item-37510 menu-item\"><a href=\"https:\/\/caswe-acfts.ca\/fr\/nos-activites\/agrement\/\" class=\"menu-link\">Agr\u00e9ment<\/a><\/li>\n\t<li class=\"page_item page-item-37515 page_item_has_children menu-item menu-item-has-children\"><a href=\"https:\/\/caswe-acfts.ca\/fr\/nos-activites\/journal\/\" class=\"menu-link\">Journal<\/a>\n\t<ul class='children'>\n\t\t<li class=\"page_item page-item-37523 menu-item\"><a href=\"https:\/\/caswe-acfts.ca\/fr\/nos-activites\/journal\/soumettre-un-manuscrit\/\" class=\"menu-link\">Soumettre un manuscrit<\/a><\/li>\n\t\t<li class=\"page_item page-item-37529 menu-item\"><a href=\"https:\/\/caswe-acfts.ca\/fr\/nos-activites\/journal\/abonnements\/\" class=\"menu-link\">Abonnements<\/a><\/li>\n\t\t<li class=\"page_item page-item-37534 page_item_has_children menu-item menu-item-has-children\"><a href=\"https:\/\/caswe-acfts.ca\/fr\/nos-activites\/journal\/concours-etudiant\/\" class=\"menu-link\">Concours \u00e9tudiant<\/a>\n\t\t<ul class='children'>\n\t\t\t<li class=\"page_item page-item-37539 menu-item\"><a href=\"https:\/\/caswe-acfts.ca\/fr\/nos-activites\/journal\/concours-etudiant\/directives-pour-le-concours-etudiant-de-manuscrits-de-la-rcss\/\" class=\"menu-link\">Directives pour le concours \u00e9tudiant de manuscrits de la rcss<\/a><\/li>\n\t\t<\/ul>\n<\/li>\n\t<\/ul>\n<\/li>\n\t<li class=\"page_item page-item-37544 menu-item\"><a href=\"https:\/\/caswe-acfts.ca\/fr\/nos-activites\/projects-speciaux\/\" class=\"menu-link\">Projects sp\u00e9ciaux<\/a><\/li>\n\t<li class=\"page_item page-item-37549 menu-item\"><a href=\"https:\/\/caswe-acfts.ca\/fr\/nos-activites\/webinaires\/\" class=\"menu-link\">Webinaires<\/a><\/li>\n<\/ul>\n<\/li>\n<li class=\"page_item page-item-37557 page_item_has_children menu-item menu-item-has-children\"><a href=\"https:\/\/caswe-acfts.ca\/fr\/membres\/\" class=\"menu-link\">Membres<\/a>\n<ul class='children'>\n\t<li class=\"page_item page-item-39105 menu-item\"><a href=\"https:\/\/caswe-acfts.ca\/fr\/membres\/formulaire-dadhesion-institutionnelle\/\" class=\"menu-link\">Formulaire d\u2019adh\u00e9sion institutionnelle<\/a><\/li>\n<\/ul>\n<\/li>\n<li class=\"page_item page-item-37570 page_item_has_children menu-item menu-item-has-children\"><a href=\"https:\/\/caswe-acfts.ca\/fr\/communaute\/\" class=\"menu-link\">Communaut\u00e9<\/a>\n<ul class='children'>\n\t<li class=\"page_item page-item-38336 menu-item\"><a href=\"https:\/\/caswe-acfts.ca\/fr\/communaute\/comite-intersectoriel\/\" class=\"menu-link\">Comit\u00e9 intersectoriel<\/a><\/li>\n<\/ul>\n<\/li>\n<li class=\"page_item page-item-37572 page_item_has_children menu-item menu-item-has-children\"><a href=\"https:\/\/caswe-acfts.ca\/fr\/ressources\/\" class=\"menu-link\">Ressources<\/a>\n<ul class='children'>\n\t<li class=\"page_item page-item-37577 menu-item\"><a href=\"https:\/\/caswe-acfts.ca\/fr\/ressources\/reconciliation\/\" class=\"menu-link\">R\u00e9conciliation<\/a><\/li>\n\t<li class=\"page_item page-item-37585 menu-item\"><a href=\"https:\/\/caswe-acfts.ca\/fr\/ressources\/ressources-stages\/\" class=\"menu-link\">Ressources \u2013 Stages<\/a><\/li>\n\t<li class=\"page_item page-item-38338 menu-item\"><a href=\"https:\/\/caswe-acfts.ca\/fr\/ressources\/organisations-nationales-et-internationales-de-travail-social\/\" class=\"menu-link\">Organisations nationales et internationales de travail social<\/a><\/li>\n\t<li class=\"page_item page-item-39848 menu-item\"><a href=\"https:\/\/caswe-acfts.ca\/fr\/ressources\/fr-national-and-provincial-codes-of-ethics\/\" class=\"menu-link\">Code.s de d\u00e9ontologie national et provinciaux<\/a><\/li>\n\t<li class=\"page_item page-item-37590 menu-item\"><a href=\"https:\/\/caswe-acfts.ca\/fr\/ressources\/coin-des-carrieres\/\" class=\"menu-link\">Coin des carri\u00e8res<\/a><\/li>\n<\/ul>\n<\/li>\n<li class=\"page_item page-item-37598 menu-item\"><a href=\"https:\/\/caswe-acfts.ca\/fr\/nous-joindre\/\" class=\"menu-link\">Nous joindre<\/a><\/li>\n<li class=\"page_item page-item-38329 menu-item\"><a href=\"https:\/\/caswe-acfts.ca\/fr\/aga\/\" class=\"menu-link\">AGA<\/a><\/li>\n<li class=\"page_item page-item-38332 menu-item\"><a href=\"https:\/\/caswe-acfts.ca\/fr\/projet-sur-lutilisation-des-opioides-et-les-troubles-lies-a-lutilisation-des-opioides\/\" class=\"menu-link\">Projet sur l\u2019utilisation des opio\u00efdes et les troubles li\u00e9s \u00e0 l\u2019utilisation des opio\u00efdes<\/a><\/li>\n<li class=\"page_item page-item-38608 menu-item\"><a href=\"https:\/\/caswe-acfts.ca\/fr\/tc-iswen\/\" class=\"menu-link\">TC-ISWEN<\/a><\/li>\n<li class=\"page_item page-item-38606 menu-item\"><a href=\"https:\/\/caswe-acfts.ca\/fr\/schools-of-social-work-in-quebec\/\" class=\"menu-link\">\u00c9coles de service social au Qu\u00e9bec<\/a><\/li>\n<li class=\"page_item page-item-37369 menu-item\"><a href=\"https:\/\/caswe-acfts.ca\/fr\/caswe-acfts-celebre-ses-50-ans\/\" class=\"menu-link\">CASWE-ACFTS C\u00c9L\u00c8BRE SES 50 ANS<\/a><\/li>\n<li class=\"page_item page-item-38334 menu-item\"><a href=\"https:\/\/caswe-acfts.ca\/fr\/transforming-the-field-education-landscape\/\" class=\"menu-link\">Transforming the Field Education Landscape<\/a><\/li>\n<li class=\"page_item page-item-38604 menu-item\"><a href=\"https:\/\/caswe-acfts.ca\/fr\/canadian-association-of-deans-and-directors-of-schools-of-social-work\/\" class=\"menu-link\">Association canadienne des doyens et directeurs d&rsquo;\u00e9coles de service social<\/a><\/li>\n<li class=\"page_item page-item-37603 page_item_has_children menu-item menu-item-has-children\"><a href=\"https:\/\/caswe-acfts.ca\/fr\/archives\/\" class=\"menu-link\">Archives<\/a>\n<ul class='children'>\n\t<li class=\"page_item page-item-38962 menu-item\"><a href=\"https:\/\/caswe-acfts.ca\/fr\/archives\/covid-19\/\" class=\"menu-link\">COVID-19<\/a><\/li>\n<\/ul>\n<\/li>\n<li class=\"page_item page-item-37380 menu-item\"><a href=\"https:\/\/caswe-acfts.ca\/fr\/plan-du-site\/\" class=\"menu-link\">Plan du site<\/a><\/li>\n<li class=\"page_item page-item-42533 menu-item\"><a href=\"https:\/\/caswe-acfts.ca\/fr\/friends-of-the-association-subscription\/\" class=\"menu-link\">Ami.e.s de l&rsquo;association<\/a><\/li>\n<li class=\"page_item page-item-47557 page_item_has_children menu-item menu-item-has-children\"><a href=\"https:\/\/caswe-acfts.ca\/fr\/ressources-des-membres\/\" class=\"menu-link\">Ressources des membres<\/a>\n<ul class='children'>\n\t<li class=\"page_item page-item-48809 menu-item\"><a href=\"https:\/\/caswe-acfts.ca\/fr\/ressources-des-membres\/ressources-pour-les-membres-etudiants\/\" class=\"menu-link\">Ressources pour les membres \u00e9tudiants<\/a><\/li>\n<\/ul>\n<\/li>\n<\/ul>\n<\/div> <\/div>\n\t\t\t\t\t\t<\/div>\n\t\t\t\t<\/div>\n\t\t\t\t\t<\/div>\n\t\t<\/div>\n\t\t\t\t\t<\/div>\n\t\t<\/section>\n\t\t\t\t<\/div>\n\t\t","protected":false},"excerpt":{"rendered":"","protected":false},"author":2,"featured_media":40879,"parent":0,"menu_order":23,"comment_status":"closed","ping_status":"closed","template":"elementor_header_footer","meta":{"_acf_changed":false,"_seopress_robots_primary_cat":"","_seopress_titles_title":"","_seopress_titles_desc":"","_seopress_robots_index":"","site-sidebar-layout":"no-sidebar","site-content-layout":"page-builder","ast-site-content-layout":"default","site-content-style":"default","site-sidebar-style":"default","ast-global-header-display":"","ast-banner-title-visibility":"","ast-main-header-display":"","ast-hfb-above-header-display":"","ast-hfb-below-header-display":"","ast-hfb-mobile-header-display":"","site-post-title":"disabled","ast-breadcrumbs-content":"","ast-featured-img":"disabled","footer-sml-layout":"","ast-disable-related-posts":"","theme-transparent-header-meta":"","adv-header-id-meta":"","stick-header-meta":"","header-above-stick-meta":"","header-main-stick-meta":"","header-below-stick-meta":"","astra-migrate-meta-layouts":"default","ast-page-background-enabled":"default","ast-page-background-meta":{"desktop":{"background-color":"","background-image":"","background-repeat":"repeat","background-position":"center center","background-size":"auto","background-attachment":"scroll","background-type":"","background-media":"","overlay-type":"","overlay-color":"","overlay-opacity":"","overlay-gradient":""},"tablet":{"background-color":"","background-image":"","background-repeat":"repeat","background-position":"center center","background-size":"auto","background-attachment":"scroll","background-type":"","background-media":"","overlay-type":"","overlay-color":"","overlay-opacity":"","overlay-gradient":""},"mobile":{"background-color":"","background-image":"","background-repeat":"repeat","background-position":"center center","background-size":"auto","background-attachment":"scroll","background-type":"","background-media":"","overlay-type":"","overlay-color":"","overlay-opacity":"","overlay-gradient":""}},"ast-content-background-meta":{"desktop":{"background-color":"var(--ast-global-color-5)","background-image":"","background-repeat":"repeat","background-position":"center center","background-size":"auto","background-attachment":"scroll","background-type":"","background-media":"","overlay-type":"","overlay-color":"","overlay-opacity":"","overlay-gradient":""},"tablet":{"background-color":"var(--ast-global-color-5)","background-image":"","background-repeat":"repeat","background-position":"center center","background-size":"auto","background-attachment":"scroll","background-type":"","background-media":"","overlay-type":"","overlay-color":"","overlay-opacity":"","overlay-gradient":""},"mobile":{"background-color":"var(--ast-global-color-5)","background-image":"","background-repeat":"repeat","background-position":"center center","background-size":"auto","background-attachment":"scroll","background-type":"","background-media":"","overlay-type":"","overlay-color":"","overlay-opacity":"","overlay-gradient":""}},"footnotes":""},"class_list":["post-37380","page","type-page","status-publish","has-post-thumbnail","hentry"],"acf":[],"_links":{"self":[{"href":"https:\/\/caswe-acfts.ca\/fr\/wp-json\/wp\/v2\/pages\/37380","targetHints":{"allow":["GET"]}}],"collection":[{"href":"https:\/\/caswe-acfts.ca\/fr\/wp-json\/wp\/v2\/pages"}],"about":[{"href":"https:\/\/caswe-acfts.ca\/fr\/wp-json\/wp\/v2\/types\/page"}],"author":[{"embeddable":true,"href":"https:\/\/caswe-acfts.ca\/fr\/wp-json\/wp\/v2\/users\/2"}],"replies":[{"embeddable":true,"href":"https:\/\/caswe-acfts.ca\/fr\/wp-json\/wp\/v2\/comments?post=37380"}],"version-history":[{"count":10,"href":"https:\/\/caswe-acfts.ca\/fr\/wp-json\/wp\/v2\/pages\/37380\/revisions"}],"predecessor-version":[{"id":38976,"href":"https:\/\/caswe-acfts.ca\/fr\/wp-json\/wp\/v2\/pages\/37380\/revisions\/38976"}],"wp:featuredmedia":[{"embeddable":true,"href":"https:\/\/caswe-acfts.ca\/fr\/wp-json\/wp\/v2\/media\/40879"}],"wp:attachment":[{"href":"https:\/\/caswe-acfts.ca\/fr\/wp-json\/wp\/v2\/media?parent=37380"}],"curies":[{"name":"wp","href":"https:\/\/api.w.org\/{rel}","templated":true}]}}