{"id":37450,"date":"2021-08-31T19:35:21","date_gmt":"2021-08-31T23:35:21","guid":{"rendered":"https:\/\/caswe-acfts.ca\/?page_id=37450"},"modified":"2026-01-05T12:15:34","modified_gmt":"2026-01-05T17:15:34","slug":"comite-des-affaires-internationales-cai","status":"publish","type":"page","link":"https:\/\/caswe-acfts.ca\/fr\/profil\/comites\/comite-des-affaires-internationales-cai\/","title":{"rendered":"Comit\u00e9 des affaires internationales (CAI)"},"content":{"rendered":"\t\t<div data-elementor-type=\"wp-page\" data-elementor-id=\"37450\" class=\"elementor elementor-37450 elementor-36303\" data-elementor-post-type=\"page\">\n\t\t\t\t\t\t<section class=\"elementor-section elementor-top-section elementor-element elementor-element-ec020a3 elementor-section-full_width elementor-section-content-top elementor-section-height-default elementor-section-height-default\" data-id=\"ec020a3\" data-element_type=\"section\" data-e-type=\"section\" data-settings=\"{&quot;background_background&quot;:&quot;classic&quot;}\">\n\t\t\t\t\t\t<div class=\"elementor-container elementor-column-gap-wide\">\n\t\t\t\t\t<div class=\"elementor-column elementor-col-100 elementor-top-column elementor-element elementor-element-78bd750\" data-id=\"78bd750\" data-element_type=\"column\" data-e-type=\"column\">\n\t\t\t<div class=\"elementor-widget-wrap elementor-element-populated\">\n\t\t\t\t\t\t\t<\/div>\n\t\t<\/div>\n\t\t\t\t\t<\/div>\n\t\t<\/section>\n\t\t\t\t<section class=\"elementor-section elementor-top-section elementor-element elementor-element-33fd7660 elementor-section-boxed elementor-section-height-default elementor-section-height-default\" data-id=\"33fd7660\" data-element_type=\"section\" data-e-type=\"section\">\n\t\t\t\t\t\t<div class=\"elementor-container elementor-column-gap-default\">\n\t\t\t\t\t<div class=\"elementor-column elementor-col-100 elementor-top-column elementor-element elementor-element-f965d34\" data-id=\"f965d34\" data-element_type=\"column\" data-e-type=\"column\">\n\t\t\t<div class=\"elementor-widget-wrap elementor-element-populated\">\n\t\t\t\t\t\t<div class=\"elementor-element elementor-element-065ffff elementor-widget elementor-widget-heading\" data-id=\"065ffff\" data-element_type=\"widget\" data-e-type=\"widget\" data-widget_type=\"heading.default\">\n\t\t\t\t<div class=\"elementor-widget-container\">\n\t\t\t\t\t<h2 class=\"elementor-heading-title elementor-size-default\">G\u00e9n\u00e9ralit\u00e9s<\/h2>\t\t\t\t<\/div>\n\t\t\t\t<\/div>\n\t\t\t\t<div class=\"elementor-element elementor-element-6cc718f2 elementor-widget elementor-widget-text-editor\" data-id=\"6cc718f2\" data-element_type=\"widget\" data-e-type=\"widget\" data-widget_type=\"text-editor.default\">\n\t\t\t\t<div class=\"elementor-widget-container\">\n\t\t\t\t\t\t\t\t\t<p>Le Comit\u00e9 des affaires internationales a pour objectif de promouvoir la collaboration et le r\u00e9seautage entre les formateurs et les programmes de travail social. Cr\u00e9\u00e9 en 1988, le Comit\u00e9 assure la liaison entre l\u2019Association internationale des \u00e9coles de travail social (AIETS) et d\u2019autres associations internationales et joue le r\u00f4le de Centre d\u2019information pour les activit\u00e9s internationales aupr\u00e8s des membres institutionnels et individuels impliqu\u00e9s dans la formation du travail social. Le Comit\u00e9 a une repr\u00e9sentation au conseil d\u2019administration de l\u2019Association internationale des \u00e9coles de travail social (AIETS), l\u2019Association des \u00e9coles de travail social de l\u2019Am\u00e9rique du Nord et des Cara\u00efbes, et l\u2019Association de l\u2019Asie et du Pacifique pour la formation en travail social.<\/p>\t\t\t\t\t\t\t\t<\/div>\n\t\t\t\t<\/div>\n\t\t\t\t<div class=\"elementor-element elementor-element-dce8b92 elementor-widget elementor-widget-image\" data-id=\"dce8b92\" data-element_type=\"widget\" data-e-type=\"widget\" data-widget_type=\"image.default\">\n\t\t\t\t<div class=\"elementor-widget-container\">\n\t\t\t\t\t\t\t\t\t\t\t\t\t\t\t<img fetchpriority=\"high\" decoding=\"async\" width=\"1024\" height=\"1024\" src=\"https:\/\/caswe-acfts.ca\/wp-content\/uploads\/2021\/08\/Zagreb-IASSW-2-1024x1024.jpg\" class=\"attachment-large size-large wp-image-36709\" alt=\"\" srcset=\"https:\/\/caswe-acfts.ca\/wp-content\/uploads\/2021\/08\/Zagreb-IASSW-2-1024x1024.jpg 1024w, https:\/\/caswe-acfts.ca\/wp-content\/uploads\/2021\/08\/Zagreb-IASSW-2-300x300.jpg 300w, https:\/\/caswe-acfts.ca\/wp-content\/uploads\/2021\/08\/Zagreb-IASSW-2-150x150.jpg 150w, https:\/\/caswe-acfts.ca\/wp-content\/uploads\/2021\/08\/Zagreb-IASSW-2-1536x1536.jpg 1536w, https:\/\/caswe-acfts.ca\/wp-content\/uploads\/2021\/08\/Zagreb-IASSW-2-2048x2048.jpg 2048w, https:\/\/caswe-acfts.ca\/wp-content\/uploads\/2021\/08\/Zagreb-IASSW-2-20x20.jpg 20w, https:\/\/caswe-acfts.ca\/wp-content\/uploads\/2021\/08\/Zagreb-IASSW-2.jpg 1920w\" sizes=\"(max-width: 1024px) 100vw, 1024px\" \/>\t\t\t\t\t\t\t\t\t\t\t\t\t\t\t<\/div>\n\t\t\t\t<\/div>\n\t\t\t\t\t<\/div>\n\t\t<\/div>\n\t\t\t\t\t<\/div>\n\t\t<\/section>\n\t\t\t\t<section class=\"elementor-section elementor-top-section elementor-element elementor-element-285fe4f1 elementor-section-boxed elementor-section-height-default elementor-section-height-default\" data-id=\"285fe4f1\" data-element_type=\"section\" data-e-type=\"section\" data-settings=\"{&quot;background_background&quot;:&quot;classic&quot;}\">\n\t\t\t\t\t\t<div class=\"elementor-container elementor-column-gap-default\">\n\t\t\t\t\t<div class=\"elementor-column elementor-col-50 elementor-top-column elementor-element elementor-element-36b20c7e\" data-id=\"36b20c7e\" data-element_type=\"column\" data-e-type=\"column\">\n\t\t\t<div class=\"elementor-widget-wrap elementor-element-populated\">\n\t\t\t\t\t\t<div class=\"elementor-element elementor-element-5375097 elementor-widget elementor-widget-heading\" data-id=\"5375097\" data-element_type=\"widget\" data-e-type=\"widget\" data-widget_type=\"heading.default\">\n\t\t\t\t<div class=\"elementor-widget-container\">\n\t\t\t\t\t<h2 class=\"elementor-heading-title elementor-size-default\">Termes de r\u00e9f\u00e9rence<\/h2>\t\t\t\t<\/div>\n\t\t\t\t<\/div>\n\t\t\t\t<div class=\"elementor-element elementor-element-56c03dde elementor-align-start elementor-mobile-align-start elementor-icon-list--layout-traditional elementor-list-item-link-full_width elementor-widget elementor-widget-icon-list\" data-id=\"56c03dde\" data-element_type=\"widget\" data-e-type=\"widget\" data-widget_type=\"icon-list.default\">\n\t\t\t\t<div class=\"elementor-widget-container\">\n\t\t\t\t\t\t\t<ul class=\"elementor-icon-list-items\">\n\t\t\t\t\t\t\t<li class=\"elementor-icon-list-item\">\n\t\t\t\t\t\t\t\t\t\t\t<a href=\"\/wp-content\/uploads\/2021\/09\/ComiteAffairesInternationales.Termes.2017-1.pdf\" target=\"_blank\">\n\n\t\t\t\t\t\t\t\t\t\t\t\t<span class=\"elementor-icon-list-icon\">\n\t\t\t\t\t\t\t<i aria-hidden=\"true\" class=\"fas fa-arrow-right\"><\/i>\t\t\t\t\t\t<\/span>\n\t\t\t\t\t\t\t\t\t\t<span class=\"elementor-icon-list-text\">Veuillez vous r\u00e9f\u00e9rer aux termes de r\u00e9f\u00e9rence.<\/span>\n\t\t\t\t\t\t\t\t\t\t\t<\/a>\n\t\t\t\t\t\t\t\t\t<\/li>\n\t\t\t\t\t\t<\/ul>\n\t\t\t\t\t\t<\/div>\n\t\t\t\t<\/div>\n\t\t\t\t\t<\/div>\n\t\t<\/div>\n\t\t\t\t<div class=\"elementor-column elementor-col-50 elementor-top-column elementor-element elementor-element-1f2647aa\" data-id=\"1f2647aa\" data-element_type=\"column\" data-e-type=\"column\">\n\t\t\t<div class=\"elementor-widget-wrap elementor-element-populated\">\n\t\t\t\t\t\t<div class=\"elementor-element elementor-element-352d6d1 elementor-hidden-desktop elementor-hidden-tablet elementor-hidden-mobile elementor-widget elementor-widget-heading\" data-id=\"352d6d1\" data-element_type=\"widget\" data-e-type=\"widget\" data-widget_type=\"heading.default\">\n\t\t\t\t<div class=\"elementor-widget-container\">\n\t\t\t\t\t<h2 class=\"elementor-heading-title elementor-size-default\">Rapports annuels<\/h2>\t\t\t\t<\/div>\n\t\t\t\t<\/div>\n\t\t\t\t<div class=\"elementor-element elementor-element-5bb3950c elementor-align-start elementor-mobile-align-start elementor-hidden-desktop elementor-hidden-tablet elementor-hidden-mobile elementor-icon-list--layout-traditional elementor-list-item-link-full_width elementor-widget elementor-widget-icon-list\" data-id=\"5bb3950c\" data-element_type=\"widget\" data-e-type=\"widget\" data-widget_type=\"icon-list.default\">\n\t\t\t\t<div class=\"elementor-widget-container\">\n\t\t\t\t\t\t\t<ul class=\"elementor-icon-list-items\">\n\t\t\t\t\t\t\t<li class=\"elementor-icon-list-item\">\n\t\t\t\t\t\t\t\t\t\t\t<a href=\"\/wp-content\/uploads\/2021\/09\/CASWE_Fr-IAC-Report-for-CASWE-AGM-2018-1.pdf\" target=\"_blank\">\n\n\t\t\t\t\t\t\t\t\t\t\t\t<span class=\"elementor-icon-list-icon\">\n\t\t\t\t\t\t\t<i aria-hidden=\"true\" class=\"fas fa-arrow-right\"><\/i>\t\t\t\t\t\t<\/span>\n\t\t\t\t\t\t\t\t\t\t<span class=\"elementor-icon-list-text\">2017-2018 Rapport annuel<\/span>\n\t\t\t\t\t\t\t\t\t\t\t<\/a>\n\t\t\t\t\t\t\t\t\t<\/li>\n\t\t\t\t\t\t\t\t<li class=\"elementor-icon-list-item\">\n\t\t\t\t\t\t\t\t\t\t\t<a href=\"\/wp-content\/uploads\/2021\/09\/CASWE_Fr-IAC2017-FR-1.pdf\" target=\"_blank\">\n\n\t\t\t\t\t\t\t\t\t\t\t\t<span class=\"elementor-icon-list-icon\">\n\t\t\t\t\t\t\t<i aria-hidden=\"true\" class=\"fas fa-arrow-right\"><\/i>\t\t\t\t\t\t<\/span>\n\t\t\t\t\t\t\t\t\t\t<span class=\"elementor-icon-list-text\">2016-2017 Rapport annuel<\/span>\n\t\t\t\t\t\t\t\t\t\t\t<\/a>\n\t\t\t\t\t\t\t\t\t<\/li>\n\t\t\t\t\t\t\t\t<li class=\"elementor-icon-list-item\">\n\t\t\t\t\t\t\t\t\t\t\t<a href=\"\/wp-content\/uploads\/2021\/09\/IAC-FR-1.pdf\" target=\"_blank\">\n\n\t\t\t\t\t\t\t\t\t\t\t\t<span class=\"elementor-icon-list-icon\">\n\t\t\t\t\t\t\t<i aria-hidden=\"true\" class=\"fas fa-arrow-right\"><\/i>\t\t\t\t\t\t<\/span>\n\t\t\t\t\t\t\t\t\t\t<span class=\"elementor-icon-list-text\">2015-2016 Rapport annuel<\/span>\n\t\t\t\t\t\t\t\t\t\t\t<\/a>\n\t\t\t\t\t\t\t\t\t<\/li>\n\t\t\t\t\t\t\t\t<li class=\"elementor-icon-list-item\">\n\t\t\t\t\t\t\t\t\t\t\t<a href=\"\/wp-content\/uploads\/2021\/09\/Comite-des-affaires-internationales.rpt-annuel-1.pdf\" target=\"_blank\">\n\n\t\t\t\t\t\t\t\t\t\t\t\t<span class=\"elementor-icon-list-icon\">\n\t\t\t\t\t\t\t<i aria-hidden=\"true\" class=\"fas fa-arrow-right\"><\/i>\t\t\t\t\t\t<\/span>\n\t\t\t\t\t\t\t\t\t\t<span class=\"elementor-icon-list-text\">2014-2015 Rapport annuel<\/span>\n\t\t\t\t\t\t\t\t\t\t\t<\/a>\n\t\t\t\t\t\t\t\t\t<\/li>\n\t\t\t\t\t\t\t\t<li class=\"elementor-icon-list-item\">\n\t\t\t\t\t\t\t\t\t\t\t<a href=\"\/wp-content\/uploads\/2021\/09\/Fr.Website.CAI_.rapport-annuel-1.pdf\" target=\"_blank\">\n\n\t\t\t\t\t\t\t\t\t\t\t\t<span class=\"elementor-icon-list-icon\">\n\t\t\t\t\t\t\t<i aria-hidden=\"true\" class=\"fas fa-arrow-right\"><\/i>\t\t\t\t\t\t<\/span>\n\t\t\t\t\t\t\t\t\t\t<span class=\"elementor-icon-list-text\">2013-2014 Rapport annuel<\/span>\n\t\t\t\t\t\t\t\t\t\t\t<\/a>\n\t\t\t\t\t\t\t\t\t<\/li>\n\t\t\t\t\t\t<\/ul>\n\t\t\t\t\t\t<\/div>\n\t\t\t\t<\/div>\n\t\t\t\t\t<\/div>\n\t\t<\/div>\n\t\t\t\t\t<\/div>\n\t\t<\/section>\n\t\t\t\t<section class=\"elementor-section elementor-top-section elementor-element elementor-element-15d3c6a elementor-section-boxed elementor-section-height-default elementor-section-height-default\" data-id=\"15d3c6a\" data-element_type=\"section\" data-e-type=\"section\">\n\t\t\t\t\t\t<div class=\"elementor-container elementor-column-gap-default\">\n\t\t\t\t\t<div class=\"elementor-column elementor-col-100 elementor-top-column elementor-element elementor-element-21e5598\" data-id=\"21e5598\" data-element_type=\"column\" data-e-type=\"column\">\n\t\t\t<div class=\"elementor-widget-wrap elementor-element-populated\">\n\t\t\t\t\t\t<div class=\"elementor-element elementor-element-cbedc98 elementor-widget elementor-widget-heading\" data-id=\"cbedc98\" data-element_type=\"widget\" data-e-type=\"widget\" data-widget_type=\"heading.default\">\n\t\t\t\t<div class=\"elementor-widget-container\">\n\t\t\t\t\t<h2 class=\"elementor-heading-title elementor-size-default\">Liens<\/h2>\t\t\t\t<\/div>\n\t\t\t\t<\/div>\n\t\t\t\t<div class=\"elementor-element elementor-element-167bf3a elementor-widget elementor-widget-text-editor\" data-id=\"167bf3a\" data-element_type=\"widget\" data-e-type=\"widget\" data-widget_type=\"text-editor.default\">\n\t\t\t\t<div class=\"elementor-widget-container\">\n\t\t\t\t\t\t\t\t\t<ul><li><span style=\"text-decoration: underline;\"><strong data-start=\"0\" data-end=\"71\" data-is-only-node=\"\"><a href=\"https:\/\/www.youtube.com\/watch?v=S9kIZGsa4AQ\">Naviguer dans le travail social international : du global au local.<\/a> <\/strong>Une table ronde opportune r\u00e9unissant des universitaires de premier plan \u00e0 l\u2019\u00e9chelle mondiale, explorant la signification, la pertinence et l\u2019avenir du travail social international, y compris son r\u00f4le dans l\u2019avancement des Objectifs de d\u00e9veloppement durable.<\/span><\/li><li>IASSW General Assembly. <a href=\"\/wp-content\/uploads\/2021\/09\/GA-announcement-Seoul_2016.pdf\" target=\"_blank\" rel=\"noopener noreferrer\">Announcement<\/a>\u00a0\u2013 \u00a0<a href=\"\/wp-content\/uploads\/2021\/09\/GA-agenda-Seoul_2016.pdf\" target=\"_blank\" rel=\"noopener noreferrer\">Agenda<\/a> \u2013 \u00a0<a href=\"\/wp-content\/uploads\/2021\/09\/Minutes-Melbourne-GA.pdf\" target=\"_blank\" rel=\"noopener noreferrer\">Minutes-Melbourne<\/a> \u2013 \u00a0<a href=\"\/wp-content\/uploads\/2021\/09\/elections-announc.pdf\" target=\"_blank\" rel=\"noopener noreferrer\">Elections announcement<\/a><\/li><li>IASSW <a href=\"\/wp-content\/uploads\/2021\/09\/IASSW-supports-the-IFSW-Statement-on-WSWD-2016.pdf\" target=\"_blank\" rel=\"noopener noreferrer\">supports the IFSW Statement<\/a>: Responding to the Refugee Crisis.<\/li><li>IASSW <a href=\"\/wp-content\/uploads\/2021\/09\/IASSW-Message-on-World-Social-Work-Day-March-15-2016.pdf\" target=\"_blank\" rel=\"noopener noreferrer\">Message<\/a> on World Social Work Day March 15, 2016: Responding to the Refugee Crisis, Role of Social Work<\/li><li>The <a href=\"\/wp-content\/uploads\/2021\/09\/IASSW-February-Newsletter.pdf\" target=\"_blank\" rel=\"noopener noreferrer\">February newsletters<\/a> on the activities of the IASSW representatives and interns at the United Nations in\u00a0New\u00a0York<\/li><li>The 12th issue of Social Dialogue online magazine.\u00a0 The theme of this issue is \u201c<a href=\"http:\/\/www.social-dialogue.com\" target=\"_blank\" rel=\"noopener noreferrer\">International Social Work Education<\/a>\u201d. You can access the previous issue at <a href=\"http:\/\/www.iassw-aiets.org\/\" target=\"_blank\" rel=\"noopener noreferrer\">http:\/\/www.iassw-aiets.org\/ <\/a><\/li><li><a href=\"http:\/\/ifsw.org\/news\/global-agenda-for-social-work-and-social-development-african-region-plans-second-report\/?utm_source=News+signup&amp;utm_campaign=6e5e64fb8d-RSS_EMAIL_NEWS&amp;utm_medium=email&amp;utm_term=0_f1659bc18d-6e5e64fb8d-54017305\" target=\"_blank\" rel=\"noopener noreferrer\">Global Agenda for Social Work and Social Development African Region Plans Second Report<\/a><\/li><li>Please note the launch of \u201c<a href=\"http:\/\/data.axmag.com\/data\/201404\/20140425\/U114409_F277862\/FLASH\/index.html\" target=\"_blank\" rel=\"noopener noreferrer\">Community based Social Economy and Community Development<\/a>\u201d\u00a0\u00a0 Also available\u00a0 in PDF format at <a href=\"http:\/\/www.social-dialogue.com\/\" target=\"_blank\" rel=\"noopener noreferrer\">http:\/\/www.social-dialogue.com\/<\/a><\/li><li>\u201cInterested in dialogue about international social welfare?\u201d Please \u201clike\u201d the <a href=\"https:\/\/www.facebook.com\/groups\/505645492844442\/\" target=\"_blank\" rel=\"noopener noreferrer\">Katherine A. Kendall Facebook page<\/a> today and share with your colleagues!<\/li><li>The Global Definition of Social Work:\u00a0 The<a href=\"http:\/\/ifsw.org\/get-involved\/global-definition-of-social-work\/\" target=\"_blank\" rel=\"noopener noreferrer\">\u00a0<\/a><a href=\"http:\/\/ifsw.org\/get-involved\/global-definition-of-social-work\" target=\"_blank\" rel=\"noopener noreferrer\">definition <\/a>was approved by the IFSW General Meeting and the IASSW General Assembly \u00a0in July 2014.<\/li><\/ul>\t\t\t\t\t\t\t\t<\/div>\n\t\t\t\t<\/div>\n\t\t\t\t<div class=\"elementor-element elementor-element-3e7bc84 elementor-widget elementor-widget-heading\" data-id=\"3e7bc84\" data-element_type=\"widget\" data-e-type=\"widget\" data-widget_type=\"heading.default\">\n\t\t\t\t<div class=\"elementor-widget-container\">\n\t\t\t\t\t<h2 class=\"elementor-heading-title elementor-size-default\">Resources<\/h2>\t\t\t\t<\/div>\n\t\t\t\t<\/div>\n\t\t\t\t<div class=\"elementor-element elementor-element-24b5759 elementor-widget elementor-widget-text-editor\" data-id=\"24b5759\" data-element_type=\"widget\" data-e-type=\"widget\" data-widget_type=\"text-editor.default\">\n\t\t\t\t<div class=\"elementor-widget-container\">\n\t\t\t\t\t\t\t\t\t<p>The recent (2012-2013) report produced by Janice Wood Wetzel <a href=\"http:\/\/www.iassw-aiets.org\/uploads\/file\/20130521_Report%20September%202012%20-%20June%202013%20IASSW%20Representatives%20at%20the%20United%20Nations.doc\" target=\"_blank\" rel=\"noopener noreferrer\">DOC<\/a><\/p><p>Five IASSW intern\u2019s papers:<\/p><p>1. \u2018STREET CHILDREN AND SOCIAL WORK\u2019 ( by Rio Comaduran) \u2013 <a href=\"http:\/\/www.iassw-aiets.org\/uploads\/file\/20130520_Street%20Children%20and%20Social%20Work.docx\" target=\"_blank\" rel=\"noopener noreferrer\">DOCX<\/a><br \/>2. \u2018SOCIAL WORK AND ASYLUM SEEKERS IN THE U.S.\u2019(by Rio Comaduran and Seiya Fukuda) \u2013 <a href=\"http:\/\/www.iassw-aiets.org\/uploads\/file\/20130520_Social%20Work%20and%20Asylum%20Seekers%20in%20the%20U.S..docx\" target=\"_blank\" rel=\"noopener noreferrer\">DOCX<\/a><br \/>3. \u2018WORLD BANK: A PRIMER ON GLOBAL DEVELOPMENT EFFORTS\u2019( by Khaliyl N. Lane) \u2013 <a href=\"http:\/\/www.iassw-aiets.org\/uploads\/file\/20130520_World%20Bank-.docx\" target=\"_blank\" rel=\"noopener noreferrer\">DOCX<\/a><br \/>4. \u2018INCREASED TRAFFICKING OF WOMEN &amp; GIRLS DURING WORLD SPORTING EVENTS\u2019( by Khaliyl N. Lane) \u2013 <a href=\"http:\/\/www.iassw-aiets.org\/uploads\/file\/20130520_Trafficking.docx\" target=\"_blank\" rel=\"noopener noreferrer\">DOCX<\/a><br \/>5. \u2018NELSON MANDELA: A TRUE COMMUNITY ORGANIZER\u2019 EVENTS\u2019(by Khaliyl N. Lane) \u2013 <a href=\"http:\/\/www.iassw-aiets.org\/uploads\/file\/20130520_Mandela.docx\" target=\"_blank\" rel=\"noopener noreferrer\">DOC<\/a><\/p>\t\t\t\t\t\t\t\t<\/div>\n\t\t\t\t<\/div>\n\t\t\t\t\t<\/div>\n\t\t<\/div>\n\t\t\t\t\t<\/div>\n\t\t<\/section>\n\t\t\t\t<\/div>\n\t\t","protected":false},"excerpt":{"rendered":"<p>G\u00e9n\u00e9ralit\u00e9s Le Comit\u00e9 des affaires internationales a pour objectif de promouvoir la collaboration et le r\u00e9seautage entre les formateurs et les programmes de travail social. Cr\u00e9\u00e9 en 1988, le Comit\u00e9 assure la liaison entre l\u2019Association internationale des \u00e9coles de travail social (AIETS) et d\u2019autres associations internationales et joue le r\u00f4le de Centre d\u2019information pour les [&hellip;]<\/p>\n","protected":false},"author":2,"featured_media":40879,"parent":37408,"menu_order":7,"comment_status":"closed","ping_status":"closed","template":"","meta":{"_acf_changed":false,"_seopress_robots_primary_cat":"","_seopress_titles_title":"","_seopress_titles_desc":"","_seopress_robots_index":"","site-sidebar-layout":"no-sidebar","site-content-layout":"page-builder","ast-site-content-layout":"default","site-content-style":"default","site-sidebar-style":"default","ast-global-header-display":"","ast-banner-title-visibility":"","ast-main-header-display":"","ast-hfb-above-header-display":"","ast-hfb-below-header-display":"","ast-hfb-mobile-header-display":"","site-post-title":"disabled","ast-breadcrumbs-content":"","ast-featured-img":"disabled","footer-sml-layout":"","ast-disable-related-posts":"","theme-transparent-header-meta":"default","adv-header-id-meta":"","stick-header-meta":"","header-above-stick-meta":"","header-main-stick-meta":"","header-below-stick-meta":"","astra-migrate-meta-layouts":"default","ast-page-background-enabled":"default","ast-page-background-meta":{"desktop":{"background-color":"","background-image":"","background-repeat":"repeat","background-position":"center center","background-size":"auto","background-attachment":"scroll","background-type":"","background-media":"","overlay-type":"","overlay-color":"","overlay-opacity":"","overlay-gradient":""},"tablet":{"background-color":"","background-image":"","background-repeat":"repeat","background-position":"center center","background-size":"auto","background-attachment":"scroll","background-type":"","background-media":"","overlay-type":"","overlay-color":"","overlay-opacity":"","overlay-gradient":""},"mobile":{"background-color":"","background-image":"","background-repeat":"repeat","background-position":"center center","background-size":"auto","background-attachment":"scroll","background-type":"","background-media":"","overlay-type":"","overlay-color":"","overlay-opacity":"","overlay-gradient":""}},"ast-content-background-meta":{"desktop":{"background-color":"var(--ast-global-color-5)","background-image":"","background-repeat":"repeat","background-position":"center center","background-size":"auto","background-attachment":"scroll","background-type":"","background-media":"","overlay-type":"","overlay-color":"","overlay-opacity":"","overlay-gradient":""},"tablet":{"background-color":"var(--ast-global-color-5)","background-image":"","background-repeat":"repeat","background-position":"center center","background-size":"auto","background-attachment":"scroll","background-type":"","background-media":"","overlay-type":"","overlay-color":"","overlay-opacity":"","overlay-gradient":""},"mobile":{"background-color":"var(--ast-global-color-5)","background-image":"","background-repeat":"repeat","background-position":"center center","background-size":"auto","background-attachment":"scroll","background-type":"","background-media":"","overlay-type":"","overlay-color":"","overlay-opacity":"","overlay-gradient":""}},"footnotes":""},"class_list":["post-37450","page","type-page","status-publish","has-post-thumbnail","hentry"],"acf":[],"_links":{"self":[{"href":"https:\/\/caswe-acfts.ca\/fr\/wp-json\/wp\/v2\/pages\/37450","targetHints":{"allow":["GET"]}}],"collection":[{"href":"https:\/\/caswe-acfts.ca\/fr\/wp-json\/wp\/v2\/pages"}],"about":[{"href":"https:\/\/caswe-acfts.ca\/fr\/wp-json\/wp\/v2\/types\/page"}],"author":[{"embeddable":true,"href":"https:\/\/caswe-acfts.ca\/fr\/wp-json\/wp\/v2\/users\/2"}],"replies":[{"embeddable":true,"href":"https:\/\/caswe-acfts.ca\/fr\/wp-json\/wp\/v2\/comments?post=37450"}],"version-history":[{"count":13,"href":"https:\/\/caswe-acfts.ca\/fr\/wp-json\/wp\/v2\/pages\/37450\/revisions"}],"predecessor-version":[{"id":48845,"href":"https:\/\/caswe-acfts.ca\/fr\/wp-json\/wp\/v2\/pages\/37450\/revisions\/48845"}],"up":[{"embeddable":true,"href":"https:\/\/caswe-acfts.ca\/fr\/wp-json\/wp\/v2\/pages\/37408"}],"wp:featuredmedia":[{"embeddable":true,"href":"https:\/\/caswe-acfts.ca\/fr\/wp-json\/wp\/v2\/media\/40879"}],"wp:attachment":[{"href":"https:\/\/caswe-acfts.ca\/fr\/wp-json\/wp\/v2\/media?parent=37450"}],"curies":[{"name":"wp","href":"https:\/\/api.w.org\/{rel}","templated":true}]}}