{"id":37475,"date":"2021-08-31T19:40:08","date_gmt":"2021-08-31T23:40:08","guid":{"rendered":"https:\/\/caswe-acfts.ca\/?page_id=37475"},"modified":"2025-05-29T17:25:26","modified_gmt":"2025-05-29T21:25:26","slug":"caucus-des-personnes-vivant-avec-un-handicap","status":"publish","type":"page","link":"https:\/\/caswe-acfts.ca\/fr\/profil\/caucus\/caucus-des-personnes-vivant-avec-un-handicap\/","title":{"rendered":"Caucus des personnes vivant avec un handicap"},"content":{"rendered":"\t\t<div data-elementor-type=\"wp-page\" data-elementor-id=\"37475\" class=\"elementor elementor-37475 elementor-1023\" data-elementor-post-type=\"page\">\n\t\t\t\t\t\t<section class=\"elementor-section elementor-top-section elementor-element elementor-element-30257cf elementor-section-full_width elementor-section-content-top elementor-section-height-default elementor-section-height-default\" data-id=\"30257cf\" data-element_type=\"section\" data-e-type=\"section\" data-settings=\"{&quot;background_background&quot;:&quot;classic&quot;}\">\n\t\t\t\t\t\t<div class=\"elementor-container elementor-column-gap-wide\">\n\t\t\t\t\t<div class=\"elementor-column elementor-col-100 elementor-top-column elementor-element elementor-element-496e313\" data-id=\"496e313\" data-element_type=\"column\" data-e-type=\"column\">\n\t\t\t<div class=\"elementor-widget-wrap elementor-element-populated\">\n\t\t\t\t\t\t\t<\/div>\n\t\t<\/div>\n\t\t\t\t\t<\/div>\n\t\t<\/section>\n\t\t\t\t<section class=\"elementor-section elementor-top-section elementor-element elementor-element-42825a48 elementor-section-boxed elementor-section-height-default elementor-section-height-default\" data-id=\"42825a48\" data-element_type=\"section\" data-e-type=\"section\">\n\t\t\t\t\t\t<div class=\"elementor-container elementor-column-gap-default\">\n\t\t\t\t\t<div class=\"elementor-column elementor-col-100 elementor-top-column elementor-element elementor-element-4d6e351d\" data-id=\"4d6e351d\" data-element_type=\"column\" data-e-type=\"column\">\n\t\t\t<div class=\"elementor-widget-wrap elementor-element-populated\">\n\t\t\t\t\t\t<div class=\"elementor-element elementor-element-28443fbc elementor-widget elementor-widget-heading\" data-id=\"28443fbc\" data-element_type=\"widget\" data-e-type=\"widget\" data-widget_type=\"heading.default\">\n\t\t\t\t<div class=\"elementor-widget-container\">\n\t\t\t\t\t<h2 class=\"elementor-heading-title elementor-size-default\">G\u00e9n\u00e9ral<\/h2>\t\t\t\t<\/div>\n\t\t\t\t<\/div>\n\t\t\t\t<div class=\"elementor-element elementor-element-17ada646 elementor-widget elementor-widget-text-editor\" data-id=\"17ada646\" data-element_type=\"widget\" data-e-type=\"widget\" data-widget_type=\"text-editor.default\">\n\t\t\t\t<div class=\"elementor-widget-container\">\n\t\t\t\t\t\t\t\t\t<p>Les copr\u00e9sidentes du Caucus des personnes vivant avec un handicap sont <a href=\"agoulden@mun.ca\">Ami Goulden,<\/a>\u00a0<a href=\"mailto:camckenzie@wlu.ca\">Cameron McKenzie<\/a> et <a href=\"rcsingh@mun.ca\">Rose Singh.<\/a><\/p><p>Le caucus des personnes vivant avec un handicap de CASWE-ACFTS est une organisation de base cr\u00e9\u00e9e en 1993. Le caucus est l\u2019aboutissement d\u2019une conf\u00e9rence de deux jours sur l\u2019absence de programmes et de recherches sur les personnes vivant avec ou sans handicap dans les \u00e9coles de travail social canadiennes (Carter, Hanes &amp; MacDonald, 2012). Ces th\u00e8mes demeurent d\u2019actualit\u00e9 en 2018, au m\u00eame titre que l\u2019acc\u00e8s, l\u2019int\u00e9grit\u00e9 et l\u2019accommodement pour les membres du personnel et les \u00e9tudiants vivant avec un handicap. Le caucus offre \u00e9galement une tribune o\u00f9 les membres peuvent parler de leurs exp\u00e9riences en mati\u00e8re de discrimination fond\u00e9e sur la capacit\u00e9 physique, \u00eatre compris et accept\u00e9s, et recevoir un soutien strat\u00e9gique pour lutter contre la discrimination et les omissions. Le caucus r\u00e9unit des membres du corps enseignant et des \u00e9tudiants vivant avec et sans handicap d\u2019\u00e9coles canadiennes de travail social. Nous sommes toujours \u00e0 la recherche de nouveaux membres, de gens qui s\u2019int\u00e9ressent \u00e0 la question ou qui ont v\u00e9cu des exp\u00e9riences de discrimination fond\u00e9e sur le handicap. Le caucus se r\u00e9unit en personne une fois l\u2019an, dans le cadre de la Conf\u00e9rence du CRSH \u00e0 la fin mai. Les membres demeurent en contact au cours de l\u2019ann\u00e9e, soit par Teams ou Zoom, pour collaborer \u00e0 diff\u00e9rents projets qui ont pour but ultime de faire valoir les droits des personnes vivant avec ou sans handicap et militer pour l\u2019acc\u00e8s et l\u2019int\u00e9gration dans la soci\u00e9t\u00e9.<\/p><p><em>La d\u00e9fense des droits\u00a0<\/em>et<em>\u00a0le lobbyisme\u00a0<\/em>sont des constantes pour le caucus. Nous avons \u00e9tabli des strat\u00e9gies avec d\u2019autres caucus \u00e0 plusieurs reprises depuis la cr\u00e9ation du caucus afin de pr\u00e9senter une perspective progressiste de base aux d\u00e9bats de l\u2019assembl\u00e9e g\u00e9n\u00e9rale annuelle de CASWE-ACFTS, que ce soit pour bloquer l\u2019adoption d\u2019une politique de pertinence professionnelle qui d\u00e9savantage les \u00e9tudiants vivant avec ou sans handicap ou pour renforcer les normes d\u2019agr\u00e9ment dans les domaines de la diversit\u00e9 et de l\u2019int\u00e9gration. Par exemple, le caucus des personnes vivant avec un handicap a exerc\u00e9 des pressions aupr\u00e8s du caucus \u00e9tudiant en 2003 afin de bloquer l\u2019adoption de la politique de pertinence professionnelle recommand\u00e9e par le comit\u00e9 des politiques p\u00e9dagogiques. \u00c0 force d\u2019exercer des pressions continues en 2006, un membre du caucus des personnes vivant avec un handicap a \u00e9t\u00e9 invit\u00e9 \u00e0 si\u00e9ger au comit\u00e9 des politiques p\u00e9dagogiques et une d\u00e9claration de politique p\u00e9dagogique sur les handicaps a \u00e9t\u00e9 pr\u00e9sent\u00e9e \u00e0 l\u2019AGA l\u2019ann\u00e9e suivante, dans laquelle on pouvait lire que les \u00e9coles r\u00e9pondraient aux besoins des membres du personnel enseignant, des \u00e9tudiants et des membres du personnel vivant avec un handicap\u2026. (Politique p\u00e9dagogique 1.8 de 2007). La d\u00e9claration de politique p\u00e9dagogique sur les handicaps a pr\u00e9par\u00e9 le terrain pour la norme d\u2019accr\u00e9ditation (2008) du programme sur les personnes vivant avec un handicap, l\u2019acc\u00e8s et l\u2019accommodement.<\/p><p>Le caucus s\u2019int\u00e9resse aussi \u00e0 l\u2019\u00e9ducation par la sensibilisation \u00e0 la discrimination fond\u00e9e sur le handicap et la prise en compte de pratiques d\u2019int\u00e9gration. Le caucus a pr\u00e9sent\u00e9 un\u00a0<em>forum sur les handicaps<\/em>\u00a0en 2004 portant sur l\u2019acc\u00e8s et l\u2019int\u00e9gration. \u00c0 l\u2019issue du forum, le caucus a produit une trousse p\u00e9dagogique sur la\u00a0<em>promotion de l\u2019int\u00e9gration des personnes vivant avec un handicap dans les \u00e9coles de travail social canadiennes<\/em>\u00a0(2006) qui comprenait une vid\u00e9o de la pr\u00e9sentation du groupe de discussion au forum, de l\u2019information sur les accommodements et un cahier d\u2019exercices ayant pour but d\u2019encadrer les \u00e9coles dans la r\u00e9vision de l\u2019int\u00e9gration des personnes vivant avec un handicap. Cette trousse p\u00e9dagogique a \u00e9t\u00e9 distribu\u00e9e \u00e0 toutes les \u00e9coles de travail social canadiennes.<\/p><p>La\u00a0<em>recherche<\/em> a retenu l\u2019attention au cours des derni\u00e8res ann\u00e9es.\u00a0 Nous avons men\u00e9 des sondages dans les \u00e9coles de travail social canadiennes en 2003 (Dunn, Hanes, Hardie, &amp; MacDonald, 2006) et de nouveau en 2010 (Carter, Hanes &amp; MacDonald, 2012), afin de conna\u00eetre leurs politiques, leurs pratiques et leurs enseignements en mati\u00e8re de personnes vivant avec un handicap. Le caucus a ensuite adapt\u00e9 le questionnaire afin de le distribuer dans les \u00e9coles de travail social des \u00c9tats-Unis (Hanes, Carter, MacDonald, &amp; McMurphy, 2014),du Royaume-Uni (MacDonald, Carter, Hanes, McMurphy &amp; Skinner, 2014) et de l&rsquo;Australie (Carter, Hanes &amp; MacDonald, 2021).\u00a0<\/p><p>Le caucus r\u00e9unit les membres du personnel enseignant, les \u00e9tudiants et leurs alli\u00e9s vivant avec un handicap engag\u00e9s envers le but commun de sensibiliser les gens \u00e0 la discrimination fond\u00e9e sur le handicap tout en reconnaissant la responsabilit\u00e9 du travail social d\u2019\u00e9radiquer l\u2019oppression \u00e0 l\u2019\u00e9gard des personnes vivant avec un handicap. Soyez des n\u00f4tres \u00e0 Regina pour nous aider \u00e0 d\u00e9finir les directives du caucus.<\/p><p>R\u00e9f\u00e9rences :<\/p><p>Carter, I., Hanes, R. and MacDonald, J.\u00a0 (2012). Trials and Tribulations of the Persons with Disability Caucus of the Canadian Association for Social Work Education.\u00a0\u00a0<em>Canadian Disabilities Studies Journal, 1<\/em>(1), 109 \u2013 142.<\/p><p>Dunn, P. Hanes, R., Hardie, S. &amp; MacDonald, J. (2006). Creating disability inclusion within Canadian schools of social work. Journal of Social Work in Disability and Rehabilitation, 5(1), 1-19.<\/p><p>MacDonald, J., Carter, I., Hanes, R., Skinner, S., and McMurphy, S.\u00a0 (2014).\u00a0 Disability and Social Work Education in the United Kingdom.\u00a0\u00a0<em>Canadian Disability Studies Journal, 3<\/em>(3), 53 \u2013 82.<\/p><p>Hanes, R., Carter, I., MacDonald, J., McMurphy, S., and Skinner, S. (2014).\u00a0 Exploring Social Work and Disability in U.S. Schools of Social Work.\u00a0\u00a0<em>Professional Development:\u00a0 International Journal of Social Work Education, 17<\/em>(2), 5 \u2013 28.<em>\u00a0<\/em><\/p>\t\t\t\t\t\t\t\t<\/div>\n\t\t\t\t<\/div>\n\t\t\t\t\t<\/div>\n\t\t<\/div>\n\t\t\t\t\t<\/div>\n\t\t<\/section>\n\t\t\t\t<section class=\"elementor-section elementor-top-section elementor-element elementor-element-5f1f6a90 elementor-section-boxed elementor-section-height-default elementor-section-height-default\" data-id=\"5f1f6a90\" data-element_type=\"section\" data-e-type=\"section\" data-settings=\"{&quot;background_background&quot;:&quot;classic&quot;}\">\n\t\t\t\t\t\t<div class=\"elementor-container elementor-column-gap-default\">\n\t\t\t\t\t<div class=\"elementor-column elementor-col-50 elementor-top-column elementor-element elementor-element-72665a54\" data-id=\"72665a54\" data-element_type=\"column\" data-e-type=\"column\">\n\t\t\t<div class=\"elementor-widget-wrap elementor-element-populated\">\n\t\t\t\t\t\t<div class=\"elementor-element elementor-element-7f5c7b8b elementor-widget elementor-widget-heading\" data-id=\"7f5c7b8b\" data-element_type=\"widget\" data-e-type=\"widget\" data-widget_type=\"heading.default\">\n\t\t\t\t<div class=\"elementor-widget-container\">\n\t\t\t\t\t<h3 class=\"elementor-heading-title elementor-size-default\">Rapports annuels<\/h3>\t\t\t\t<\/div>\n\t\t\t\t<\/div>\n\t\t\t\t<div class=\"elementor-element elementor-element-4f231b95 elementor-align-start elementor-mobile-align-start elementor-icon-list--layout-traditional elementor-list-item-link-full_width elementor-widget elementor-widget-icon-list\" data-id=\"4f231b95\" data-element_type=\"widget\" data-e-type=\"widget\" data-widget_type=\"icon-list.default\">\n\t\t\t\t<div class=\"elementor-widget-container\">\n\t\t\t\t\t\t\t<ul class=\"elementor-icon-list-items\">\n\t\t\t\t\t\t\t<li class=\"elementor-icon-list-item\">\n\t\t\t\t\t\t\t\t\t\t\t<a href=\"https:\/\/caswe-acfts.ca\/wp-content\/uploads\/2023\/08\/FINAL-VERSION-CASWE-Disability-Caucus-Report-2022-2023-English.pdf\" target=\"_blank\">\n\n\t\t\t\t\t\t\t\t\t\t\t\t<span class=\"elementor-icon-list-icon\">\n\t\t\t\t\t\t\t<i aria-hidden=\"true\" class=\"fas fa-file-download\"><\/i>\t\t\t\t\t\t<\/span>\n\t\t\t\t\t\t\t\t\t\t<span class=\"elementor-icon-list-text\">2022-2023 Rapport annuel<\/span>\n\t\t\t\t\t\t\t\t\t\t\t<\/a>\n\t\t\t\t\t\t\t\t\t<\/li>\n\t\t\t\t\t\t\t\t<li class=\"elementor-icon-list-item\">\n\t\t\t\t\t\t\t\t\t\t\t<a href=\"https:\/\/caswe-acfts.ca\/wp-content\/uploads\/2022\/08\/FR-disAbility-Caucus-Annual-Report-2021-2022.pdf\" target=\"_blank\">\n\n\t\t\t\t\t\t\t\t\t\t\t\t<span class=\"elementor-icon-list-icon\">\n\t\t\t\t\t\t\t<i aria-hidden=\"true\" class=\"fas fa-file-download\"><\/i>\t\t\t\t\t\t<\/span>\n\t\t\t\t\t\t\t\t\t\t<span class=\"elementor-icon-list-text\">2021-2022 Rapport annuel<\/span>\n\t\t\t\t\t\t\t\t\t\t\t<\/a>\n\t\t\t\t\t\t\t\t\t<\/li>\n\t\t\t\t\t\t\t\t<li class=\"elementor-icon-list-item\">\n\t\t\t\t\t\t\t\t\t\t\t<a href=\"https:\/\/view.officeapps.live.com\/op\/view.aspx?src=https%3A%2F%2Fcaswe-acfts.ca%2Fwp-content%2Fuploads%2F2021%2F09%2FFR-disAbility-Caucus-Annual-Report-2020-2021-1.docx&#038;wdOrigin=BROWSELINK\" target=\"_blank\">\n\n\t\t\t\t\t\t\t\t\t\t\t\t<span class=\"elementor-icon-list-icon\">\n\t\t\t\t\t\t\t<i aria-hidden=\"true\" class=\"fas fa-file-download\"><\/i>\t\t\t\t\t\t<\/span>\n\t\t\t\t\t\t\t\t\t\t<span class=\"elementor-icon-list-text\">2020-2021 Rapport annuel<\/span>\n\t\t\t\t\t\t\t\t\t\t\t<\/a>\n\t\t\t\t\t\t\t\t\t<\/li>\n\t\t\t\t\t\t\t\t<li class=\"elementor-icon-list-item\">\n\t\t\t\t\t\t\t\t\t\t\t<span class=\"elementor-icon-list-icon\">\n\t\t\t\t\t\t\t<i aria-hidden=\"true\" class=\"fas fa-file-download\"><\/i>\t\t\t\t\t\t<\/span>\n\t\t\t\t\t\t\t\t\t\t<span class=\"elementor-icon-list-text\">2019-2020 Rapport annuel<\/span>\n\t\t\t\t\t\t\t\t\t<\/li>\n\t\t\t\t\t\t\t\t<li class=\"elementor-icon-list-item\">\n\t\t\t\t\t\t\t\t\t\t\t<a href=\"https:\/\/caswe-acfts.ca\/wp-content\/uploads\/2021\/09\/CASWE_fr_Disability-Caucus-Report-2019-4.pdf\" target=\"_blank\">\n\n\t\t\t\t\t\t\t\t\t\t\t\t<span class=\"elementor-icon-list-icon\">\n\t\t\t\t\t\t\t<i aria-hidden=\"true\" class=\"fas fa-file-download\"><\/i>\t\t\t\t\t\t<\/span>\n\t\t\t\t\t\t\t\t\t\t<span class=\"elementor-icon-list-text\">2018-2019 Rapport annuel<\/span>\n\t\t\t\t\t\t\t\t\t\t\t<\/a>\n\t\t\t\t\t\t\t\t\t<\/li>\n\t\t\t\t\t\t\t\t<li class=\"elementor-icon-list-item\">\n\t\t\t\t\t\t\t\t\t\t\t<a href=\"\/wp-content\/uploads\/2021\/09\/CASWE_fr_2017-2018-Annual-report-Persons-with-disability-caucus-2018-3.pdf\" target=\"_blank\">\n\n\t\t\t\t\t\t\t\t\t\t\t\t<span class=\"elementor-icon-list-icon\">\n\t\t\t\t\t\t\t<i aria-hidden=\"true\" class=\"fas fa-file-download\"><\/i>\t\t\t\t\t\t<\/span>\n\t\t\t\t\t\t\t\t\t\t<span class=\"elementor-icon-list-text\">2017-2018 Rapport annuel<\/span>\n\t\t\t\t\t\t\t\t\t\t\t<\/a>\n\t\t\t\t\t\t\t\t\t<\/li>\n\t\t\t\t\t\t\t\t<li class=\"elementor-icon-list-item\">\n\t\t\t\t\t\t\t\t\t\t\t<a href=\"\/wp-content\/uploads\/2021\/09\/CASWE_Fr-2016-2017-Disability-Caucus-Annual-Report.pdf\" target=\"_blank\">\n\n\t\t\t\t\t\t\t\t\t\t\t\t<span class=\"elementor-icon-list-icon\">\n\t\t\t\t\t\t\t<i aria-hidden=\"true\" class=\"fas fa-file-download\"><\/i>\t\t\t\t\t\t<\/span>\n\t\t\t\t\t\t\t\t\t\t<span class=\"elementor-icon-list-text\"> 2016-2017 Rapport annuel<\/span>\n\t\t\t\t\t\t\t\t\t\t\t<\/a>\n\t\t\t\t\t\t\t\t\t<\/li>\n\t\t\t\t\t\t\t\t<li class=\"elementor-icon-list-item\">\n\t\t\t\t\t\t\t\t\t\t\t<a href=\"\/wp-content\/uploads\/2021\/09\/Disability-Caucus-_fr.pdf\" target=\"_blank\">\n\n\t\t\t\t\t\t\t\t\t\t\t\t<span class=\"elementor-icon-list-icon\">\n\t\t\t\t\t\t\t<i aria-hidden=\"true\" class=\"fas fa-file-download\"><\/i>\t\t\t\t\t\t<\/span>\n\t\t\t\t\t\t\t\t\t\t<span class=\"elementor-icon-list-text\"> 2015-2016 Rapport annuel<\/span>\n\t\t\t\t\t\t\t\t\t\t\t<\/a>\n\t\t\t\t\t\t\t\t\t<\/li>\n\t\t\t\t\t\t\t\t<li class=\"elementor-icon-list-item\">\n\t\t\t\t\t\t\t\t\t\t\t<a href=\"\/wp-content\/uploads\/2021\/09\/Caucus-des-personnes-vivant-avec-un-handicap.rapport-annuel..pdf\" target=\"_blank\">\n\n\t\t\t\t\t\t\t\t\t\t\t\t<span class=\"elementor-icon-list-icon\">\n\t\t\t\t\t\t\t<i aria-hidden=\"true\" class=\"fas fa-file-download\"><\/i>\t\t\t\t\t\t<\/span>\n\t\t\t\t\t\t\t\t\t\t<span class=\"elementor-icon-list-text\"> 2014-2015 Rapport annuel<\/span>\n\t\t\t\t\t\t\t\t\t\t\t<\/a>\n\t\t\t\t\t\t\t\t\t<\/li>\n\t\t\t\t\t\t\t\t<li class=\"elementor-icon-list-item\">\n\t\t\t\t\t\t\t\t\t\t\t<a href=\"\/wp-content\/uploads\/2021\/09\/Fr.Website.Caucus-des-personnes-vivant-avec-un-handicap.rapport-annuel.pdf\" target=\"_blank\">\n\n\t\t\t\t\t\t\t\t\t\t\t\t<span class=\"elementor-icon-list-icon\">\n\t\t\t\t\t\t\t<i aria-hidden=\"true\" class=\"fas fa-file-download\"><\/i>\t\t\t\t\t\t<\/span>\n\t\t\t\t\t\t\t\t\t\t<span class=\"elementor-icon-list-text\"> 2013-2014 Rapport annuel<\/span>\n\t\t\t\t\t\t\t\t\t\t\t<\/a>\n\t\t\t\t\t\t\t\t\t<\/li>\n\t\t\t\t\t\t<\/ul>\n\t\t\t\t\t\t<\/div>\n\t\t\t\t<\/div>\n\t\t\t\t\t<\/div>\n\t\t<\/div>\n\t\t\t\t<div class=\"elementor-column elementor-col-50 elementor-top-column elementor-element elementor-element-40316f3a\" data-id=\"40316f3a\" data-element_type=\"column\" data-e-type=\"column\">\n\t\t\t<div class=\"elementor-widget-wrap\">\n\t\t\t\t\t\t\t<\/div>\n\t\t<\/div>\n\t\t\t\t\t<\/div>\n\t\t<\/section>\n\t\t\t\t<\/div>\n\t\t","protected":false},"excerpt":{"rendered":"<p>G\u00e9n\u00e9ral Les copr\u00e9sidentes du Caucus des personnes vivant avec un handicap sont Ami Goulden,\u00a0Cameron McKenzie et Rose Singh. Le caucus des personnes vivant avec un handicap de CASWE-ACFTS est une organisation de base cr\u00e9\u00e9e en 1993. Le caucus est l\u2019aboutissement d\u2019une conf\u00e9rence de deux jours sur l\u2019absence de programmes et de recherches sur les personnes [&hellip;]<\/p>\n","protected":false},"author":2,"featured_media":40879,"parent":37460,"menu_order":2,"comment_status":"closed","ping_status":"closed","template":"","meta":{"_acf_changed":false,"_seopress_robots_primary_cat":"","_seopress_titles_title":"","_seopress_titles_desc":"","_seopress_robots_index":"","site-sidebar-layout":"no-sidebar","site-content-layout":"page-builder","ast-site-content-layout":"default","site-content-style":"default","site-sidebar-style":"default","ast-global-header-display":"","ast-banner-title-visibility":"","ast-main-header-display":"","ast-hfb-above-header-display":"","ast-hfb-below-header-display":"","ast-hfb-mobile-header-display":"","site-post-title":"disabled","ast-breadcrumbs-content":"","ast-featured-img":"disabled","footer-sml-layout":"","ast-disable-related-posts":"","theme-transparent-header-meta":"default","adv-header-id-meta":"","stick-header-meta":"","header-above-stick-meta":"","header-main-stick-meta":"","header-below-stick-meta":"","astra-migrate-meta-layouts":"default","ast-page-background-enabled":"default","ast-page-background-meta":{"desktop":{"background-color":"","background-image":"","background-repeat":"repeat","background-position":"center center","background-size":"auto","background-attachment":"scroll","background-type":"","background-media":"","overlay-type":"","overlay-color":"","overlay-opacity":"","overlay-gradient":""},"tablet":{"background-color":"","background-image":"","background-repeat":"repeat","background-position":"center center","background-size":"auto","background-attachment":"scroll","background-type":"","background-media":"","overlay-type":"","overlay-color":"","overlay-opacity":"","overlay-gradient":""},"mobile":{"background-color":"","background-image":"","background-repeat":"repeat","background-position":"center center","background-size":"auto","background-attachment":"scroll","background-type":"","background-media":"","overlay-type":"","overlay-color":"","overlay-opacity":"","overlay-gradient":""}},"ast-content-background-meta":{"desktop":{"background-color":"var(--ast-global-color-5)","background-image":"","background-repeat":"repeat","background-position":"center center","background-size":"auto","background-attachment":"scroll","background-type":"","background-media":"","overlay-type":"","overlay-color":"","overlay-opacity":"","overlay-gradient":""},"tablet":{"background-color":"var(--ast-global-color-5)","background-image":"","background-repeat":"repeat","background-position":"center center","background-size":"auto","background-attachment":"scroll","background-type":"","background-media":"","overlay-type":"","overlay-color":"","overlay-opacity":"","overlay-gradient":""},"mobile":{"background-color":"var(--ast-global-color-5)","background-image":"","background-repeat":"repeat","background-position":"center center","background-size":"auto","background-attachment":"scroll","background-type":"","background-media":"","overlay-type":"","overlay-color":"","overlay-opacity":"","overlay-gradient":""}},"footnotes":""},"class_list":["post-37475","page","type-page","status-publish","has-post-thumbnail","hentry"],"acf":[],"_links":{"self":[{"href":"https:\/\/caswe-acfts.ca\/fr\/wp-json\/wp\/v2\/pages\/37475","targetHints":{"allow":["GET"]}}],"collection":[{"href":"https:\/\/caswe-acfts.ca\/fr\/wp-json\/wp\/v2\/pages"}],"about":[{"href":"https:\/\/caswe-acfts.ca\/fr\/wp-json\/wp\/v2\/types\/page"}],"author":[{"embeddable":true,"href":"https:\/\/caswe-acfts.ca\/fr\/wp-json\/wp\/v2\/users\/2"}],"replies":[{"embeddable":true,"href":"https:\/\/caswe-acfts.ca\/fr\/wp-json\/wp\/v2\/comments?post=37475"}],"version-history":[{"count":19,"href":"https:\/\/caswe-acfts.ca\/fr\/wp-json\/wp\/v2\/pages\/37475\/revisions"}],"predecessor-version":[{"id":48062,"href":"https:\/\/caswe-acfts.ca\/fr\/wp-json\/wp\/v2\/pages\/37475\/revisions\/48062"}],"up":[{"embeddable":true,"href":"https:\/\/caswe-acfts.ca\/fr\/wp-json\/wp\/v2\/pages\/37460"}],"wp:featuredmedia":[{"embeddable":true,"href":"https:\/\/caswe-acfts.ca\/fr\/wp-json\/wp\/v2\/media\/40879"}],"wp:attachment":[{"href":"https:\/\/caswe-acfts.ca\/fr\/wp-json\/wp\/v2\/media?parent=37475"}],"curies":[{"name":"wp","href":"https:\/\/api.w.org\/{rel}","templated":true}]}}