{"id":37534,"date":"2021-08-31T19:54:20","date_gmt":"2021-08-31T23:54:20","guid":{"rendered":"https:\/\/caswe-acfts.ca\/?page_id=37534"},"modified":"2026-01-30T17:37:45","modified_gmt":"2026-01-30T22:37:45","slug":"concours-etudiant","status":"publish","type":"page","link":"https:\/\/caswe-acfts.ca\/fr\/nos-activites\/journal\/concours-etudiant\/","title":{"rendered":"Concours \u00e9tudiant"},"content":{"rendered":"\t\t<div data-elementor-type=\"wp-page\" data-elementor-id=\"37534\" class=\"elementor elementor-37534 elementor-36826\" data-elementor-post-type=\"page\">\n\t\t\t\t\t\t<section class=\"elementor-section elementor-top-section elementor-element elementor-element-2a135ac8 elementor-section-full_width elementor-section-content-top elementor-section-height-default elementor-section-height-default\" data-id=\"2a135ac8\" data-element_type=\"section\" data-e-type=\"section\" data-settings=\"{&quot;background_background&quot;:&quot;classic&quot;}\">\n\t\t\t\t\t\t<div class=\"elementor-container elementor-column-gap-wide\">\n\t\t\t\t\t<div class=\"elementor-column elementor-col-100 elementor-top-column elementor-element elementor-element-6d0f9774\" data-id=\"6d0f9774\" data-element_type=\"column\" data-e-type=\"column\">\n\t\t\t<div class=\"elementor-widget-wrap elementor-element-populated\">\n\t\t\t\t\t\t\t<\/div>\n\t\t<\/div>\n\t\t\t\t\t<\/div>\n\t\t<\/section>\n\t\t\t\t<section class=\"elementor-section elementor-top-section elementor-element elementor-element-139e8507 elementor-section-boxed elementor-section-height-default elementor-section-height-default\" data-id=\"139e8507\" data-element_type=\"section\" data-e-type=\"section\">\n\t\t\t\t\t\t<div class=\"elementor-container elementor-column-gap-default\">\n\t\t\t\t\t<div class=\"elementor-column elementor-col-100 elementor-top-column elementor-element elementor-element-14ae9f12\" data-id=\"14ae9f12\" data-element_type=\"column\" data-e-type=\"column\">\n\t\t\t<div class=\"elementor-widget-wrap elementor-element-populated\">\n\t\t\t\t\t\t<div class=\"elementor-element elementor-element-19ddb6a elementor-widget elementor-widget-heading\" data-id=\"19ddb6a\" data-element_type=\"widget\" data-e-type=\"widget\" data-widget_type=\"heading.default\">\n\t\t\t\t<div class=\"elementor-widget-container\">\n\t\t\t\t\t<h2 class=\"elementor-heading-title elementor-size-default\">Concours \u00e9tudiant 2026<\/h2>\t\t\t\t<\/div>\n\t\t\t\t<\/div>\n\t\t\t\t<section class=\"elementor-section elementor-inner-section elementor-element elementor-element-d7192a5 elementor-section-boxed elementor-section-height-default elementor-section-height-default\" data-id=\"d7192a5\" data-element_type=\"section\" data-e-type=\"section\">\n\t\t\t\t\t\t<div class=\"elementor-container elementor-column-gap-default\">\n\t\t\t\t\t<div class=\"elementor-column elementor-col-50 elementor-inner-column elementor-element elementor-element-e381923\" data-id=\"e381923\" data-element_type=\"column\" data-e-type=\"column\">\n\t\t\t<div class=\"elementor-widget-wrap elementor-element-populated\">\n\t\t\t\t\t\t<div class=\"elementor-element elementor-element-08ed6eb elementor-widget elementor-widget-text-editor\" data-id=\"08ed6eb\" data-element_type=\"widget\" data-e-type=\"widget\" data-widget_type=\"text-editor.default\">\n\t\t\t\t<div class=\"elementor-widget-container\">\n\t\t\t\t\t\t\t\t\t<p>La\u00a0<i>Revue canadienne de service social<\/i>\u00a0invite les \u00e9tudiant(e)s en travail social des universit\u00e9s canadiennes \u00e0 soumettre un article \u00e0 son concours \u00e9tudiant (maximum d\u2019un article par \u00e9tudiant.e). Apr\u00e8s une \u00e9valuation anonyme par les membres du comit\u00e9 de r\u00e9daction des articles re\u00e7us, les meilleurs seront publi\u00e9s dans un num\u00e9ro futur de la revue. Les articles peuvent \u00eatre soumis en anglais ou en fran\u00e7ais et doivent comprendre entre 4 500 et 6 000 mots. Les textes doivent \u00eatre \u00e9crits par des \u00e9tudiant.e.s actuellement inscrits dans un programme de travail social canadien ou par des dipl\u00f4m\u00e9.e.s r\u00e9cents de ces programmes (dans les quatre\u00a0 mois pr\u00e9c\u00e9dents la date limite du\u00a0<b>30 juin 2026<\/b>). Nous encourageons particuli\u00e8rement les \u00e9tudiant.e.s au doctorat \u00e0 participer, mais les \u00e9tudiant.e.s au baccalaur\u00e9at et \u00e0 la ma\u00eetrise en travail social sont \u00e9galement les bienvenus.\u00a0<\/p><p>Pour de plus amples informations, vous pouvez consulter les\u00a0<a href=\"https:\/\/caswe-acfts.ca\/fr\/nos-activites\/journal\/concours-etudiant\/directives-pour-le-concours-etudiant-de-manuscrits-de-la-rcss\/\">directives pour le concours \u00e9tudiant<\/a>.\u00a0<\/p><p>\u00a0<\/p>\t\t\t\t\t\t\t\t<\/div>\n\t\t\t\t<\/div>\n\t\t\t\t\t<\/div>\n\t\t<\/div>\n\t\t\t\t<div class=\"elementor-column elementor-col-50 elementor-inner-column elementor-element elementor-element-32de0a8\" data-id=\"32de0a8\" data-element_type=\"column\" data-e-type=\"column\">\n\t\t\t<div class=\"elementor-widget-wrap elementor-element-populated\">\n\t\t\t\t\t\t<div class=\"elementor-element elementor-element-c601daa elementor-widget elementor-widget-image\" data-id=\"c601daa\" data-element_type=\"widget\" data-e-type=\"widget\" data-widget_type=\"image.default\">\n\t\t\t\t<div class=\"elementor-widget-container\">\n\t\t\t\t\t\t\t\t\t\t\t\t\t\t\t<img decoding=\"async\" src=\"https:\/\/caswe-acfts.ca\/wp-content\/uploads\/elementor\/thumbs\/CONCOURS-ETUDIANT-2026-1-rifrh2xk3rhxdz9ef12xkqtvytyttr2h9az3b2g3a8.png\" title=\"C\u0327ONCOURS E\u0301TUDIANT 2026\" alt=\"C\u0327ONCOURS E\u0301TUDIANT 2026\" loading=\"lazy\" \/>\t\t\t\t\t\t\t\t\t\t\t\t\t\t\t<\/div>\n\t\t\t\t<\/div>\n\t\t\t\t\t<\/div>\n\t\t<\/div>\n\t\t\t\t\t<\/div>\n\t\t<\/section>\n\t\t\t\t<div class=\"elementor-element elementor-element-43688fff elementor-widget elementor-widget-text-editor\" data-id=\"43688fff\" data-element_type=\"widget\" data-e-type=\"widget\" data-widget_type=\"text-editor.default\">\n\t\t\t\t<div class=\"elementor-widget-container\">\n\t\t\t\t\t\t\t\t\t<p><b style=\"font-style: inherit;\">Nous sommes \u00e0 la recherche d\u2019articles qui respectent l\u2019\u00e9nonc\u00e9 de mission de la revue\u00a0<\/b><span style=\"font-style: inherit; font-weight: inherit;\">:<\/span><\/p><ul><li>Les textes doivent contribuer \u00e0 enrichir ou \u00e0 remettre en question les connaissances actuelles et faire progresser la recherche, la pratique ou la formation en travail social. Pour \u00eatre admissibles, les articles doivent avoir des implications pertinentes au domaine du travail social<i>.<\/i><\/li><li>Les articles doivent \u00eatre issus de recherches originales ou pr\u00e9senter une analyse critique d\u2019un sujet choisi.<\/li><li>Le style et le contenu des articles doivent respecter les exigences d\u2019une publication acad\u00e9mique et les articles doivent \u00eatre plus substantiels que les extraits d\u2019une th\u00e8se ou d\u2019un manuscrit pr\u00e9par\u00e9 \u00e0 d\u2019autres fins.<\/li><li>Les articles gagnants devront respecter les normes minimales g\u00e9n\u00e9ralement accept\u00e9es pour une publication \u00e9tudiante dans une revue scientifique.<\/li><\/ul><p><b>Les \u00e9tudiants et les \u00e9tudiantes qui soumettront des articles devront :<\/b><\/p><ul><li>inclure une page couverture indiquant les coordonn\u00e9es de l\u2019auteur.e, une adresse permanente (pas une r\u00e9sidence universitaire), le niveau d\u2019\u00e9tude, ainsi que le nombre\u00a0 mots du texte, en excluant les r\u00e9f\u00e9rences (l\u2019identit\u00e9 de l\u2019auteur ne doit pas appara\u00eetre dans le corps du texte);<\/li><li>s\u2019assurer que leur manuscrit est anonymis\u00e9, c\u2019est-\u00e0-dire qu\u2019il ne contient pas d\u2019information permettant d\u2019identifier l\u2019auteur.e;<\/li><li>inclure un r\u00e9sum\u00e9 d\u2019un maximum de 200 mots;<\/li><li>utiliser le format APA pour les r\u00e9f\u00e9rences.<\/li><\/ul><p><b>Les articles soumis seront \u00e9valu\u00e9s selon les crit\u00e8res suivants :<\/b><\/p><ul><li>L\u2019article est-il bas\u00e9 sur une recherche in\u00e9dite ou sur une analyse critique qui enrichit ou interpelle les connaissances actuelles dans le domaine qui fait l\u2019objet de l\u2019\u00e9tude?<\/li><li>Le style, la structure et la m\u00e9thodologie, s\u2019il y a lieu, sont-ils conformes aux normes habituelles d\u2019\u00e9criture?<\/li><li>Le th\u00e8me ou le sujet sont-ils bien trait\u00e9s? Les concepts sont-ils clairement d\u00e9finis et la litt\u00e9rature sur le sujet est-elle bien exploit\u00e9e? Les conclusions s\u2019appuient-elles suffisamment sur les r\u00e9sultats ou sur l\u2019analyse pr\u00e9sent\u00e9e dans la discussion des donn\u00e9es?<\/li><\/ul><p>On demandera aux gagnant.e.s de fournir la version finale r\u00e9vis\u00e9e de leur article \u00e0 une date pr\u00e9cise conform\u00e9ment aux \u00e9ch\u00e9ances de publication de la revue.\u00a0<b>Les articles ayant d\u00e9j\u00e0 fait l\u2019objet d\u2019une publication ant\u00e9rieure ne seront pas accept\u00e9s.<\/b><\/p>\t\t\t\t\t\t\t\t<\/div>\n\t\t\t\t<\/div>\n\t\t\t\t\t<\/div>\n\t\t<\/div>\n\t\t\t\t\t<\/div>\n\t\t<\/section>\n\t\t\t\t<section class=\"elementor-section elementor-top-section elementor-element elementor-element-472bb161 elementor-section-boxed elementor-section-height-default elementor-section-height-default\" data-id=\"472bb161\" data-element_type=\"section\" data-e-type=\"section\" data-settings=\"{&quot;background_background&quot;:&quot;classic&quot;}\">\n\t\t\t\t\t\t<div class=\"elementor-container elementor-column-gap-default\">\n\t\t\t\t\t<div class=\"elementor-column elementor-col-50 elementor-top-column elementor-element elementor-element-1dd88e87\" data-id=\"1dd88e87\" data-element_type=\"column\" data-e-type=\"column\">\n\t\t\t<div class=\"elementor-widget-wrap elementor-element-populated\">\n\t\t\t\t\t\t<div class=\"elementor-element elementor-element-294e69b7 elementor-align-start elementor-mobile-align-start elementor-icon-list--layout-traditional elementor-list-item-link-full_width elementor-widget elementor-widget-icon-list\" data-id=\"294e69b7\" data-element_type=\"widget\" data-e-type=\"widget\" data-widget_type=\"icon-list.default\">\n\t\t\t\t<div class=\"elementor-widget-container\">\n\t\t\t\t\t\t\t<ul class=\"elementor-icon-list-items\">\n\t\t\t\t\t\t\t<li class=\"elementor-icon-list-item\">\n\t\t\t\t\t\t\t\t\t\t\t<a href=\"\/fr\/nos-activites\/journal\/soumettre-un-manuscrit\/\" target=\"_blank\">\n\n\t\t\t\t\t\t\t\t\t\t\t\t<span class=\"elementor-icon-list-icon\">\n\t\t\t\t\t\t\t<i aria-hidden=\"true\" class=\"fas fa-arrow-right\"><\/i>\t\t\t\t\t\t<\/span>\n\t\t\t\t\t\t\t\t\t\t<span class=\"elementor-icon-list-text\">Pr\u00e9senter un manuscrit<\/span>\n\t\t\t\t\t\t\t\t\t\t\t<\/a>\n\t\t\t\t\t\t\t\t\t<\/li>\n\t\t\t\t\t\t<\/ul>\n\t\t\t\t\t\t<\/div>\n\t\t\t\t<\/div>\n\t\t\t\t\t<\/div>\n\t\t<\/div>\n\t\t\t\t<div class=\"elementor-column elementor-col-50 elementor-top-column elementor-element elementor-element-2bb3f7fd\" data-id=\"2bb3f7fd\" data-element_type=\"column\" data-e-type=\"column\">\n\t\t\t<div class=\"elementor-widget-wrap\">\n\t\t\t\t\t\t\t<\/div>\n\t\t<\/div>\n\t\t\t\t\t<\/div>\n\t\t<\/section>\n\t\t\t\t<section class=\"elementor-section elementor-top-section elementor-element elementor-element-75bc581 elementor-section-boxed elementor-section-height-default elementor-section-height-default\" data-id=\"75bc581\" data-element_type=\"section\" data-e-type=\"section\">\n\t\t\t\t\t\t<div class=\"elementor-container elementor-column-gap-default\">\n\t\t\t\t\t<div class=\"elementor-column elementor-col-100 elementor-top-column elementor-element elementor-element-d4b04dd\" data-id=\"d4b04dd\" data-element_type=\"column\" data-e-type=\"column\">\n\t\t\t<div class=\"elementor-widget-wrap\">\n\t\t\t\t\t\t\t<\/div>\n\t\t<\/div>\n\t\t\t\t\t<\/div>\n\t\t<\/section>\n\t\t\t\t<\/div>\n\t\t","protected":false},"excerpt":{"rendered":"<p>Concours \u00e9tudiant 2026 La\u00a0Revue canadienne de service social\u00a0invite les \u00e9tudiant(e)s en travail social des universit\u00e9s canadiennes \u00e0 soumettre un article \u00e0 son concours \u00e9tudiant (maximum d\u2019un article par \u00e9tudiant.e). Apr\u00e8s une \u00e9valuation anonyme par les membres du comit\u00e9 de r\u00e9daction des articles re\u00e7us, les meilleurs seront publi\u00e9s dans un num\u00e9ro futur de la revue. Les [&hellip;]<\/p>\n","protected":false},"author":2,"featured_media":40879,"parent":37515,"menu_order":2,"comment_status":"closed","ping_status":"closed","template":"elementor_header_footer","meta":{"_acf_changed":false,"_seopress_robots_primary_cat":"","_seopress_titles_title":"","_seopress_titles_desc":"","_seopress_robots_index":"","site-sidebar-layout":"no-sidebar","site-content-layout":"page-builder","ast-site-content-layout":"default","site-content-style":"default","site-sidebar-style":"default","ast-global-header-display":"","ast-banner-title-visibility":"","ast-main-header-display":"","ast-hfb-above-header-display":"","ast-hfb-below-header-display":"","ast-hfb-mobile-header-display":"","site-post-title":"disabled","ast-breadcrumbs-content":"","ast-featured-img":"disabled","footer-sml-layout":"","ast-disable-related-posts":"","theme-transparent-header-meta":"","adv-header-id-meta":"","stick-header-meta":"","header-above-stick-meta":"","header-main-stick-meta":"","header-below-stick-meta":"","astra-migrate-meta-layouts":"default","ast-page-background-enabled":"default","ast-page-background-meta":{"desktop":{"background-color":"","background-image":"","background-repeat":"repeat","background-position":"center center","background-size":"auto","background-attachment":"scroll","background-type":"","background-media":"","overlay-type":"","overlay-color":"","overlay-opacity":"","overlay-gradient":""},"tablet":{"background-color":"","background-image":"","background-repeat":"repeat","background-position":"center center","background-size":"auto","background-attachment":"scroll","background-type":"","background-media":"","overlay-type":"","overlay-color":"","overlay-opacity":"","overlay-gradient":""},"mobile":{"background-color":"","background-image":"","background-repeat":"repeat","background-position":"center center","background-size":"auto","background-attachment":"scroll","background-type":"","background-media":"","overlay-type":"","overlay-color":"","overlay-opacity":"","overlay-gradient":""}},"ast-content-background-meta":{"desktop":{"background-color":"var(--ast-global-color-5)","background-image":"","background-repeat":"repeat","background-position":"center center","background-size":"auto","background-attachment":"scroll","background-type":"","background-media":"","overlay-type":"","overlay-color":"","overlay-opacity":"","overlay-gradient":""},"tablet":{"background-color":"var(--ast-global-color-5)","background-image":"","background-repeat":"repeat","background-position":"center center","background-size":"auto","background-attachment":"scroll","background-type":"","background-media":"","overlay-type":"","overlay-color":"","overlay-opacity":"","overlay-gradient":""},"mobile":{"background-color":"var(--ast-global-color-5)","background-image":"","background-repeat":"repeat","background-position":"center center","background-size":"auto","background-attachment":"scroll","background-type":"","background-media":"","overlay-type":"","overlay-color":"","overlay-opacity":"","overlay-gradient":""}},"footnotes":""},"class_list":["post-37534","page","type-page","status-publish","has-post-thumbnail","hentry"],"acf":[],"_links":{"self":[{"href":"https:\/\/caswe-acfts.ca\/fr\/wp-json\/wp\/v2\/pages\/37534","targetHints":{"allow":["GET"]}}],"collection":[{"href":"https:\/\/caswe-acfts.ca\/fr\/wp-json\/wp\/v2\/pages"}],"about":[{"href":"https:\/\/caswe-acfts.ca\/fr\/wp-json\/wp\/v2\/types\/page"}],"author":[{"embeddable":true,"href":"https:\/\/caswe-acfts.ca\/fr\/wp-json\/wp\/v2\/users\/2"}],"replies":[{"embeddable":true,"href":"https:\/\/caswe-acfts.ca\/fr\/wp-json\/wp\/v2\/comments?post=37534"}],"version-history":[{"count":22,"href":"https:\/\/caswe-acfts.ca\/fr\/wp-json\/wp\/v2\/pages\/37534\/revisions"}],"predecessor-version":[{"id":48985,"href":"https:\/\/caswe-acfts.ca\/fr\/wp-json\/wp\/v2\/pages\/37534\/revisions\/48985"}],"up":[{"embeddable":true,"href":"https:\/\/caswe-acfts.ca\/fr\/wp-json\/wp\/v2\/pages\/37515"}],"wp:featuredmedia":[{"embeddable":true,"href":"https:\/\/caswe-acfts.ca\/fr\/wp-json\/wp\/v2\/media\/40879"}],"wp:attachment":[{"href":"https:\/\/caswe-acfts.ca\/fr\/wp-json\/wp\/v2\/media?parent=37534"}],"curies":[{"name":"wp","href":"https:\/\/api.w.org\/{rel}","templated":true}]}}