{"id":37539,"date":"2021-08-31T19:55:42","date_gmt":"2021-08-31T23:55:42","guid":{"rendered":"https:\/\/caswe-acfts.ca\/?page_id=37539"},"modified":"2021-09-17T11:04:43","modified_gmt":"2021-09-17T15:04:43","slug":"directives-pour-le-concours-etudiant-de-manuscrits-de-la-rcss","status":"publish","type":"page","link":"https:\/\/caswe-acfts.ca\/fr\/nos-activites\/journal\/concours-etudiant\/directives-pour-le-concours-etudiant-de-manuscrits-de-la-rcss\/","title":{"rendered":"Directives pour le concours \u00e9tudiant de manuscrits de la rcss"},"content":{"rendered":"\t\t<div data-elementor-type=\"wp-page\" data-elementor-id=\"37539\" class=\"elementor elementor-37539 elementor-36843\" data-elementor-post-type=\"page\">\n\t\t\t\t\t\t<section class=\"elementor-section elementor-top-section elementor-element elementor-element-7cdb92ff elementor-section-full_width elementor-section-content-top elementor-section-height-default elementor-section-height-default\" data-id=\"7cdb92ff\" data-element_type=\"section\" data-e-type=\"section\" data-settings=\"{&quot;background_background&quot;:&quot;classic&quot;}\">\n\t\t\t\t\t\t<div class=\"elementor-container elementor-column-gap-wide\">\n\t\t\t\t\t<div class=\"elementor-column elementor-col-100 elementor-top-column elementor-element elementor-element-1020378b\" data-id=\"1020378b\" data-element_type=\"column\" data-e-type=\"column\">\n\t\t\t<div class=\"elementor-widget-wrap elementor-element-populated\">\n\t\t\t\t\t\t\t<\/div>\n\t\t<\/div>\n\t\t\t\t\t<\/div>\n\t\t<\/section>\n\t\t\t\t<section class=\"elementor-section elementor-top-section elementor-element elementor-element-68bdb88b elementor-section-boxed elementor-section-height-default elementor-section-height-default\" data-id=\"68bdb88b\" data-element_type=\"section\" data-e-type=\"section\">\n\t\t\t\t\t\t<div class=\"elementor-container elementor-column-gap-default\">\n\t\t\t\t\t<div class=\"elementor-column elementor-col-100 elementor-top-column elementor-element elementor-element-4196f3b3\" data-id=\"4196f3b3\" data-element_type=\"column\" data-e-type=\"column\">\n\t\t\t<div class=\"elementor-widget-wrap elementor-element-populated\">\n\t\t\t\t\t\t<div class=\"elementor-element elementor-element-6f6fcd63 elementor-widget elementor-widget-text-editor\" data-id=\"6f6fcd63\" data-element_type=\"widget\" data-e-type=\"widget\" data-widget_type=\"text-editor.default\">\n\t\t\t\t<div class=\"elementor-widget-container\">\n\t\t\t\t\t\t\t\t\t<p>Chaque ann\u00e9e, la\u00a0<i>Revue canadienne de service social<\/i>\u00a0(RCSS) tient un concours \u00e9tudiant, lors duquel les \u00e9tudiant.e.s inscrits \u00e0 un programme d\u2019\u00e9tudes universitaires en travail social canadien, peu importe le cycle d\u2019\u00e9tudes,\u00a0 sont invit\u00e9s \u00e0 soumettre un manuscrit.<\/p><p>Notre objectif est de publier chaque ann\u00e9e deux articles gagnants, soit un en anglais et un en fran\u00e7ais. Cela dit, il arrive parfois que plusieurs articles d\u2019une des deux langues soient s\u00e9lectionn\u00e9s. De m\u00eame, il est possible qu\u2019aucun article ne soit s\u00e9lectionn\u00e9 comme gagnant si la qualit\u00e9 des articles soumis n\u2019est pas jug\u00e9e satisfaisante.<\/p><p><b>Processus<\/b><\/p><ul><li>Des affiches et des lettres sont envoy\u00e9es \u00e0 toutes les \u00e9coles de travail social du pays afin d\u2019inviter les \u00e9tudiant.e.s \u00e0 participer au concours. Le concours est ouvert \u00e0 tous les \u00e9tudiant.e.s inscrits dans un programme de travail social canadien.<\/li><li>Les renseignements au sujet du concours, y compris les crit\u00e8res d\u2019\u00e9valuation et les dates d\u2019\u00e9ch\u00e9ance, sont affich\u00e9s sur notre site Web.<\/li><li>Les manuscrits sont soumis \u00e0 l\u2019examen des membres du comit\u00e9 de r\u00e9daction. Les membres francophones du comit\u00e9 \u00e9valuent les manuscrits en fran\u00e7ais et les membres anglophones, ceux en anglais.<\/li><li>Le comit\u00e9 de r\u00e9daction se r\u00e9serve le droit de ne d\u00e9clarer aucun gagnant.e s\u2019il n\u2019y a pas suffisamment de manuscrits pour justifier la tenue d\u2019un concours ou si les manuscrits sont jug\u00e9s de trop pi\u00e8tre qualit\u00e9 pour \u00eatre publi\u00e9s. La d\u00e9cision sera prise dans les 90 jours suivants la date d\u2019\u00e9ch\u00e9ance.<\/li><li>Le comit\u00e9 de r\u00e9daction se r\u00e9serve \u00e9galement le droit de choisir plus d\u2019un gagnant.e si la qualit\u00e9 des manuscrits le justifie.<\/li><li>Les \u00e9tudiant.e.s peuvent s\u2019attendre \u00e0 avoir des nouvelles des r\u00e9sultats du concours dans les six mois suivants la cl\u00f4ture du concours.<\/li><\/ul><p>La publication du ou des manuscrits gagnants n\u2019est pas assur\u00e9e. Les auteur.e.s de ces manuscrits doivent y apporter toute r\u00e9vision jug\u00e9e n\u00e9cessaire par le comit\u00e9 de r\u00e9daction afin d\u2019en assurer la publication. Le comit\u00e9 de r\u00e9daction se r\u00e9serve le droit de ne pas publier le manuscrit si l\u2019auteur.e refusait d\u2019y apporter les r\u00e9visions sugg\u00e9r\u00e9es.<\/p>\t\t\t\t\t\t\t\t<\/div>\n\t\t\t\t<\/div>\n\t\t\t\t\t<\/div>\n\t\t<\/div>\n\t\t\t\t\t<\/div>\n\t\t<\/section>\n\t\t\t\t<\/div>\n\t\t","protected":false},"excerpt":{"rendered":"<p>Chaque ann\u00e9e, la\u00a0Revue canadienne de service social\u00a0(RCSS) tient un concours \u00e9tudiant, lors duquel les \u00e9tudiant.e.s inscrits \u00e0 un programme d\u2019\u00e9tudes universitaires en travail social canadien, peu importe le cycle d\u2019\u00e9tudes,\u00a0 sont invit\u00e9s \u00e0 soumettre un manuscrit. Notre objectif est de publier chaque ann\u00e9e deux articles gagnants, soit un en anglais et un en fran\u00e7ais. Cela [&hellip;]<\/p>\n","protected":false},"author":2,"featured_media":40879,"parent":37534,"menu_order":0,"comment_status":"closed","ping_status":"closed","template":"elementor_header_footer","meta":{"_acf_changed":false,"_seopress_robots_primary_cat":"","_seopress_titles_title":"","_seopress_titles_desc":"","_seopress_robots_index":"","site-sidebar-layout":"no-sidebar","site-content-layout":"page-builder","ast-site-content-layout":"default","site-content-style":"default","site-sidebar-style":"default","ast-global-header-display":"","ast-banner-title-visibility":"","ast-main-header-display":"","ast-hfb-above-header-display":"","ast-hfb-below-header-display":"","ast-hfb-mobile-header-display":"","site-post-title":"disabled","ast-breadcrumbs-content":"","ast-featured-img":"disabled","footer-sml-layout":"","ast-disable-related-posts":"","theme-transparent-header-meta":"","adv-header-id-meta":"","stick-header-meta":"","header-above-stick-meta":"","header-main-stick-meta":"","header-below-stick-meta":"","astra-migrate-meta-layouts":"default","ast-page-background-enabled":"default","ast-page-background-meta":{"desktop":{"background-color":"","background-image":"","background-repeat":"repeat","background-position":"center center","background-size":"auto","background-attachment":"scroll","background-type":"","background-media":"","overlay-type":"","overlay-color":"","overlay-opacity":"","overlay-gradient":""},"tablet":{"background-color":"","background-image":"","background-repeat":"repeat","background-position":"center center","background-size":"auto","background-attachment":"scroll","background-type":"","background-media":"","overlay-type":"","overlay-color":"","overlay-opacity":"","overlay-gradient":""},"mobile":{"background-color":"","background-image":"","background-repeat":"repeat","background-position":"center center","background-size":"auto","background-attachment":"scroll","background-type":"","background-media":"","overlay-type":"","overlay-color":"","overlay-opacity":"","overlay-gradient":""}},"ast-content-background-meta":{"desktop":{"background-color":"var(--ast-global-color-5)","background-image":"","background-repeat":"repeat","background-position":"center center","background-size":"auto","background-attachment":"scroll","background-type":"","background-media":"","overlay-type":"","overlay-color":"","overlay-opacity":"","overlay-gradient":""},"tablet":{"background-color":"var(--ast-global-color-5)","background-image":"","background-repeat":"repeat","background-position":"center center","background-size":"auto","background-attachment":"scroll","background-type":"","background-media":"","overlay-type":"","overlay-color":"","overlay-opacity":"","overlay-gradient":""},"mobile":{"background-color":"var(--ast-global-color-5)","background-image":"","background-repeat":"repeat","background-position":"center center","background-size":"auto","background-attachment":"scroll","background-type":"","background-media":"","overlay-type":"","overlay-color":"","overlay-opacity":"","overlay-gradient":""}},"footnotes":""},"class_list":["post-37539","page","type-page","status-publish","has-post-thumbnail","hentry"],"acf":[],"_links":{"self":[{"href":"https:\/\/caswe-acfts.ca\/fr\/wp-json\/wp\/v2\/pages\/37539","targetHints":{"allow":["GET"]}}],"collection":[{"href":"https:\/\/caswe-acfts.ca\/fr\/wp-json\/wp\/v2\/pages"}],"about":[{"href":"https:\/\/caswe-acfts.ca\/fr\/wp-json\/wp\/v2\/types\/page"}],"author":[{"embeddable":true,"href":"https:\/\/caswe-acfts.ca\/fr\/wp-json\/wp\/v2\/users\/2"}],"replies":[{"embeddable":true,"href":"https:\/\/caswe-acfts.ca\/fr\/wp-json\/wp\/v2\/comments?post=37539"}],"version-history":[{"count":7,"href":"https:\/\/caswe-acfts.ca\/fr\/wp-json\/wp\/v2\/pages\/37539\/revisions"}],"predecessor-version":[{"id":38227,"href":"https:\/\/caswe-acfts.ca\/fr\/wp-json\/wp\/v2\/pages\/37539\/revisions\/38227"}],"up":[{"embeddable":true,"href":"https:\/\/caswe-acfts.ca\/fr\/wp-json\/wp\/v2\/pages\/37534"}],"wp:featuredmedia":[{"embeddable":true,"href":"https:\/\/caswe-acfts.ca\/fr\/wp-json\/wp\/v2\/media\/40879"}],"wp:attachment":[{"href":"https:\/\/caswe-acfts.ca\/fr\/wp-json\/wp\/v2\/media?parent=37539"}],"curies":[{"name":"wp","href":"https:\/\/api.w.org\/{rel}","templated":true}]}}