{"id":37549,"date":"2021-08-31T19:58:34","date_gmt":"2021-08-31T23:58:34","guid":{"rendered":"https:\/\/caswe-acfts.ca\/?page_id=37549"},"modified":"2026-04-20T15:11:36","modified_gmt":"2026-04-20T19:11:36","slug":"webinaires","status":"publish","type":"page","link":"https:\/\/caswe-acfts.ca\/fr\/nos-activites\/webinaires\/","title":{"rendered":"Webinaires"},"content":{"rendered":"\t\t<div data-elementor-type=\"wp-page\" data-elementor-id=\"37549\" class=\"elementor elementor-37549 elementor-56\" data-elementor-post-type=\"page\">\n\t\t\t\t\t\t<section class=\"elementor-section elementor-top-section elementor-element elementor-element-3e2dd77 elementor-section-full_width elementor-section-content-top elementor-section-height-default elementor-section-height-default\" data-id=\"3e2dd77\" data-element_type=\"section\" data-e-type=\"section\" data-settings=\"{&quot;background_background&quot;:&quot;classic&quot;}\">\n\t\t\t\t\t\t<div class=\"elementor-container elementor-column-gap-wide\">\n\t\t\t\t\t<div class=\"elementor-column elementor-col-100 elementor-top-column elementor-element elementor-element-800d2dc\" data-id=\"800d2dc\" data-element_type=\"column\" data-e-type=\"column\">\n\t\t\t<div class=\"elementor-widget-wrap elementor-element-populated\">\n\t\t\t\t\t\t\t<\/div>\n\t\t<\/div>\n\t\t\t\t\t<\/div>\n\t\t<\/section>\n\t\t\t\t<section class=\"elementor-section elementor-top-section elementor-element elementor-element-3db0cb8 elementor-section-boxed elementor-section-height-default elementor-section-height-default\" data-id=\"3db0cb8\" data-element_type=\"section\" data-e-type=\"section\">\n\t\t\t\t\t\t<div class=\"elementor-container elementor-column-gap-default\">\n\t\t\t\t\t<div class=\"elementor-column elementor-col-50 elementor-top-column elementor-element elementor-element-09e5416\" data-id=\"09e5416\" data-element_type=\"column\" data-e-type=\"column\">\n\t\t\t<div class=\"elementor-widget-wrap elementor-element-populated\">\n\t\t\t\t\t\t<div class=\"elementor-element elementor-element-8201e36 elementor-widget elementor-widget-text-editor\" data-id=\"8201e36\" data-element_type=\"widget\" data-e-type=\"widget\" data-widget_type=\"text-editor.default\">\n\t\t\t\t<div class=\"elementor-widget-container\">\n\t\t\t\t\t\t\t\t\t<p>En 2020, nous avons commenc\u00e9 \u00e0 proposer une s\u00e9rie de webinaires afin de renforcer l&rsquo;engagement de nos membres.<\/p><p>Webinaires \u00e0 venir :<\/p><p>Webinaires pass\u00e9s :<\/p><ul><li><strong><a href=\"https:\/\/www.youtube.com\/watch?v=S9kIZGsa4AQ\">Naviguer dans le travail social international : du global au local.<\/a>\u00a0<\/strong><\/li><li><strong><a href=\"https:\/\/www.youtube.com\/watch?v=T96jwQvzDnA\">Du global au local : la sagesse locale et l&rsquo;avenir du travail social international<\/a><\/strong><\/li><\/ul>\t\t\t\t\t\t\t\t<\/div>\n\t\t\t\t<\/div>\n\t\t\t\t\t<\/div>\n\t\t<\/div>\n\t\t\t\t<div class=\"elementor-column elementor-col-50 elementor-top-column elementor-element elementor-element-2a95474\" data-id=\"2a95474\" data-element_type=\"column\" data-e-type=\"column\">\n\t\t\t<div class=\"elementor-widget-wrap elementor-element-populated\">\n\t\t\t\t\t\t<div class=\"elementor-element elementor-element-a1e1501 elementor-widget elementor-widget-image\" data-id=\"a1e1501\" data-element_type=\"widget\" data-e-type=\"widget\" data-widget_type=\"image.default\">\n\t\t\t\t<div class=\"elementor-widget-container\">\n\t\t\t\t\t\t\t\t\t\t\t\t\t\t\t<img fetchpriority=\"high\" decoding=\"async\" width=\"1024\" height=\"1024\" src=\"https:\/\/caswe-acfts.ca\/wp-content\/uploads\/2021\/09\/webinar-1024x1024.jpg\" class=\"attachment-large size-large wp-image-37654\" alt=\"\" srcset=\"https:\/\/caswe-acfts.ca\/wp-content\/uploads\/2021\/09\/webinar-1024x1024.jpg 1024w, https:\/\/caswe-acfts.ca\/wp-content\/uploads\/2021\/09\/webinar-300x300.jpg 300w, https:\/\/caswe-acfts.ca\/wp-content\/uploads\/2021\/09\/webinar-150x150.jpg 150w, https:\/\/caswe-acfts.ca\/wp-content\/uploads\/2021\/09\/webinar-1536x1536.jpg 1536w, https:\/\/caswe-acfts.ca\/wp-content\/uploads\/2021\/09\/webinar-2048x2048.jpg 2048w, https:\/\/caswe-acfts.ca\/wp-content\/uploads\/2021\/09\/webinar-20x20.jpg 20w, https:\/\/caswe-acfts.ca\/wp-content\/uploads\/2021\/09\/webinar.jpg 1920w\" sizes=\"(max-width: 1024px) 100vw, 1024px\" \/>\t\t\t\t\t\t\t\t\t\t\t\t\t\t\t<\/div>\n\t\t\t\t<\/div>\n\t\t\t\t\t<\/div>\n\t\t<\/div>\n\t\t\t\t\t<\/div>\n\t\t<\/section>\n\t\t\t\t<\/div>\n\t\t","protected":false},"excerpt":{"rendered":"<p>En 2020, nous avons commenc\u00e9 \u00e0 proposer une s\u00e9rie de webinaires afin de renforcer l&rsquo;engagement de nos membres. Webinaires \u00e0 venir : Webinaires pass\u00e9s : Naviguer dans le travail social international : du global au local.\u00a0 Du global au local : la sagesse locale et l&rsquo;avenir du travail social international<\/p>\n","protected":false},"author":2,"featured_media":40879,"parent":37505,"menu_order":4,"comment_status":"closed","ping_status":"closed","template":"elementor_header_footer","meta":{"_acf_changed":false,"_seopress_robots_primary_cat":"","_seopress_titles_title":"","_seopress_titles_desc":"","_seopress_robots_index":"","site-sidebar-layout":"no-sidebar","site-content-layout":"page-builder","ast-site-content-layout":"default","site-content-style":"default","site-sidebar-style":"default","ast-global-header-display":"","ast-banner-title-visibility":"","ast-main-header-display":"","ast-hfb-above-header-display":"","ast-hfb-below-header-display":"","ast-hfb-mobile-header-display":"","site-post-title":"disabled","ast-breadcrumbs-content":"","ast-featured-img":"disabled","footer-sml-layout":"","ast-disable-related-posts":"","theme-transparent-header-meta":"","adv-header-id-meta":"","stick-header-meta":"","header-above-stick-meta":"","header-main-stick-meta":"","header-below-stick-meta":"","astra-migrate-meta-layouts":"default","ast-page-background-enabled":"default","ast-page-background-meta":{"desktop":{"background-color":"","background-image":"","background-repeat":"repeat","background-position":"center center","background-size":"auto","background-attachment":"scroll","background-type":"","background-media":"","overlay-type":"","overlay-color":"","overlay-opacity":"","overlay-gradient":""},"tablet":{"background-color":"","background-image":"","background-repeat":"repeat","background-position":"center center","background-size":"auto","background-attachment":"scroll","background-type":"","background-media":"","overlay-type":"","overlay-color":"","overlay-opacity":"","overlay-gradient":""},"mobile":{"background-color":"","background-image":"","background-repeat":"repeat","background-position":"center center","background-size":"auto","background-attachment":"scroll","background-type":"","background-media":"","overlay-type":"","overlay-color":"","overlay-opacity":"","overlay-gradient":""}},"ast-content-background-meta":{"desktop":{"background-color":"var(--ast-global-color-5)","background-image":"","background-repeat":"repeat","background-position":"center center","background-size":"auto","background-attachment":"scroll","background-type":"","background-media":"","overlay-type":"","overlay-color":"","overlay-opacity":"","overlay-gradient":""},"tablet":{"background-color":"var(--ast-global-color-5)","background-image":"","background-repeat":"repeat","background-position":"center center","background-size":"auto","background-attachment":"scroll","background-type":"","background-media":"","overlay-type":"","overlay-color":"","overlay-opacity":"","overlay-gradient":""},"mobile":{"background-color":"var(--ast-global-color-5)","background-image":"","background-repeat":"repeat","background-position":"center center","background-size":"auto","background-attachment":"scroll","background-type":"","background-media":"","overlay-type":"","overlay-color":"","overlay-opacity":"","overlay-gradient":""}},"footnotes":""},"class_list":["post-37549","page","type-page","status-publish","has-post-thumbnail","hentry"],"acf":[],"_links":{"self":[{"href":"https:\/\/caswe-acfts.ca\/fr\/wp-json\/wp\/v2\/pages\/37549","targetHints":{"allow":["GET"]}}],"collection":[{"href":"https:\/\/caswe-acfts.ca\/fr\/wp-json\/wp\/v2\/pages"}],"about":[{"href":"https:\/\/caswe-acfts.ca\/fr\/wp-json\/wp\/v2\/types\/page"}],"author":[{"embeddable":true,"href":"https:\/\/caswe-acfts.ca\/fr\/wp-json\/wp\/v2\/users\/2"}],"replies":[{"embeddable":true,"href":"https:\/\/caswe-acfts.ca\/fr\/wp-json\/wp\/v2\/comments?post=37549"}],"version-history":[{"count":22,"href":"https:\/\/caswe-acfts.ca\/fr\/wp-json\/wp\/v2\/pages\/37549\/revisions"}],"predecessor-version":[{"id":49144,"href":"https:\/\/caswe-acfts.ca\/fr\/wp-json\/wp\/v2\/pages\/37549\/revisions\/49144"}],"up":[{"embeddable":true,"href":"https:\/\/caswe-acfts.ca\/fr\/wp-json\/wp\/v2\/pages\/37505"}],"wp:featuredmedia":[{"embeddable":true,"href":"https:\/\/caswe-acfts.ca\/fr\/wp-json\/wp\/v2\/media\/40879"}],"wp:attachment":[{"href":"https:\/\/caswe-acfts.ca\/fr\/wp-json\/wp\/v2\/media?parent=37549"}],"curies":[{"name":"wp","href":"https:\/\/api.w.org\/{rel}","templated":true}]}}