{"id":37572,"date":"2021-08-31T20:03:23","date_gmt":"2021-09-01T00:03:23","guid":{"rendered":"https:\/\/caswe-acfts.ca\/?page_id=37572"},"modified":"2025-07-21T19:24:38","modified_gmt":"2025-07-21T23:24:38","slug":"ressources","status":"publish","type":"page","link":"https:\/\/caswe-acfts.ca\/fr\/ressources\/","title":{"rendered":"Ressources"},"content":{"rendered":"\t\t<div data-elementor-type=\"wp-page\" data-elementor-id=\"37572\" class=\"elementor elementor-37572 elementor-30\" data-elementor-post-type=\"page\">\n\t\t\t\t\t\t<section class=\"elementor-section elementor-top-section elementor-element elementor-element-696ca60c elementor-section-full_width elementor-section-content-top elementor-section-height-default elementor-section-height-default\" data-id=\"696ca60c\" data-element_type=\"section\" data-e-type=\"section\" data-settings=\"{&quot;background_background&quot;:&quot;classic&quot;}\">\n\t\t\t\t\t\t<div class=\"elementor-container elementor-column-gap-wide\">\n\t\t\t\t\t<div class=\"elementor-column elementor-col-100 elementor-top-column elementor-element elementor-element-56ca4f7b\" data-id=\"56ca4f7b\" data-element_type=\"column\" data-e-type=\"column\">\n\t\t\t<div class=\"elementor-widget-wrap elementor-element-populated\">\n\t\t\t\t\t\t\t<\/div>\n\t\t<\/div>\n\t\t\t\t\t<\/div>\n\t\t<\/section>\n\t\t\t\t<section class=\"elementor-section elementor-top-section elementor-element elementor-element-fa93306 elementor-section-content-space-evenly elementor-section-boxed elementor-section-height-default elementor-section-height-default\" data-id=\"fa93306\" data-element_type=\"section\" data-e-type=\"section\" data-settings=\"{&quot;background_background&quot;:&quot;classic&quot;}\">\n\t\t\t\t\t\t\t<div class=\"elementor-background-overlay\"><\/div>\n\t\t\t\t\t\t\t<div class=\"elementor-container elementor-column-gap-no\">\n\t\t\t\t\t<div class=\"elementor-column elementor-col-50 elementor-top-column elementor-element elementor-element-6b648a0b\" data-id=\"6b648a0b\" data-element_type=\"column\" data-e-type=\"column\">\n\t\t\t<div class=\"elementor-widget-wrap elementor-element-populated\">\n\t\t\t\t\t\t<section class=\"elementor-section elementor-inner-section elementor-element elementor-element-7b740672 elementor-section-full_width elementor-section-height-default elementor-section-height-default\" data-id=\"7b740672\" data-element_type=\"section\" data-e-type=\"section\">\n\t\t\t\t\t\t<div class=\"elementor-container elementor-column-gap-default\">\n\t\t\t\t\t<div class=\"elementor-column elementor-col-100 elementor-inner-column elementor-element elementor-element-705c3c4a\" data-id=\"705c3c4a\" data-element_type=\"column\" data-e-type=\"column\">\n\t\t\t<div class=\"elementor-widget-wrap elementor-element-populated\">\n\t\t\t\t\t\t<div class=\"elementor-element elementor-element-48b1f226 elementor-widget elementor-widget-uael-infobox\" data-id=\"48b1f226\" data-element_type=\"widget\" data-e-type=\"widget\" data-widget_type=\"uael-infobox.default\">\n\t\t\t\t<div class=\"elementor-widget-container\">\n\t\t\t\t\t\n<div class=\"uael-module-content uael-infobox uael-imgicon-style-circle  uael-infobox-left  infobox-has-icon uael-infobox-icon-left-title  uael-infobox-image-valign-middle  uael-infobox-link-type-module\">\n\t<div class=\"uael-infobox-left-right-wrap\">\n\t\t\t\t\t<a href=\"https:\/\/caswe-acfts.ca\/fr\/ressources\/reconciliation\/\" class=\"uael-infobox-module-link\" aria-label=\"Infobox Link\"><\/a>\n\t\t\t\t\t\t\t<div class=\"uael-infobox-content\">\n\t\t\t\t\t\t<div class=\"left-title-image\">\t\t\t\t<div class=\"uael-module-content uael-imgicon-wrap \">\t\t\t\t\t\t\t\t\t\t\t\t\t\t\t\t\t\t<div class=\"uael-icon-wrap elementor-animation-\">\n\t\t\t\t\t\t\t\t<span class=\"uael-icon\">\n\t\t\t\t\t\t\t\t\t<i aria-hidden=\"true\" class=\"far fa-handshake\"><\/i>\t\t\t\t\t\t\t\t<\/span>\n\t\t\t\t\t\t\t<\/div>\n\t\t\t\t\t\t\t\n\t\t\t\t\t\t\t\t\t\t\t\t\t\t<\/div>\n\t\t\t\t<div class='uael-infobox-title-wrap'><h3 class=\"uael-infobox-title elementor-inline-editing\" data-elementor-setting-key=\"infobox_title\" data-elementor-inline-editing-toolbar=\"basic\" >Ressources concernant la R\u00e9conciliation<\/h3><\/div><\/div>\t\t\t\t\t\t\t\t\t<div class=\"uael-infobox-text-wrap\">\n\t\t\t\t<div class=\"uael-infobox-text elementor-inline-editing\" data-elementor-setting-key=\"infobox_description\" data-elementor-inline-editing-toolbar=\"advanced\">\n\t\t\t\t\t\t\t\t\t<\/div>\n\t\t\t\t\t\n\t\t\t\t\t\t\t<\/div>\n\t\t<\/div>\n\t\t\t<\/div>\n<\/div>\n\t\t\t\t<\/div>\n\t\t\t\t<\/div>\n\t\t\t\t<div class=\"elementor-element elementor-element-5d0aa7fa elementor-widget elementor-widget-uael-infobox\" data-id=\"5d0aa7fa\" data-element_type=\"widget\" data-e-type=\"widget\" data-widget_type=\"uael-infobox.default\">\n\t\t\t\t<div class=\"elementor-widget-container\">\n\t\t\t\t\t\n<div class=\"uael-module-content uael-infobox uael-imgicon-style-circle  uael-infobox-left  infobox-has-icon uael-infobox-icon-left-title  uael-infobox-image-valign-middle  uael-infobox-link-type-module\">\n\t<div class=\"uael-infobox-left-right-wrap\">\n\t\t\t\t\t<a class=\"uael-infobox-module-link\" aria-label=\"Infobox Link\"><\/a>\n\t\t\t\t\t\t\t<div class=\"uael-infobox-content\">\n\t\t\t\t\t\t<div class=\"left-title-image\">\t\t\t\t<div class=\"uael-module-content uael-imgicon-wrap \">\t\t\t\t\t\t\t\t\t\t\t\t\t\t\t\t\t\t<div class=\"uael-icon-wrap elementor-animation-\">\n\t\t\t\t\t\t\t\t<span class=\"uael-icon\">\n\t\t\t\t\t\t\t\t\t<i aria-hidden=\"true\" class=\"fas fa-clipboard-list\"><\/i>\t\t\t\t\t\t\t\t<\/span>\n\t\t\t\t\t\t\t<\/div>\n\t\t\t\t\t\t\t\n\t\t\t\t\t\t\t\t\t\t\t\t\t\t<\/div>\n\t\t\t\t<div class='uael-infobox-title-wrap'><h3 class=\"uael-infobox-title elementor-inline-editing\" data-elementor-setting-key=\"infobox_title\" data-elementor-inline-editing-toolbar=\"basic\" >Connaissances collectives (\u00e0 venir)<\/h3><\/div><\/div>\t\t\t\t\t\t\t\t\t<div class=\"uael-infobox-text-wrap\">\n\t\t\t\t<div class=\"uael-infobox-text elementor-inline-editing\" data-elementor-setting-key=\"infobox_description\" data-elementor-inline-editing-toolbar=\"advanced\">\n\t\t\t\t\t\t\t\t\t<\/div>\n\t\t\t\t\t\n\t\t\t\t\t\t\t<\/div>\n\t\t<\/div>\n\t\t\t<\/div>\n<\/div>\n\t\t\t\t<\/div>\n\t\t\t\t<\/div>\n\t\t\t\t<div class=\"elementor-element elementor-element-3bb5b3ac elementor-widget elementor-widget-uael-infobox\" data-id=\"3bb5b3ac\" data-element_type=\"widget\" data-e-type=\"widget\" data-widget_type=\"uael-infobox.default\">\n\t\t\t\t<div class=\"elementor-widget-container\">\n\t\t\t\t\t\n<div class=\"uael-module-content uael-infobox uael-imgicon-style-circle  uael-infobox-left  infobox-has-icon uael-infobox-icon-left-title  uael-infobox-image-valign-middle  uael-infobox-link-type-module\">\n\t<div class=\"uael-infobox-left-right-wrap\">\n\t\t\t\t\t<a href=\"https:\/\/caswe-acfts.ca\/fr\/ressources\/ressources-stages\/\" class=\"uael-infobox-module-link\" aria-label=\"Infobox Link\"><\/a>\n\t\t\t\t\t\t\t<div class=\"uael-infobox-content\">\n\t\t\t\t\t\t<div class=\"left-title-image\">\t\t\t\t<div class=\"uael-module-content uael-imgicon-wrap \">\t\t\t\t\t\t\t\t\t\t\t\t\t\t\t\t\t\t<div class=\"uael-icon-wrap elementor-animation-\">\n\t\t\t\t\t\t\t\t<span class=\"uael-icon\">\n\t\t\t\t\t\t\t\t\t<i aria-hidden=\"true\" class=\"fas fa-network-wired\"><\/i>\t\t\t\t\t\t\t\t<\/span>\n\t\t\t\t\t\t\t<\/div>\n\t\t\t\t\t\t\t\n\t\t\t\t\t\t\t\t\t\t\t\t\t\t<\/div>\n\t\t\t\t<div class='uael-infobox-title-wrap'><h3 class=\"uael-infobox-title elementor-inline-editing\" data-elementor-setting-key=\"infobox_title\" data-elementor-inline-editing-toolbar=\"basic\" >D\u00e9p\u00f4t de ressources pour les stages<\/h3><\/div><\/div>\t\t\t\t\t\t\t\t\t<div class=\"uael-infobox-text-wrap\">\n\t\t\t\t<div class=\"uael-infobox-text elementor-inline-editing\" data-elementor-setting-key=\"infobox_description\" data-elementor-inline-editing-toolbar=\"advanced\">\n\t\t\t\t\t\t\t\t\t<\/div>\n\t\t\t\t\t\n\t\t\t\t\t\t\t<\/div>\n\t\t<\/div>\n\t\t\t<\/div>\n<\/div>\n\t\t\t\t<\/div>\n\t\t\t\t<\/div>\n\t\t\t\t<div class=\"elementor-element elementor-element-37ec3fc0 elementor-widget elementor-widget-uael-infobox\" data-id=\"37ec3fc0\" data-element_type=\"widget\" data-e-type=\"widget\" data-widget_type=\"uael-infobox.default\">\n\t\t\t\t<div class=\"elementor-widget-container\">\n\t\t\t\t\t\n<div class=\"uael-module-content uael-infobox uael-imgicon-style-circle  uael-infobox-left  infobox-has-icon uael-infobox-icon-left-title  uael-infobox-image-valign-middle  uael-infobox-link-type-module\">\n\t<div class=\"uael-infobox-left-right-wrap\">\n\t\t\t\t\t<a href=\"https:\/\/caswe-acfts.ca\/wp-content\/uploads\/2025\/07\/CASWE_Fr-Francophone-Resource-Toolkit-EG.pdf\" class=\"uael-infobox-module-link\" aria-label=\"Infobox Link\"><\/a>\n\t\t\t\t\t\t\t<div class=\"uael-infobox-content\">\n\t\t\t\t\t\t<div class=\"left-title-image\">\t\t\t\t<div class=\"uael-module-content uael-imgicon-wrap \">\t\t\t\t\t\t\t\t\t\t\t\t\t\t\t\t\t\t<div class=\"uael-icon-wrap elementor-animation-\">\n\t\t\t\t\t\t\t\t<span class=\"uael-icon\">\n\t\t\t\t\t\t\t\t\t<i aria-hidden=\"true\" class=\"fas fa-globe\"><\/i>\t\t\t\t\t\t\t\t<\/span>\n\t\t\t\t\t\t\t<\/div>\n\t\t\t\t\t\t\t\n\t\t\t\t\t\t\t\t\t\t\t\t\t\t<\/div>\n\t\t\t\t<div class='uael-infobox-title-wrap'><h3 class=\"uael-infobox-title elementor-inline-editing\" data-elementor-setting-key=\"infobox_title\" data-elementor-inline-editing-toolbar=\"basic\" >Ressources pour les contextes minoritaires francophones<\/h3><\/div><\/div>\t\t\t\t\t\t\t\t\t<div class=\"uael-infobox-text-wrap\">\n\t\t\t\t<div class=\"uael-infobox-text elementor-inline-editing\" data-elementor-setting-key=\"infobox_description\" data-elementor-inline-editing-toolbar=\"advanced\">\n\t\t\t\t\t\t\t\t\t<\/div>\n\t\t\t\t\t\n\t\t\t\t\t\t\t<\/div>\n\t\t<\/div>\n\t\t\t<\/div>\n<\/div>\n\t\t\t\t<\/div>\n\t\t\t\t<\/div>\n\t\t\t\t<div class=\"elementor-element elementor-element-24589764 elementor-widget elementor-widget-uael-infobox\" data-id=\"24589764\" data-element_type=\"widget\" data-e-type=\"widget\" data-widget_type=\"uael-infobox.default\">\n\t\t\t\t<div class=\"elementor-widget-container\">\n\t\t\t\t\t\n<div class=\"uael-module-content uael-infobox uael-imgicon-style-circle  uael-infobox-left  infobox-has-icon uael-infobox-icon-left-title  uael-infobox-image-valign-middle  uael-infobox-link-type-module\">\n\t<div class=\"uael-infobox-left-right-wrap\">\n\t\t\t\t\t<a href=\"#\" class=\"uael-infobox-module-link\" aria-label=\"Infobox Link\"><\/a>\n\t\t\t\t\t\t\t<div class=\"uael-infobox-content\">\n\t\t\t\t\t\t<div class=\"left-title-image\">\t\t\t\t<div class=\"uael-module-content uael-imgicon-wrap \">\t\t\t\t\t\t\t\t\t\t\t\t\t\t\t\t\t\t<div class=\"uael-icon-wrap elementor-animation-\">\n\t\t\t\t\t\t\t\t<span class=\"uael-icon\">\n\t\t\t\t\t\t\t\t\t<i aria-hidden=\"true\" class=\"fas fa-globe\"><\/i>\t\t\t\t\t\t\t\t<\/span>\n\t\t\t\t\t\t\t<\/div>\n\t\t\t\t\t\t\t\n\t\t\t\t\t\t\t\t\t\t\t\t\t\t<\/div>\n\t\t\t\t<div class='uael-infobox-title-wrap'><h3 class=\"uael-infobox-title elementor-inline-editing\" data-elementor-setting-key=\"infobox_title\" data-elementor-inline-editing-toolbar=\"basic\" >Organisations de travail social nationales et internationales (\u00e0 venir)<\/h3><\/div><\/div>\t\t\t\t\t\t\t\t\t<div class=\"uael-infobox-text-wrap\">\n\t\t\t\t<div class=\"uael-infobox-text elementor-inline-editing\" data-elementor-setting-key=\"infobox_description\" data-elementor-inline-editing-toolbar=\"advanced\">\n\t\t\t\t\t\t\t\t\t<\/div>\n\t\t\t\t\t\n\t\t\t\t\t\t\t<\/div>\n\t\t<\/div>\n\t\t\t<\/div>\n<\/div>\n\t\t\t\t<\/div>\n\t\t\t\t<\/div>\n\t\t\t\t\t<\/div>\n\t\t<\/div>\n\t\t\t\t\t<\/div>\n\t\t<\/section>\n\t\t\t\t<div class=\"elementor-element elementor-element-411d626 elementor-widget elementor-widget-uael-infobox\" data-id=\"411d626\" data-element_type=\"widget\" data-e-type=\"widget\" data-widget_type=\"uael-infobox.default\">\n\t\t\t\t<div class=\"elementor-widget-container\">\n\t\t\t\t\t\n<div class=\"uael-module-content uael-infobox uael-imgicon-style-circle  uael-infobox-left  infobox-has-icon uael-infobox-icon-left-title  uael-infobox-image-valign-middle  uael-infobox-link-type-module\">\n\t<div class=\"uael-infobox-left-right-wrap\">\n\t\t\t\t\t<a href=\"#\" class=\"uael-infobox-module-link\" aria-label=\"Infobox Link\"><\/a>\n\t\t\t\t\t\t\t<div class=\"uael-infobox-content\">\n\t\t\t\t\t\t<div class=\"left-title-image\">\t\t\t\t<div class=\"uael-module-content uael-imgicon-wrap \">\t\t\t\t\t\t\t\t\t\t\t\t\t\t\t\t\t\t<div class=\"uael-icon-wrap elementor-animation-\">\n\t\t\t\t\t\t\t\t<span class=\"uael-icon\">\n\t\t\t\t\t\t\t\t\t<i aria-hidden=\"true\" class=\"fas fa-globe\"><\/i>\t\t\t\t\t\t\t\t<\/span>\n\t\t\t\t\t\t\t<\/div>\n\t\t\t\t\t\t\t\n\t\t\t\t\t\t\t\t\t\t\t\t\t\t<\/div>\n\t\t\t\t<div class='uael-infobox-title-wrap'><h3 class=\"uael-infobox-title elementor-inline-editing\" data-elementor-setting-key=\"infobox_title\" data-elementor-inline-editing-toolbar=\"basic\" >Codes de d\u00e9ontologie nationaux et provinciaux<\/h3><\/div><\/div>\t\t\t\t\t\t\t\t\t<div class=\"uael-infobox-text-wrap\">\n\t\t\t\t<div class=\"uael-infobox-text elementor-inline-editing\" data-elementor-setting-key=\"infobox_description\" data-elementor-inline-editing-toolbar=\"advanced\">\n\t\t\t\t\t\t\t\t\t<\/div>\n\t\t\t\t\t\n\t\t\t\t\t\t\t<\/div>\n\t\t<\/div>\n\t\t\t<\/div>\n<\/div>\n\t\t\t\t<\/div>\n\t\t\t\t<\/div>\n\t\t\t\t\t<\/div>\n\t\t<\/div>\n\t\t\t\t<div class=\"elementor-column elementor-col-50 elementor-top-column elementor-element elementor-element-268d638e\" data-id=\"268d638e\" data-element_type=\"column\" data-e-type=\"column\">\n\t\t\t<div class=\"elementor-widget-wrap elementor-element-populated\">\n\t\t\t\t\t\t<div class=\"elementor-element elementor-element-5f9654e9 elementor-widget elementor-widget-image\" data-id=\"5f9654e9\" data-element_type=\"widget\" data-e-type=\"widget\" data-widget_type=\"image.default\">\n\t\t\t\t<div class=\"elementor-widget-container\">\n\t\t\t\t\t\t\t\t\t\t\t\t\t\t\t<img fetchpriority=\"high\" decoding=\"async\" width=\"1024\" height=\"683\" src=\"https:\/\/caswe-acfts.ca\/wp-content\/uploads\/2021\/09\/resources-1-1024x683.jpg\" class=\"attachment-large size-large wp-image-38281\" alt=\"resources 1\" srcset=\"https:\/\/caswe-acfts.ca\/wp-content\/uploads\/2021\/09\/resources-1-1024x683.jpg 1024w, https:\/\/caswe-acfts.ca\/wp-content\/uploads\/2021\/09\/resources-1-300x200.jpg 300w, https:\/\/caswe-acfts.ca\/wp-content\/uploads\/2021\/09\/resources-1-768x512.jpg 768w, https:\/\/caswe-acfts.ca\/wp-content\/uploads\/2021\/09\/resources-1.jpg 1152w\" sizes=\"(max-width: 1024px) 100vw, 1024px\" \/>\t\t\t\t\t\t\t\t\t\t\t\t\t\t\t<\/div>\n\t\t\t\t<\/div>\n\t\t\t\t\t<\/div>\n\t\t<\/div>\n\t\t\t\t\t<\/div>\n\t\t<\/section>\n\t\t\t\t<\/div>\n\t\t","protected":false},"excerpt":{"rendered":"<p>Ressources concernant la R\u00e9conciliation Connaissances collectives (\u00e0 venir) D\u00e9p\u00f4t de ressources pour les stages Ressources pour les contextes minoritaires francophones Organisations de travail social nationales et internationales (\u00e0 venir) Codes de d\u00e9ontologie nationaux et provinciaux<\/p>\n","protected":false},"author":2,"featured_media":40879,"parent":0,"menu_order":10,"comment_status":"closed","ping_status":"closed","template":"elementor_header_footer","meta":{"_acf_changed":false,"_seopress_robots_primary_cat":"","_seopress_titles_title":"","_seopress_titles_desc":"","_seopress_robots_index":"","site-sidebar-layout":"no-sidebar","site-content-layout":"page-builder","ast-site-content-layout":"default","site-content-style":"default","site-sidebar-style":"default","ast-global-header-display":"","ast-banner-title-visibility":"","ast-main-header-display":"","ast-hfb-above-header-display":"","ast-hfb-below-header-display":"","ast-hfb-mobile-header-display":"","site-post-title":"disabled","ast-breadcrumbs-content":"","ast-featured-img":"disabled","footer-sml-layout":"","ast-disable-related-posts":"","theme-transparent-header-meta":"","adv-header-id-meta":"","stick-header-meta":"","header-above-stick-meta":"","header-main-stick-meta":"","header-below-stick-meta":"","astra-migrate-meta-layouts":"default","ast-page-background-enabled":"default","ast-page-background-meta":{"desktop":{"background-color":"","background-image":"","background-repeat":"repeat","background-position":"center center","background-size":"auto","background-attachment":"scroll","background-type":"","background-media":"","overlay-type":"","overlay-color":"","overlay-opacity":"","overlay-gradient":""},"tablet":{"background-color":"","background-image":"","background-repeat":"repeat","background-position":"center center","background-size":"auto","background-attachment":"scroll","background-type":"","background-media":"","overlay-type":"","overlay-color":"","overlay-opacity":"","overlay-gradient":""},"mobile":{"background-color":"","background-image":"","background-repeat":"repeat","background-position":"center center","background-size":"auto","background-attachment":"scroll","background-type":"","background-media":"","overlay-type":"","overlay-color":"","overlay-opacity":"","overlay-gradient":""}},"ast-content-background-meta":{"desktop":{"background-color":"var(--ast-global-color-5)","background-image":"","background-repeat":"repeat","background-position":"center center","background-size":"auto","background-attachment":"scroll","background-type":"","background-media":"","overlay-type":"","overlay-color":"","overlay-opacity":"","overlay-gradient":""},"tablet":{"background-color":"var(--ast-global-color-5)","background-image":"","background-repeat":"repeat","background-position":"center center","background-size":"auto","background-attachment":"scroll","background-type":"","background-media":"","overlay-type":"","overlay-color":"","overlay-opacity":"","overlay-gradient":""},"mobile":{"background-color":"var(--ast-global-color-5)","background-image":"","background-repeat":"repeat","background-position":"center center","background-size":"auto","background-attachment":"scroll","background-type":"","background-media":"","overlay-type":"","overlay-color":"","overlay-opacity":"","overlay-gradient":""}},"footnotes":""},"class_list":["post-37572","page","type-page","status-publish","has-post-thumbnail","hentry"],"acf":[],"_links":{"self":[{"href":"https:\/\/caswe-acfts.ca\/fr\/wp-json\/wp\/v2\/pages\/37572","targetHints":{"allow":["GET"]}}],"collection":[{"href":"https:\/\/caswe-acfts.ca\/fr\/wp-json\/wp\/v2\/pages"}],"about":[{"href":"https:\/\/caswe-acfts.ca\/fr\/wp-json\/wp\/v2\/types\/page"}],"author":[{"embeddable":true,"href":"https:\/\/caswe-acfts.ca\/fr\/wp-json\/wp\/v2\/users\/2"}],"replies":[{"embeddable":true,"href":"https:\/\/caswe-acfts.ca\/fr\/wp-json\/wp\/v2\/comments?post=37572"}],"version-history":[{"count":13,"href":"https:\/\/caswe-acfts.ca\/fr\/wp-json\/wp\/v2\/pages\/37572\/revisions"}],"predecessor-version":[{"id":48469,"href":"https:\/\/caswe-acfts.ca\/fr\/wp-json\/wp\/v2\/pages\/37572\/revisions\/48469"}],"wp:featuredmedia":[{"embeddable":true,"href":"https:\/\/caswe-acfts.ca\/fr\/wp-json\/wp\/v2\/media\/40879"}],"wp:attachment":[{"href":"https:\/\/caswe-acfts.ca\/fr\/wp-json\/wp\/v2\/media?parent=37572"}],"curies":[{"name":"wp","href":"https:\/\/api.w.org\/{rel}","templated":true}]}}