{"id":38332,"date":"2021-09-17T12:58:30","date_gmt":"2021-09-17T16:58:30","guid":{"rendered":"https:\/\/caswe-acfts.ca\/?page_id=38332"},"modified":"2021-11-18T10:31:02","modified_gmt":"2021-11-18T15:31:02","slug":"projet-sur-lutilisation-des-opioides-et-les-troubles-lies-a-lutilisation-des-opioides","status":"publish","type":"page","link":"https:\/\/caswe-acfts.ca\/fr\/projet-sur-lutilisation-des-opioides-et-les-troubles-lies-a-lutilisation-des-opioides\/","title":{"rendered":"Projet sur l\u2019utilisation des opio\u00efdes et les troubles li\u00e9s \u00e0 l\u2019utilisation des opio\u00efdes"},"content":{"rendered":"\t\t<div data-elementor-type=\"wp-page\" data-elementor-id=\"38332\" class=\"elementor elementor-38332 elementor-37794\" data-elementor-post-type=\"page\">\n\t\t\t\t\t\t<section class=\"elementor-section elementor-top-section elementor-element elementor-element-607f1dac elementor-section-full_width elementor-section-content-top elementor-section-height-default elementor-section-height-default\" data-id=\"607f1dac\" data-element_type=\"section\" data-e-type=\"section\" data-settings=\"{&quot;background_background&quot;:&quot;classic&quot;}\">\n\t\t\t\t\t\t<div class=\"elementor-container elementor-column-gap-wide\">\n\t\t\t\t\t<div class=\"elementor-column elementor-col-100 elementor-top-column elementor-element elementor-element-70f8ff09\" data-id=\"70f8ff09\" data-element_type=\"column\" data-e-type=\"column\">\n\t\t\t<div class=\"elementor-widget-wrap elementor-element-populated\">\n\t\t\t\t\t\t\t<\/div>\n\t\t<\/div>\n\t\t\t\t\t<\/div>\n\t\t<\/section>\n\t\t\t\t<section class=\"elementor-section elementor-top-section elementor-element elementor-element-00fa2f9 elementor-section-boxed elementor-section-height-default elementor-section-height-default\" data-id=\"00fa2f9\" data-element_type=\"section\" data-e-type=\"section\">\n\t\t\t\t\t\t<div class=\"elementor-container elementor-column-gap-default\">\n\t\t\t\t\t<div class=\"elementor-column elementor-col-100 elementor-top-column elementor-element elementor-element-ade2561\" data-id=\"ade2561\" data-element_type=\"column\" data-e-type=\"column\">\n\t\t\t<div class=\"elementor-widget-wrap elementor-element-populated\">\n\t\t\t\t\t\t<section class=\"elementor-section elementor-inner-section elementor-element elementor-element-7fbbaf2 elementor-section-boxed elementor-section-height-default elementor-section-height-default\" data-id=\"7fbbaf2\" data-element_type=\"section\" data-e-type=\"section\">\n\t\t\t\t\t\t<div class=\"elementor-container elementor-column-gap-default\">\n\t\t\t\t\t<div class=\"elementor-column elementor-col-50 elementor-inner-column elementor-element elementor-element-1202c41\" data-id=\"1202c41\" data-element_type=\"column\" data-e-type=\"column\">\n\t\t\t<div class=\"elementor-widget-wrap elementor-element-populated\">\n\t\t\t\t\t\t<div class=\"elementor-element elementor-element-e4124e4 elementor-widget elementor-widget-text-editor\" data-id=\"e4124e4\" data-element_type=\"widget\" data-e-type=\"widget\" data-widget_type=\"text-editor.default\">\n\t\t\t\t<div class=\"elementor-widget-container\">\n\t\t\t\t\t\t\t\t\t<p style=\"margin: 0in 0in 12pt; background-image: initial; background-position: initial; background-size: initial; background-repeat: initial; background-attachment: initial; background-origin: initial; background-clip: initial;\"><span lang=\"FR\" style=\"font-family: 'Source Serif Pro',serif; mso-bidi-font-family: Arial; color: #010101; mso-ansi-language: FR;\">Le programme de formation professionnelle pour les soins de sant\u00e9 et services sociaux en mati\u00e8re d&rsquo;usage d&rsquo;opio\u00efdes et de troubles li\u00e9s \u00e0 l&rsquo;utilisation d&rsquo;opio\u00efdes est une ressource\u00a0\u00e9lectronique disponible en\u00a0anglais et en fran\u00e7ais.\u00a0La ressource gratuite comporte huit modules qui couvrent 65 sujets et a \u00e9t\u00e9 \u00e9labor\u00e9e \u00e0 l&rsquo;intention des \u00e9tudiant(e)s et des enseignant(e)s des programmes de travail social, de pharmacie et de soins infirmiers autoris\u00e9s qui souhaitent se renseigner de mani\u00e8re ind\u00e9pendante sur ce sujet.<br \/><br \/><\/span><span lang=\"FR\" style=\"font-family: 'Source Serif Pro',serif; mso-bidi-font-family: Arial; color: #010101; mso-ansi-language: FR;\">La ressource \u00e9lectronique a \u00e9t\u00e9 cr\u00e9\u00e9e par l&rsquo;Association canadienne des \u00e9coles de sciences infirmi\u00e8res, l&rsquo;Association de pharmacie du Canada et l&rsquo;Association canadienne pour la formation en travail social (CASWE-ACFTS) avec le financement de Sant\u00e9 Canada.<\/span><\/p>\t\t\t\t\t\t\t\t<\/div>\n\t\t\t\t<\/div>\n\t\t\t\t\t<\/div>\n\t\t<\/div>\n\t\t\t\t<div class=\"elementor-column elementor-col-50 elementor-inner-column elementor-element elementor-element-83e4664\" data-id=\"83e4664\" data-element_type=\"column\" data-e-type=\"column\">\n\t\t\t<div class=\"elementor-widget-wrap elementor-element-populated\">\n\t\t\t\t\t\t<div class=\"elementor-element elementor-element-a21f6d7 elementor-widget elementor-widget-image\" data-id=\"a21f6d7\" data-element_type=\"widget\" data-e-type=\"widget\" data-widget_type=\"image.default\">\n\t\t\t\t<div class=\"elementor-widget-container\">\n\t\t\t\t\t\t\t\t\t\t\t\t\t\t\t<img fetchpriority=\"high\" decoding=\"async\" width=\"768\" height=\"444\" src=\"https:\/\/caswe-acfts.ca\/wp-content\/uploads\/2021\/11\/Opioid_Site_Image-french-768x444.png\" class=\"attachment-medium_large size-medium_large wp-image-39310\" alt=\"Opioid Site Image french\" srcset=\"https:\/\/caswe-acfts.ca\/wp-content\/uploads\/2021\/11\/Opioid_Site_Image-french-768x444.png 768w, https:\/\/caswe-acfts.ca\/wp-content\/uploads\/2021\/11\/Opioid_Site_Image-french-300x174.png 300w, https:\/\/caswe-acfts.ca\/wp-content\/uploads\/2021\/11\/Opioid_Site_Image-french.png 982w\" sizes=\"(max-width: 768px) 100vw, 768px\" \/>\t\t\t\t\t\t\t\t\t\t\t\t\t\t\t<\/div>\n\t\t\t\t<\/div>\n\t\t\t\t\t<\/div>\n\t\t<\/div>\n\t\t\t\t\t<\/div>\n\t\t<\/section>\n\t\t\t\t<div class=\"elementor-element elementor-element-ac20ca2 elementor-align-start elementor-mobile-align-start elementor-icon-list--layout-traditional elementor-list-item-link-full_width elementor-widget elementor-widget-icon-list\" data-id=\"ac20ca2\" data-element_type=\"widget\" data-e-type=\"widget\" data-widget_type=\"icon-list.default\">\n\t\t\t\t<div class=\"elementor-widget-container\">\n\t\t\t\t\t\t\t<ul class=\"elementor-icon-list-items\">\n\t\t\t\t\t\t\t<li class=\"elementor-icon-list-item\">\n\t\t\t\t\t\t\t\t\t\t\t<a href=\"https:\/\/ououd.casn.ca\/fr\/accueil.html\" target=\"_blank\">\n\n\t\t\t\t\t\t\t\t\t\t\t\t<span class=\"elementor-icon-list-icon\">\n\t\t\t\t\t\t\t<i aria-hidden=\"true\" class=\"fas fa-arrow-right\"><\/i>\t\t\t\t\t\t<\/span>\n\t\t\t\t\t\t\t\t\t\t<span class=\"elementor-icon-list-text\">Ressources \u00e9lectroniques<\/span>\n\t\t\t\t\t\t\t\t\t\t\t<\/a>\n\t\t\t\t\t\t\t\t\t<\/li>\n\t\t\t\t\t\t\t\t<li class=\"elementor-icon-list-item\">\n\t\t\t\t\t\t\t\t\t\t\t<a href=\"https:\/\/caswe-acfts.ca\/wp-content\/uploads\/2021\/11\/Interprofessional-Guidelines-Opioid-Use_FR_web.pdf\">\n\n\t\t\t\t\t\t\t\t\t\t\t\t<span class=\"elementor-icon-list-icon\">\n\t\t\t\t\t\t\t<i aria-hidden=\"true\" class=\"fas fa-arrow-right\"><\/i>\t\t\t\t\t\t<\/span>\n\t\t\t\t\t\t\t\t\t\t<span class=\"elementor-icon-list-text\">Lignes directrices<\/span>\n\t\t\t\t\t\t\t\t\t\t\t<\/a>\n\t\t\t\t\t\t\t\t\t<\/li>\n\t\t\t\t\t\t<\/ul>\n\t\t\t\t\t\t<\/div>\n\t\t\t\t<\/div>\n\t\t\t\t<div class=\"elementor-element elementor-element-d0f02b6 elementor-widget elementor-widget-text-editor\" data-id=\"d0f02b6\" data-element_type=\"widget\" data-e-type=\"widget\" data-widget_type=\"text-editor.default\">\n\t\t\t\t<div class=\"elementor-widget-container\">\n\t\t\t\t\t\t\t\t\t<p style=\"margin: 0in 0in 19.2pt; background-image: initial; background-position: initial; background-size: initial; background-repeat: initial; background-attachment: initial; background-origin: initial; background-clip: initial;\"><span lang=\"FR\" style=\"font-family: 'Source Serif Pro',serif; color: black; mso-color-alt: windowtext; letter-spacing: -.4pt; mso-ansi-language: FR;\">Gr\u00e2ce au soutien financier de Sant\u00e9 Canada, l\u2019ACESI, l\u2019AFPC et la CASWE-ACFTS se sont engag\u00e9es \u00e0 collaborer pour s\u2019assurer que les dipl\u00f4m\u00e9es en sciences infirmi\u00e8res, en pharmacie et en travail social int\u00e8grent le march\u00e9 du travail bien pr\u00e9par\u00e9es, en ayant des connaissances fond\u00e9es sur des donn\u00e9es probantes qui leur seront n\u00e9cessaires pour traiter les enjeux li\u00e9s \u00e0 l\u2019usage d\u2019opio\u00efdes et aux troubles de consommation d\u2019opio\u00efdes.<br \/><br \/><\/span><span lang=\"FR\" style=\"font-family: 'Source Serif Pro',serif; color: black; mso-color-alt: windowtext; letter-spacing: -.4pt; mso-ansi-language: FR;\">Pour atteindre cet objectif, les lignes directrices de formation nationales, consensuelles et interprofessionnelles serviront \u00e0 favoriser des changements dans les programmes de formation en sciences infirmi\u00e8res, en pharmacie et en travail social \u00e0 travers le Canada dans ce domaine important. Les r\u00e9sultats d\u2019apprentissage identifi\u00e9s dans ce document constituent des cibles que les dipl\u00f4m\u00e9es des programmes de baccalaur\u00e9at en sciences infirmi\u00e8res, en pharmacie et en travail social doivent atteindre en ce qui concerne les enjeux li\u00e9s \u00e0 l\u2019usage d\u2019opio\u00efdes et les troubles de consommation d\u2019opio\u00efdes dans l\u2019ensemble du continuum de soins de sant\u00e9 et de services sociaux primaires, secondaires et tertiaires, soit dans la pr\u00e9vention, la promotion de la sant\u00e9, la r\u00e9duction des m\u00e9faits, les traitements et le r\u00e9tablissement.<\/span><\/p>\t\t\t\t\t\t\t\t<\/div>\n\t\t\t\t<\/div>\n\t\t\t\t\t<\/div>\n\t\t<\/div>\n\t\t\t\t\t<\/div>\n\t\t<\/section>\n\t\t\t\t<section class=\"elementor-section elementor-top-section elementor-element elementor-element-05eaf05 elementor-section-boxed elementor-section-height-default elementor-section-height-default\" data-id=\"05eaf05\" data-element_type=\"section\" data-e-type=\"section\" data-settings=\"{&quot;background_background&quot;:&quot;classic&quot;}\">\n\t\t\t\t\t\t<div class=\"elementor-container elementor-column-gap-default\">\n\t\t\t\t\t<div class=\"elementor-column elementor-col-100 elementor-top-column elementor-element elementor-element-05cb4a6\" data-id=\"05cb4a6\" data-element_type=\"column\" data-e-type=\"column\">\n\t\t\t<div class=\"elementor-widget-wrap elementor-element-populated\">\n\t\t\t\t\t\t<div class=\"elementor-element elementor-element-1468881 elementor-widget elementor-widget-text-editor\" data-id=\"1468881\" data-element_type=\"widget\" data-e-type=\"widget\" data-widget_type=\"text-editor.default\">\n\t\t\t\t<div class=\"elementor-widget-container\">\n\t\t\t\t\t\t\t\t\t<p>Ces lignes directrices pour la formation interprofessionnelle repr\u00e9sentent le premier de trois objectifs principaux et seront compl\u00e9t\u00e9es par :<\/p><ul><li><strong><em>des protocoles consensuels et interprofessionnels<\/em><\/strong>\u00a0pour faciliter l\u2019int\u00e9gration des lignes directrices des programmes de formation au sein des \u00e9coles-membres des trois professions en sant\u00e9 qui collaborent \u00e0 ce projet;<\/li><li><strong><em>une ressource \u00e9lectronique gratuite \u00e0 acc\u00e8s libre<\/em><\/strong>, comprenant des outils d\u2019enseignement et d\u2019apprentissage qui fourniront davantage de contenu, plus approfondi, pour aborder lesr\u00e9sultats d\u2019apprentissage figurant dans les lignes directrices.<\/li><\/ul><p><em>***L\u2019ACESI, l\u2019AFPC et la CASWE-ACFTS reconnaissent que, bien que ces lignes directrices pour la formation interprofessionnelle soient ax\u00e9es sur l\u2019usage d\u2019opio\u00efdes et les troubles de consommation d\u2019opio\u00efdes, ce sont des probl\u00e8mes complexes qui peuvent \u00eatre v\u00e9cus en concomitance avec d\u2019autres types d\u2019usage de substances, des troubles li\u00e9s \u00e0 la consommation de substances, des traumatismes, de la stigmatisation et des maladies mentales.<\/em><\/p><p>Pour plus d\u2019informations, veuillez contacter Carole Carpot, Directrice g\u00e9n\u00e9rale de CASWE-ACFTS \u00e0\u00a0<a href=\"mailto:ed-dg@caswe-acfts.ca\">ed-dg@caswe-acfts.ca <\/a>.<\/p>\t\t\t\t\t\t\t\t<\/div>\n\t\t\t\t<\/div>\n\t\t\t\t<div class=\"elementor-element elementor-element-15d0b58 elementor-align-start elementor-mobile-align-start elementor-icon-list--layout-traditional elementor-list-item-link-full_width elementor-widget elementor-widget-icon-list\" data-id=\"15d0b58\" data-element_type=\"widget\" data-e-type=\"widget\" data-widget_type=\"icon-list.default\">\n\t\t\t\t<div class=\"elementor-widget-container\">\n\t\t\t\t\t\t\t<ul class=\"elementor-icon-list-items\">\n\t\t\t\t\t\t\t<li class=\"elementor-icon-list-item\">\n\t\t\t\t\t\t\t\t\t\t\t<a href=\"https:\/\/caswe-acfts.ca\/wp-content\/uploads\/2021\/07\/RFP_-HPE_OUOUD_Sept-2019_EN_FINAL.pdf\" target=\"_blank\">\n\n\t\t\t\t\t\t\t\t\t\t\t\t<span class=\"elementor-icon-list-icon\">\n\t\t\t\t\t\t\t<i aria-hidden=\"true\" class=\"fas fa-arrow-right\"><\/i>\t\t\t\t\t\t<\/span>\n\t\t\t\t\t\t\t\t\t\t<span class=\"elementor-icon-list-text\">RFP \u2013 Curriculum and Web Development Services<\/span>\n\t\t\t\t\t\t\t\t\t\t\t<\/a>\n\t\t\t\t\t\t\t\t\t<\/li>\n\t\t\t\t\t\t\t\t<li class=\"elementor-icon-list-item\">\n\t\t\t\t\t\t\t\t\t\t\t<a href=\"http:\/\/bccewh.bc.ca\/wp-content\/uploads\/2019\/11\/CEWH-03-MO-Toolkit_WEB_Update-F-1.pdf\" target=\"_blank\">\n\n\t\t\t\t\t\t\t\t\t\t\t\t<span class=\"elementor-icon-list-icon\">\n\t\t\t\t\t\t\t<i aria-hidden=\"true\" class=\"fas fa-arrow-right\"><\/i>\t\t\t\t\t\t<\/span>\n\t\t\t\t\t\t\t\t\t\t<span class=\"elementor-icon-list-text\">Toolkit \u2013 Mothering and Opioids: Addressing Stigma<\/span>\n\t\t\t\t\t\t\t\t\t\t\t<\/a>\n\t\t\t\t\t\t\t\t\t<\/li>\n\t\t\t\t\t\t<\/ul>\n\t\t\t\t\t\t<\/div>\n\t\t\t\t<\/div>\n\t\t\t\t\t<\/div>\n\t\t<\/div>\n\t\t\t\t\t<\/div>\n\t\t<\/section>\n\t\t\t\t<\/div>\n\t\t","protected":false},"excerpt":{"rendered":"<p>Le programme de formation professionnelle pour les soins de sant\u00e9 et services sociaux en mati\u00e8re d&rsquo;usage d&rsquo;opio\u00efdes et de troubles li\u00e9s \u00e0 l&rsquo;utilisation d&rsquo;opio\u00efdes est une ressource\u00a0\u00e9lectronique disponible en\u00a0anglais et en fran\u00e7ais.\u00a0La ressource gratuite comporte huit modules qui couvrent 65 sujets et a \u00e9t\u00e9 \u00e9labor\u00e9e \u00e0 l&rsquo;intention des \u00e9tudiant(e)s et des enseignant(e)s des programmes de [&hellip;]<\/p>\n","protected":false},"author":2,"featured_media":40879,"parent":0,"menu_order":14,"comment_status":"closed","ping_status":"closed","template":"","meta":{"_acf_changed":false,"_seopress_robots_primary_cat":"","_seopress_titles_title":"","_seopress_titles_desc":"","_seopress_robots_index":"","site-sidebar-layout":"no-sidebar","site-content-layout":"page-builder","ast-site-content-layout":"default","site-content-style":"default","site-sidebar-style":"default","ast-global-header-display":"","ast-banner-title-visibility":"","ast-main-header-display":"","ast-hfb-above-header-display":"","ast-hfb-below-header-display":"","ast-hfb-mobile-header-display":"","site-post-title":"disabled","ast-breadcrumbs-content":"","ast-featured-img":"disabled","footer-sml-layout":"","ast-disable-related-posts":"","theme-transparent-header-meta":"default","adv-header-id-meta":"","stick-header-meta":"","header-above-stick-meta":"","header-main-stick-meta":"","header-below-stick-meta":"","astra-migrate-meta-layouts":"default","ast-page-background-enabled":"default","ast-page-background-meta":{"desktop":{"background-color":"","background-image":"","background-repeat":"repeat","background-position":"center center","background-size":"auto","background-attachment":"scroll","background-type":"","background-media":"","overlay-type":"","overlay-color":"","overlay-opacity":"","overlay-gradient":""},"tablet":{"background-color":"","background-image":"","background-repeat":"repeat","background-position":"center center","background-size":"auto","background-attachment":"scroll","background-type":"","background-media":"","overlay-type":"","overlay-color":"","overlay-opacity":"","overlay-gradient":""},"mobile":{"background-color":"","background-image":"","background-repeat":"repeat","background-position":"center center","background-size":"auto","background-attachment":"scroll","background-type":"","background-media":"","overlay-type":"","overlay-color":"","overlay-opacity":"","overlay-gradient":""}},"ast-content-background-meta":{"desktop":{"background-color":"var(--ast-global-color-5)","background-image":"","background-repeat":"repeat","background-position":"center center","background-size":"auto","background-attachment":"scroll","background-type":"","background-media":"","overlay-type":"","overlay-color":"","overlay-opacity":"","overlay-gradient":""},"tablet":{"background-color":"var(--ast-global-color-5)","background-image":"","background-repeat":"repeat","background-position":"center center","background-size":"auto","background-attachment":"scroll","background-type":"","background-media":"","overlay-type":"","overlay-color":"","overlay-opacity":"","overlay-gradient":""},"mobile":{"background-color":"var(--ast-global-color-5)","background-image":"","background-repeat":"repeat","background-position":"center center","background-size":"auto","background-attachment":"scroll","background-type":"","background-media":"","overlay-type":"","overlay-color":"","overlay-opacity":"","overlay-gradient":""}},"footnotes":""},"class_list":["post-38332","page","type-page","status-publish","has-post-thumbnail","hentry"],"acf":[],"_links":{"self":[{"href":"https:\/\/caswe-acfts.ca\/fr\/wp-json\/wp\/v2\/pages\/38332","targetHints":{"allow":["GET"]}}],"collection":[{"href":"https:\/\/caswe-acfts.ca\/fr\/wp-json\/wp\/v2\/pages"}],"about":[{"href":"https:\/\/caswe-acfts.ca\/fr\/wp-json\/wp\/v2\/types\/page"}],"author":[{"embeddable":true,"href":"https:\/\/caswe-acfts.ca\/fr\/wp-json\/wp\/v2\/users\/2"}],"replies":[{"embeddable":true,"href":"https:\/\/caswe-acfts.ca\/fr\/wp-json\/wp\/v2\/comments?post=38332"}],"version-history":[{"count":10,"href":"https:\/\/caswe-acfts.ca\/fr\/wp-json\/wp\/v2\/pages\/38332\/revisions"}],"predecessor-version":[{"id":39327,"href":"https:\/\/caswe-acfts.ca\/fr\/wp-json\/wp\/v2\/pages\/38332\/revisions\/39327"}],"wp:featuredmedia":[{"embeddable":true,"href":"https:\/\/caswe-acfts.ca\/fr\/wp-json\/wp\/v2\/media\/40879"}],"wp:attachment":[{"href":"https:\/\/caswe-acfts.ca\/fr\/wp-json\/wp\/v2\/media?parent=38332"}],"curies":[{"name":"wp","href":"https:\/\/api.w.org\/{rel}","templated":true}]}}