{"id":38606,"date":"2021-09-20T14:15:46","date_gmt":"2021-09-20T18:15:46","guid":{"rendered":"https:\/\/caswe-acfts.ca\/?page_id=38606"},"modified":"2021-09-20T14:43:37","modified_gmt":"2021-09-20T18:43:37","slug":"schools-of-social-work-in-quebec","status":"publish","type":"page","link":"https:\/\/caswe-acfts.ca\/fr\/schools-of-social-work-in-quebec\/","title":{"rendered":"\u00c9coles de service social au Qu\u00e9bec"},"content":{"rendered":"\t\t<div data-elementor-type=\"wp-page\" data-elementor-id=\"38606\" class=\"elementor elementor-38606\" data-elementor-post-type=\"page\">\n\t\t\t\t\t\t<section class=\"elementor-section elementor-top-section elementor-element elementor-element-89563de elementor-section-full_width elementor-section-content-top elementor-section-height-default elementor-section-height-default\" data-id=\"89563de\" data-element_type=\"section\" data-e-type=\"section\" data-settings=\"{&quot;background_background&quot;:&quot;classic&quot;}\">\n\t\t\t\t\t\t<div class=\"elementor-container elementor-column-gap-wide\">\n\t\t\t\t\t<div class=\"elementor-column elementor-col-100 elementor-top-column elementor-element elementor-element-82bff51\" data-id=\"82bff51\" data-element_type=\"column\" data-e-type=\"column\">\n\t\t\t<div class=\"elementor-widget-wrap elementor-element-populated\">\n\t\t\t\t\t\t\t<\/div>\n\t\t<\/div>\n\t\t\t\t\t<\/div>\n\t\t<\/section>\n\t\t\t\t<section class=\"elementor-section elementor-top-section elementor-element elementor-element-6b1fe90 elementor-section-boxed elementor-section-height-default elementor-section-height-default\" data-id=\"6b1fe90\" data-element_type=\"section\" data-e-type=\"section\">\n\t\t\t\t\t\t<div class=\"elementor-container elementor-column-gap-default\">\n\t\t\t\t\t<div class=\"elementor-column elementor-col-100 elementor-top-column elementor-element elementor-element-cb0628b\" data-id=\"cb0628b\" data-element_type=\"column\" data-e-type=\"column\">\n\t\t\t<div class=\"elementor-widget-wrap elementor-element-populated\">\n\t\t\t\t\t\t<div class=\"elementor-element elementor-element-25ddd47 elementor-widget elementor-widget-text-editor\" data-id=\"25ddd47\" data-element_type=\"widget\" data-e-type=\"widget\" data-widget_type=\"text-editor.default\">\n\t\t\t\t<div class=\"elementor-widget-container\">\n\t\t\t\t\t\t\t\t\t<ul><li><a href=\"http:\/\/www.mcgill.ca\/socialwork\/\">McGill University<br \/><\/a><\/li><li><a href=\"http:\/\/travail-social.umontreal.ca\/accueil\/\">Universit\u00e9 de Montr\u00e9al<br \/><\/a><\/li><li><a href=\"https:\/\/www.usherbrooke.ca\/service-social\/\">Universit\u00e9 de Sherbrooke<br \/><\/a><\/li><li><a href=\"http:\/\/programmes.uqac.ca\/7798\">Universit\u00e9 du Qu\u00e9bec \u00e0 Chicoutimi<br \/><\/a><\/li><li><a href=\"https:\/\/travailsocial.uqam.ca\/\">Universit\u00e9 du Qu\u00e9bec \u00e0 Montr\u00e9al<br \/><\/a><\/li><li><a href=\"http:\/\/www.uqar.ca\/etudes\/etudier-a-l-uqar\/programmes-d-etudes\/7798\">Universit\u00e9 du Qu\u00e9bec \u00e0 Rimouski<br \/><\/a><\/li><li><a href=\"http:\/\/uqat.ca\/etudes\/developpement-humain-et-social\/baccalaureat-en-travail-social\/\">Universit\u00e9 du Qu\u00e9bec en Abitibi-T\u00e9miscamingue<br \/><\/a><\/li><li><a href=\"https:\/\/uqo.ca\/dep\/travail-social\">Universit\u00e9 du Qu\u00e9bec en Outaouais<br \/><\/a><\/li><li><a href=\"https:\/\/www.svs.ulaval.ca\/\">Universit\u00e9 Laval<\/a><\/li><\/ul>\t\t\t\t\t\t\t\t<\/div>\n\t\t\t\t<\/div>\n\t\t\t\t\t<\/div>\n\t\t<\/div>\n\t\t\t\t\t<\/div>\n\t\t<\/section>\n\t\t\t\t<\/div>\n\t\t","protected":false},"excerpt":{"rendered":"<p>\u00c9coles de service social au Qu\u00e9bec \u00c9coles de service social au Qu\u00e9bec McGill University Universit\u00e9 de Montr\u00e9al Universit\u00e9 de Sherbrooke Universit\u00e9 du Qu\u00e9bec \u00e0 Chicoutimi Universit\u00e9 du Qu\u00e9bec \u00e0 Montr\u00e9al Universit\u00e9 du Qu\u00e9bec \u00e0 Rimouski Universit\u00e9 du Qu\u00e9bec en Abitibi-T\u00e9miscamingue Universit\u00e9 du Qu\u00e9bec en Outaouais Universit\u00e9 Laval<\/p>\n","protected":false},"author":2,"featured_media":40879,"parent":0,"menu_order":16,"comment_status":"closed","ping_status":"closed","template":"","meta":{"_acf_changed":false,"_seopress_robots_primary_cat":"","_seopress_titles_title":"","_seopress_titles_desc":"","_seopress_robots_index":"","site-sidebar-layout":"no-sidebar","site-content-layout":"page-builder","ast-site-content-layout":"default","site-content-style":"default","site-sidebar-style":"default","ast-global-header-display":"","ast-banner-title-visibility":"","ast-main-header-display":"","ast-hfb-above-header-display":"","ast-hfb-below-header-display":"","ast-hfb-mobile-header-display":"","site-post-title":"disabled","ast-breadcrumbs-content":"","ast-featured-img":"disabled","footer-sml-layout":"","ast-disable-related-posts":"","theme-transparent-header-meta":"default","adv-header-id-meta":"","stick-header-meta":"","header-above-stick-meta":"","header-main-stick-meta":"","header-below-stick-meta":"","astra-migrate-meta-layouts":"default","ast-page-background-enabled":"default","ast-page-background-meta":{"desktop":{"background-color":"","background-image":"","background-repeat":"repeat","background-position":"center center","background-size":"auto","background-attachment":"scroll","background-type":"","background-media":"","overlay-type":"","overlay-color":"","overlay-opacity":"","overlay-gradient":""},"tablet":{"background-color":"","background-image":"","background-repeat":"repeat","background-position":"center center","background-size":"auto","background-attachment":"scroll","background-type":"","background-media":"","overlay-type":"","overlay-color":"","overlay-opacity":"","overlay-gradient":""},"mobile":{"background-color":"","background-image":"","background-repeat":"repeat","background-position":"center center","background-size":"auto","background-attachment":"scroll","background-type":"","background-media":"","overlay-type":"","overlay-color":"","overlay-opacity":"","overlay-gradient":""}},"ast-content-background-meta":{"desktop":{"background-color":"var(--ast-global-color-5)","background-image":"","background-repeat":"repeat","background-position":"center center","background-size":"auto","background-attachment":"scroll","background-type":"","background-media":"","overlay-type":"","overlay-color":"","overlay-opacity":"","overlay-gradient":""},"tablet":{"background-color":"var(--ast-global-color-5)","background-image":"","background-repeat":"repeat","background-position":"center center","background-size":"auto","background-attachment":"scroll","background-type":"","background-media":"","overlay-type":"","overlay-color":"","overlay-opacity":"","overlay-gradient":""},"mobile":{"background-color":"var(--ast-global-color-5)","background-image":"","background-repeat":"repeat","background-position":"center center","background-size":"auto","background-attachment":"scroll","background-type":"","background-media":"","overlay-type":"","overlay-color":"","overlay-opacity":"","overlay-gradient":""}},"footnotes":""},"class_list":["post-38606","page","type-page","status-publish","has-post-thumbnail","hentry"],"acf":[],"_links":{"self":[{"href":"https:\/\/caswe-acfts.ca\/fr\/wp-json\/wp\/v2\/pages\/38606","targetHints":{"allow":["GET"]}}],"collection":[{"href":"https:\/\/caswe-acfts.ca\/fr\/wp-json\/wp\/v2\/pages"}],"about":[{"href":"https:\/\/caswe-acfts.ca\/fr\/wp-json\/wp\/v2\/types\/page"}],"author":[{"embeddable":true,"href":"https:\/\/caswe-acfts.ca\/fr\/wp-json\/wp\/v2\/users\/2"}],"replies":[{"embeddable":true,"href":"https:\/\/caswe-acfts.ca\/fr\/wp-json\/wp\/v2\/comments?post=38606"}],"version-history":[{"count":10,"href":"https:\/\/caswe-acfts.ca\/fr\/wp-json\/wp\/v2\/pages\/38606\/revisions"}],"predecessor-version":[{"id":38650,"href":"https:\/\/caswe-acfts.ca\/fr\/wp-json\/wp\/v2\/pages\/38606\/revisions\/38650"}],"wp:featuredmedia":[{"embeddable":true,"href":"https:\/\/caswe-acfts.ca\/fr\/wp-json\/wp\/v2\/media\/40879"}],"wp:attachment":[{"href":"https:\/\/caswe-acfts.ca\/fr\/wp-json\/wp\/v2\/media?parent=38606"}],"curies":[{"name":"wp","href":"https:\/\/api.w.org\/{rel}","templated":true}]}}