{"id":38608,"date":"2021-09-20T14:17:42","date_gmt":"2021-09-20T18:17:42","guid":{"rendered":"https:\/\/caswe-acfts.ca\/?page_id=38608"},"modified":"2021-09-20T14:51:01","modified_gmt":"2021-09-20T18:51:01","slug":"tc-iswen","status":"publish","type":"page","link":"https:\/\/caswe-acfts.ca\/fr\/tc-iswen\/","title":{"rendered":"TC-ISWEN"},"content":{"rendered":"\t\t<div data-elementor-type=\"wp-page\" data-elementor-id=\"38608\" class=\"elementor elementor-38608\" data-elementor-post-type=\"page\">\n\t\t\t\t\t\t<section class=\"elementor-section elementor-top-section elementor-element elementor-element-1771081 elementor-section-full_width elementor-section-content-top elementor-section-height-default elementor-section-height-default\" data-id=\"1771081\" data-element_type=\"section\" data-e-type=\"section\" data-settings=\"{&quot;background_background&quot;:&quot;classic&quot;}\">\n\t\t\t\t\t\t<div class=\"elementor-container elementor-column-gap-wide\">\n\t\t\t\t\t<div class=\"elementor-column elementor-col-100 elementor-top-column elementor-element elementor-element-4dd3e26\" data-id=\"4dd3e26\" data-element_type=\"column\" data-e-type=\"column\">\n\t\t\t<div class=\"elementor-widget-wrap elementor-element-populated\">\n\t\t\t\t\t\t\t<\/div>\n\t\t<\/div>\n\t\t\t\t\t<\/div>\n\t\t<\/section>\n\t\t\t\t<section class=\"elementor-section elementor-top-section elementor-element elementor-element-7aef08c elementor-section-boxed elementor-section-height-default elementor-section-height-default\" data-id=\"7aef08c\" data-element_type=\"section\" data-e-type=\"section\">\n\t\t\t\t\t\t<div class=\"elementor-container elementor-column-gap-default\">\n\t\t\t\t\t<div class=\"elementor-column elementor-col-100 elementor-top-column elementor-element elementor-element-d329dfb\" data-id=\"d329dfb\" data-element_type=\"column\" data-e-type=\"column\">\n\t\t\t<div class=\"elementor-widget-wrap elementor-element-populated\">\n\t\t\t\t\t\t<div class=\"elementor-element elementor-element-b9e2630 elementor-widget elementor-widget-text-editor\" data-id=\"b9e2630\" data-element_type=\"widget\" data-e-type=\"widget\" data-widget_type=\"text-editor.default\">\n\t\t\t\t<div class=\"elementor-widget-container\">\n\t\t\t\t\t\t\t\t\t<p><strong>Thunderbird\u00a0Circle \u2013 le R\u00e9seau des formateurs autochtones en travail social<\/strong><\/p><p>La repr\u00e9sentante de Thunderbird Circle \u2013 le r\u00e9seau des formateurs autochtones en travail social aupr\u00e8s du CA est:\u00a0<a href=\"mailto:%20allanb@uvic.ca\">Billie Allan<\/a>.<\/p><p>Thunderbird Circle publie une d\u00e9claration de soutien \u00e0 M. Shelby McPhee et \u00e0 la\u00a0<a href=\"https:\/\/www.africancanadianstudies.com\/2017-bcsa-conference\">Black Canadian Studies Association<\/a>.<\/p>\t\t\t\t\t\t\t\t<\/div>\n\t\t\t\t<\/div>\n\t\t\t\t\t<\/div>\n\t\t<\/div>\n\t\t\t\t\t<\/div>\n\t\t<\/section>\n\t\t\t\t<section class=\"elementor-section elementor-top-section elementor-element elementor-element-30e8f82 elementor-section-boxed elementor-section-height-default elementor-section-height-default\" data-id=\"30e8f82\" data-element_type=\"section\" data-e-type=\"section\" data-settings=\"{&quot;background_background&quot;:&quot;classic&quot;}\">\n\t\t\t\t\t\t<div class=\"elementor-container elementor-column-gap-default\">\n\t\t\t\t\t<div class=\"elementor-column elementor-col-50 elementor-top-column elementor-element elementor-element-162eb57\" data-id=\"162eb57\" data-element_type=\"column\" data-e-type=\"column\">\n\t\t\t<div class=\"elementor-widget-wrap elementor-element-populated\">\n\t\t\t\t\t\t<div class=\"elementor-element elementor-element-9442411 elementor-align-start elementor-mobile-align-start elementor-icon-list--layout-traditional elementor-list-item-link-full_width elementor-widget elementor-widget-icon-list\" data-id=\"9442411\" data-element_type=\"widget\" data-e-type=\"widget\" data-widget_type=\"icon-list.default\">\n\t\t\t\t<div class=\"elementor-widget-container\">\n\t\t\t\t\t\t\t<ul class=\"elementor-icon-list-items\">\n\t\t\t\t\t\t\t<li class=\"elementor-icon-list-item\">\n\t\t\t\t\t\t\t\t\t\t\t<a href=\"\/wp-content\/uploads\/2021\/09\/TC-ISWEN.Rapportfr.pdf\">\n\n\t\t\t\t\t\t\t\t\t\t\t\t<span class=\"elementor-icon-list-icon\">\n\t\t\t\t\t\t\t<i aria-hidden=\"true\" class=\"fas fa-arrow-right\"><\/i>\t\t\t\t\t\t<\/span>\n\t\t\t\t\t\t\t\t\t\t<span class=\"elementor-icon-list-text\">2016-2017 Rapport annuel<\/span>\n\t\t\t\t\t\t\t\t\t\t\t<\/a>\n\t\t\t\t\t\t\t\t\t<\/li>\n\t\t\t\t\t\t\t\t<li class=\"elementor-icon-list-item\">\n\t\t\t\t\t\t\t\t\t\t\t<a href=\"\/wp-content\/uploads\/2021\/09\/Thunderbird-Nesting-Circle-FR.pdf\">\n\n\t\t\t\t\t\t\t\t\t\t\t\t<span class=\"elementor-icon-list-icon\">\n\t\t\t\t\t\t\t<i aria-hidden=\"true\" class=\"fas fa-arrow-right\"><\/i>\t\t\t\t\t\t<\/span>\n\t\t\t\t\t\t\t\t\t\t<span class=\"elementor-icon-list-text\">2015-2016 Rapport annuel<\/span>\n\t\t\t\t\t\t\t\t\t\t\t<\/a>\n\t\t\t\t\t\t\t\t\t<\/li>\n\t\t\t\t\t\t\t\t<li class=\"elementor-icon-list-item\">\n\t\t\t\t\t\t\t\t\t\t\t<a href=\"\/wp-content\/uploads\/2021\/09\/Fr.Website.TNC-ISWEN.rapport-annuel.pdf\">\n\n\t\t\t\t\t\t\t\t\t\t\t\t<span class=\"elementor-icon-list-icon\">\n\t\t\t\t\t\t\t<i aria-hidden=\"true\" class=\"fas fa-check\"><\/i>\t\t\t\t\t\t<\/span>\n\t\t\t\t\t\t\t\t\t\t<span class=\"elementor-icon-list-text\">Mai 2014 Rapport annuel<\/span>\n\t\t\t\t\t\t\t\t\t\t\t<\/a>\n\t\t\t\t\t\t\t\t\t<\/li>\n\t\t\t\t\t\t<\/ul>\n\t\t\t\t\t\t<\/div>\n\t\t\t\t<\/div>\n\t\t\t\t\t<\/div>\n\t\t<\/div>\n\t\t\t\t<div class=\"elementor-column elementor-col-50 elementor-top-column elementor-element elementor-element-3619a8e\" data-id=\"3619a8e\" data-element_type=\"column\" data-e-type=\"column\">\n\t\t\t<div class=\"elementor-widget-wrap\">\n\t\t\t\t\t\t\t<\/div>\n\t\t<\/div>\n\t\t\t\t\t<\/div>\n\t\t<\/section>\n\t\t\t\t<section class=\"elementor-section elementor-top-section elementor-element elementor-element-1df8be7 elementor-section-boxed elementor-section-height-default elementor-section-height-default\" data-id=\"1df8be7\" data-element_type=\"section\" data-e-type=\"section\">\n\t\t\t\t\t\t<div class=\"elementor-container elementor-column-gap-default\">\n\t\t\t\t\t<div class=\"elementor-column elementor-col-100 elementor-top-column elementor-element elementor-element-642d04d\" data-id=\"642d04d\" data-element_type=\"column\" data-e-type=\"column\">\n\t\t\t<div class=\"elementor-widget-wrap elementor-element-populated\">\n\t\t\t\t\t\t<div class=\"elementor-element elementor-element-3395629 elementor-widget elementor-widget-text-editor\" data-id=\"3395629\" data-element_type=\"widget\" data-e-type=\"widget\" data-widget_type=\"text-editor.default\">\n\t\t\t\t<div class=\"elementor-widget-container\">\n\t\t\t\t\t\t\t\t\t<p><strong>Awakening the Spirit: A Musqueam Canoe and Language Revitalization Research Project<\/strong><br \/><strong>Funded by SSHRC and the Musqueam Indian Band<\/strong><\/p><p>Below is a link to a newly released 21-minute video that tells the story of a 3 year SSHRC Insight Grant between the Musqueam Indian Band (in Vancouver), Thompson Rivers University and UBC Vancouver. Awakening the Spirit is a video that will be screened today at Musqueam Indian Band during their National Aboriginal Day celebrations and will be shown at NAISA 2017 on\u00a0<span data-term=\"goog_1440139554\">Saturday, June 24, 2017<\/span>\u00a0at UBC.<\/p><p>This canoe and language revitalization project is guided by a Musqueam Advisory Council comprised of Musqueam leadership, youth, elders and workers.\u00a0 My role is as PI on the project, and my partners are Corrina Sparrow of Musqueam Indian Band, Andrea Lyall in the faculty of Forestry and Dr. Jo-Ann Archibald of the faculty of Education at UBC Vancouver.\u00a0 Dr. Archibald is retiring from UBC at the end of June 2017.<\/p><p>This video is the story of the first red cedar Journey canoe carved in Musqueam in the past 30 years and is carved from a 350 year old tree originally located on Vancouver Island. The carving process was approximately 3 months long and is detailed in this video.<\/p><p>Elder Elmer Sampson and Elder Dickie Louis are the chief Coast Salish carvers on the project, and are at the forefront of revitalizing traditional canoe carving teachings and knowledge to the Musqueam FN community. In July 2017, this canoe will be used by Musqueam pullers on the Pulling Together journey off the coast of British Columbia.\u00a0 It will be the first time that a carved canoe from Musqueam will be entered in the Pulling Together journey and will be led by Rhiannon Bennett of Musqueam.<\/p><p>My hands are raised to Corrina Sparrow, the Social Development Manager at Musqueam Indian Band for her leadership on this project.<\/p><p>Without her vision, dedication and commitment to healing in her community, this project would not be a reality.<\/p><p>This is the video link:\u00a0<a href=\"https:\/\/www.youtube.com\/watch?v=HFA0C7SpN2k&amp;feature=youtu.be\" data-saferedirecturl=\"https:\/\/www.google.com\/url?hl=en&amp;q=https:\/\/www.youtube.com\/watch?v%3DHFA0C7SpN2k%26feature%3Dyoutu.be&amp;source=gmail&amp;ust=1498145995097000&amp;usg=AFQjCNEBDWcuDGn-U4OU9Mh0vsdbUdtcCw\">https:\/\/www.youtube.com\/watch?v=HFA0C7SpN2k&amp;feature=youtu.be<\/a><\/p><p>\u00a0<\/p><p><strong>Rapport<\/strong><\/p><p>Le rapport suivant n\u2019est disponible qu\u2019en anglais.\u00a0Rapport<a href=\"http:\/\/www.uregina.ca\/socialwork\/faculty-staff\/FacultySites\/MontgomeryMontySite\/Indigenous%20Presence.pdf\" target=\"_blank\" rel=\"noopener noreferrer\">\u00a0\u201cIndigenous Presence\u201d<\/a>\u00a0\u2013 Experiencing and Envisioning Indigenous Knowledges within Selected Post-Secondary Sites of Education and Social Work (en anglais seulement).\u00a0Co-auteurs: \u00a0Dr. Margaret Kovach, Dr. Jeannine Carriere, Dr. Harpell Montgomery, Dr. M. J. Barrett &amp; Carmen Gilles, candidate au Doctorat<\/p>\t\t\t\t\t\t\t\t<\/div>\n\t\t\t\t<\/div>\n\t\t\t\t\t<\/div>\n\t\t<\/div>\n\t\t\t\t\t<\/div>\n\t\t<\/section>\n\t\t\t\t<\/div>\n\t\t","protected":false},"excerpt":{"rendered":"<p>Thunderbird\u00a0Circle \u2013 le R\u00e9seau des formateurs autochtones en travail social La repr\u00e9sentante de Thunderbird Circle \u2013 le r\u00e9seau des formateurs autochtones en travail social aupr\u00e8s du CA est:\u00a0Billie Allan. Thunderbird Circle publie une d\u00e9claration de soutien \u00e0 M. Shelby McPhee et \u00e0 la\u00a0Black Canadian Studies Association. 2016-2017 Rapport annuel 2015-2016 Rapport annuel Mai 2014 Rapport [&hellip;]<\/p>\n","protected":false},"author":2,"featured_media":40879,"parent":0,"menu_order":15,"comment_status":"closed","ping_status":"closed","template":"","meta":{"_acf_changed":false,"_seopress_robots_primary_cat":"","_seopress_titles_title":"","_seopress_titles_desc":"","_seopress_robots_index":"","site-sidebar-layout":"no-sidebar","site-content-layout":"page-builder","ast-site-content-layout":"default","site-content-style":"default","site-sidebar-style":"default","ast-global-header-display":"","ast-banner-title-visibility":"","ast-main-header-display":"","ast-hfb-above-header-display":"","ast-hfb-below-header-display":"","ast-hfb-mobile-header-display":"","site-post-title":"disabled","ast-breadcrumbs-content":"","ast-featured-img":"disabled","footer-sml-layout":"","ast-disable-related-posts":"","theme-transparent-header-meta":"default","adv-header-id-meta":"","stick-header-meta":"","header-above-stick-meta":"","header-main-stick-meta":"","header-below-stick-meta":"","astra-migrate-meta-layouts":"default","ast-page-background-enabled":"default","ast-page-background-meta":{"desktop":{"background-color":"","background-image":"","background-repeat":"repeat","background-position":"center center","background-size":"auto","background-attachment":"scroll","background-type":"","background-media":"","overlay-type":"","overlay-color":"","overlay-opacity":"","overlay-gradient":""},"tablet":{"background-color":"","background-image":"","background-repeat":"repeat","background-position":"center center","background-size":"auto","background-attachment":"scroll","background-type":"","background-media":"","overlay-type":"","overlay-color":"","overlay-opacity":"","overlay-gradient":""},"mobile":{"background-color":"","background-image":"","background-repeat":"repeat","background-position":"center center","background-size":"auto","background-attachment":"scroll","background-type":"","background-media":"","overlay-type":"","overlay-color":"","overlay-opacity":"","overlay-gradient":""}},"ast-content-background-meta":{"desktop":{"background-color":"var(--ast-global-color-5)","background-image":"","background-repeat":"repeat","background-position":"center center","background-size":"auto","background-attachment":"scroll","background-type":"","background-media":"","overlay-type":"","overlay-color":"","overlay-opacity":"","overlay-gradient":""},"tablet":{"background-color":"var(--ast-global-color-5)","background-image":"","background-repeat":"repeat","background-position":"center center","background-size":"auto","background-attachment":"scroll","background-type":"","background-media":"","overlay-type":"","overlay-color":"","overlay-opacity":"","overlay-gradient":""},"mobile":{"background-color":"var(--ast-global-color-5)","background-image":"","background-repeat":"repeat","background-position":"center center","background-size":"auto","background-attachment":"scroll","background-type":"","background-media":"","overlay-type":"","overlay-color":"","overlay-opacity":"","overlay-gradient":""}},"footnotes":""},"class_list":["post-38608","page","type-page","status-publish","has-post-thumbnail","hentry"],"acf":[],"_links":{"self":[{"href":"https:\/\/caswe-acfts.ca\/fr\/wp-json\/wp\/v2\/pages\/38608","targetHints":{"allow":["GET"]}}],"collection":[{"href":"https:\/\/caswe-acfts.ca\/fr\/wp-json\/wp\/v2\/pages"}],"about":[{"href":"https:\/\/caswe-acfts.ca\/fr\/wp-json\/wp\/v2\/types\/page"}],"author":[{"embeddable":true,"href":"https:\/\/caswe-acfts.ca\/fr\/wp-json\/wp\/v2\/users\/2"}],"replies":[{"embeddable":true,"href":"https:\/\/caswe-acfts.ca\/fr\/wp-json\/wp\/v2\/comments?post=38608"}],"version-history":[{"count":10,"href":"https:\/\/caswe-acfts.ca\/fr\/wp-json\/wp\/v2\/pages\/38608\/revisions"}],"predecessor-version":[{"id":38676,"href":"https:\/\/caswe-acfts.ca\/fr\/wp-json\/wp\/v2\/pages\/38608\/revisions\/38676"}],"wp:featuredmedia":[{"embeddable":true,"href":"https:\/\/caswe-acfts.ca\/fr\/wp-json\/wp\/v2\/media\/40879"}],"wp:attachment":[{"href":"https:\/\/caswe-acfts.ca\/fr\/wp-json\/wp\/v2\/media?parent=38608"}],"curies":[{"name":"wp","href":"https:\/\/api.w.org\/{rel}","templated":true}]}}