{"id":40267,"date":"2022-05-18T13:37:49","date_gmt":"2022-05-18T17:37:49","guid":{"rendered":"https:\/\/caswe-acfts.ca\/?page_id=40267"},"modified":"2022-06-15T11:58:17","modified_gmt":"2022-06-15T15:58:17","slug":"le-racisme-en-travail-social-parlons-en-colloque-sur-les-initiatives-antiracistes-au-sein-de-la-formation-en-travail-social-au-quebec","status":"publish","type":"page","link":"https:\/\/caswe-acfts.ca\/fr\/le-racisme-en-travail-social-parlons-en-colloque-sur-les-initiatives-antiracistes-au-sein-de-la-formation-en-travail-social-au-quebec\/","title":{"rendered":"Le racisme en travail social, parlons-en ! Colloque sur les initiatives antiracistes au sein de la formation en travail social au Qu\u00e9bec"},"content":{"rendered":"\t\t<div data-elementor-type=\"wp-page\" data-elementor-id=\"40267\" class=\"elementor elementor-40267 elementor-40082\" data-elementor-post-type=\"page\">\n\t\t\t\t\t\t<section class=\"elementor-section elementor-top-section elementor-element elementor-element-1b2a8298 elementor-section-full_width elementor-section-content-top elementor-section-height-default elementor-section-height-default\" data-id=\"1b2a8298\" data-element_type=\"section\" data-e-type=\"section\" data-settings=\"{&quot;background_background&quot;:&quot;classic&quot;}\">\n\t\t\t\t\t\t<div class=\"elementor-container elementor-column-gap-wide\">\n\t\t\t\t\t<div class=\"elementor-column elementor-col-100 elementor-top-column elementor-element elementor-element-518703f5\" data-id=\"518703f5\" data-element_type=\"column\" data-e-type=\"column\">\n\t\t\t<div class=\"elementor-widget-wrap elementor-element-populated\">\n\t\t\t\t\t\t\t<\/div>\n\t\t<\/div>\n\t\t\t\t\t<\/div>\n\t\t<\/section>\n\t\t\t\t<section class=\"elementor-section elementor-top-section elementor-element elementor-element-9739e4f elementor-section-boxed elementor-section-height-default elementor-section-height-default\" data-id=\"9739e4f\" data-element_type=\"section\" data-e-type=\"section\">\n\t\t\t\t\t\t<div class=\"elementor-container elementor-column-gap-default\">\n\t\t\t\t\t<div class=\"elementor-column elementor-col-33 elementor-top-column elementor-element elementor-element-93ba0c7\" data-id=\"93ba0c7\" data-element_type=\"column\" data-e-type=\"column\">\n\t\t\t<div class=\"elementor-widget-wrap elementor-element-populated\">\n\t\t\t\t\t\t<div class=\"elementor-element elementor-element-d941826 elementor-widget elementor-widget-image\" data-id=\"d941826\" data-element_type=\"widget\" data-e-type=\"widget\" data-widget_type=\"image.default\">\n\t\t\t\t<div class=\"elementor-widget-container\">\n\t\t\t\t\t\t\t\t\t\t\t\t\t\t\t<img fetchpriority=\"high\" decoding=\"async\" width=\"480\" height=\"753\" src=\"https:\/\/caswe-acfts.ca\/wp-content\/uploads\/2022\/05\/Ed-Poster-copy-5.jpg\" class=\"attachment-large size-large wp-image-41736\" alt=\"Ed Poster copy 5\" srcset=\"https:\/\/caswe-acfts.ca\/wp-content\/uploads\/2022\/05\/Ed-Poster-copy-5.jpg 480w, https:\/\/caswe-acfts.ca\/wp-content\/uploads\/2022\/05\/Ed-Poster-copy-5-191x300.jpg 191w\" sizes=\"(max-width: 480px) 100vw, 480px\" \/>\t\t\t\t\t\t\t\t\t\t\t\t\t\t\t<\/div>\n\t\t\t\t<\/div>\n\t\t\t\t\t<\/div>\n\t\t<\/div>\n\t\t\t\t<div class=\"elementor-column elementor-col-33 elementor-top-column elementor-element elementor-element-6164808\" data-id=\"6164808\" data-element_type=\"column\" data-e-type=\"column\">\n\t\t\t<div class=\"elementor-widget-wrap elementor-element-populated\">\n\t\t\t\t\t\t<div class=\"elementor-element elementor-element-dfd4837 elementor-widget elementor-widget-heading\" data-id=\"dfd4837\" data-element_type=\"widget\" data-e-type=\"widget\" data-widget_type=\"heading.default\">\n\t\t\t\t<div class=\"elementor-widget-container\">\n\t\t\t\t\t<h2 class=\"elementor-heading-title elementor-size-default\">Date du Colloque : le vendredi 17 juin, 2022<br>de 13 h \u00e0 17 h30 HE<\/h2>\t\t\t\t<\/div>\n\t\t\t\t<\/div>\n\t\t\t\t<div class=\"elementor-element elementor-element-bc53c4b elementor-widget elementor-widget-text-editor\" data-id=\"bc53c4b\" data-element_type=\"widget\" data-e-type=\"widget\" data-widget_type=\"text-editor.default\">\n\t\t\t\t<div class=\"elementor-widget-container\">\n\t\t\t\t\t\t\t\t\t<h3><a href=\"https:\/\/caswe-acfts.ca\/wp-content\/uploads\/2022\/06\/programme-FR-DRAFT-2.pdf\" target=\"_blank\" rel=\"noopener\"><strong>Programme<\/strong>(Cliquer ici)\u00a0<\/a><\/h3><p style=\"font-size: 16px; font-style: normal; font-weight: 400; text-align: start;\"><span class=\"TextRun SCXW85022695 BCX9\" lang=\"FR-CA\" xml:lang=\"FR-CA\" data-contrast=\"auto\"><em>Ce colloque s\u2019inscrit dans le cadre de la cr\u00e9ation d\u2019un groupe sp\u00e9cial pour la lutte contre le racisme et les s\u00e9quelles du colonialisme lors de la derni\u00e8re l\u2019AGA de la CASWE-ACFTS en mars 2021.<\/em>\u00a0<\/span><\/p><p style=\"font-size: 16px; font-style: normal; font-weight: 400; text-align: start;\">Une traduction simultan\u00e9e du fran\u00e7ais \u00e0 l&rsquo;anglais et de l&rsquo;anglais au fran\u00e7ais sera assur\u00e9e.<\/p><p>Ce colloque est gratuit.<\/p><p><strong>La p\u00e9riode d&rsquo;inscription est maintenant termin\u00e9e.<\/strong><\/p><p>Pour plus d&rsquo;information, veuillez joindre le professeur Edward Lee : <a href=\"mailto:edward.lee@umontreal.ca\">edward.lee@umontreal.ca<\/a><\/p>\t\t\t\t\t\t\t\t<\/div>\n\t\t\t\t<\/div>\n\t\t\t\t<div class=\"elementor-element elementor-element-645dbf9 elementor-widget elementor-widget-text-editor\" data-id=\"645dbf9\" data-element_type=\"widget\" data-e-type=\"widget\" data-widget_type=\"text-editor.default\">\n\t\t\t\t<div class=\"elementor-widget-container\">\n\t\t\t\t\t\t\t\t\t<p><strong><span lang=\"FR-CA\" xml:lang=\"FR-CA\" data-contrast=\"auto\">Comit\u00e9 organisateur :<\/span><\/strong><span lang=\"FR-CA\" xml:lang=\"FR-CA\" data-contrast=\"auto\">\u00a0 Edward Lee (professeur agr\u00e9g\u00e9 \u00e0 l\u2019\u00e9cole de travail social \u00e0 l\u2019Universit\u00e9 de Montr\u00e9al), Sophie Hamisultane (professeure \u00e0 l\u2019\u00c9cole de travail social de l\u2019Universit\u00e9 de Montr\u00e9al ), Jorge Flores-Aranda (professeur, UQAM), Caroline Keisha Foray (\u00e9tudiante-chercheure et candidate \u00e0 la ma\u00eetrise en travail social \u00e0 l\u2019Universit\u00e9 du Qu\u00e9bec \u00e0 Montr\u00e9al), Carole Carpot (directrice g\u00e9n\u00e9rale, CASWE-ACFTS), Antoinette Brind\u2019Amour (responsables des communications et de la mobilisation, CASWE-ACFTS), Anita Alabi, (assistante aux communications, CASWE-ACFTS).<\/span><\/p>\t\t\t\t\t\t\t\t<\/div>\n\t\t\t\t<\/div>\n\t\t\t\t\t<\/div>\n\t\t<\/div>\n\t\t\t\t<div class=\"elementor-column elementor-col-33 elementor-top-column elementor-element elementor-element-4c0436e7\" data-id=\"4c0436e7\" data-element_type=\"column\" data-e-type=\"column\">\n\t\t\t<div class=\"elementor-widget-wrap elementor-element-populated\">\n\t\t\t\t\t\t<div class=\"elementor-element elementor-element-17286d9 elementor-widget elementor-widget-text-editor\" data-id=\"17286d9\" data-element_type=\"widget\" data-e-type=\"widget\" data-widget_type=\"text-editor.default\">\n\t\t\t\t<div class=\"elementor-widget-container\">\n\t\t\t\t\t\t\t\t\t<h3><strong><span class=\"TextRun SCXW41601020 BCX9\" lang=\"FR-CA\" xml:lang=\"FR-CA\" data-contrast=\"auto\"><span class=\"NormalTextRun SCXW41601020 BCX9\">R\u00e9sum\u00e9<\/span><\/span><\/strong><\/h3><h3><strong><span class=\"TextRun SCXW85022695 BCX9\" lang=\"FR-CA\" xml:lang=\"FR-CA\" data-contrast=\"auto\"><span class=\"NormalTextRun SCXW85022695 BCX9\">Le racisme en travail social : parlons-en !<\/span><\/span><\/strong><\/h3><p><span class=\"TextRun SCXW85022695 BCX9\" lang=\"FR-CA\" xml:lang=\"FR-CA\" data-contrast=\"auto\"><span class=\"NormalTextRun SCXW85022695 BCX9\">Ce colloque propose une s\u00e9rie de conf\u00e9rences autour des enjeux li\u00e9s au racisme, plus particuli\u00e8rement dans le domaine de la formation et de l\u2019intervention en travail social. Loin d\u2019\u00eatre un ph\u00e9nom\u00e8ne nouveau, le racisme dans les derni\u00e8res ann\u00e9es aura fait la triste d\u00e9monstration de son actualit\u00e9 et de son acuit\u00e9. Des \u00e9v\u00e9nements tragiques comme le meurtre de Georges Perry Floyd (2020) et par la suite des manifestations anti-racistes dans plusieurs pays, ou encore le racisme anti-asiatique d\u00fb \u00e0 la pand\u00e9mie de la Covid19, auront n\u00e9anmoins permis une certaine prise de conscience des institutions. Ainsi, des initiatives antiracistes ont \u00e9t\u00e9 initi\u00e9es et mises de l\u2019avant au sein de plusieurs \u00e9coles du travail social au Qu\u00e9bec et en contexte francophone minoritaire au Canada. Ces initiatives ont favoris\u00e9 la solidarit\u00e9 avec les communaut\u00e9s noires, autochtones, asiatiques et les autres communaut\u00e9s racis\u00e9es. Plus r\u00e9cemment, ces \u00e9coles ont pu s\u2019attaquer \u00e0 la lutte contre de racisme et les s\u00e9quelles du colonialisme dans la formation en travail social au Qu\u00e9bec. En ce sens, l\u2019organisation d\u2019un <strong>colloque virtuel <\/strong><\/span><\/span><strong><span class=\"TextRun SCXW85022695 BCX9\" lang=\"FR-CA\" xml:lang=\"FR-CA\" data-contrast=\"auto\"><span class=\"NormalTextRun SCXW85022695 BCX9\">le 17 juin 2022<\/span><\/span><\/strong><span class=\"TextRun SCXW85022695 BCX9\" lang=\"FR-CA\" xml:lang=\"FR-CA\" data-contrast=\"auto\"><span class=\"NormalTextRun SCXW85022695 BCX9\">, permettra aux <\/span><span class=\"NormalTextRun SpellingErrorV2Themed SCXW85022695 BCX9\">\u00e9tudiant.e.s<\/span><span class=\"NormalTextRun SCXW85022695 BCX9\">, <\/span><span class=\"NormalTextRun SpellingErrorV2Themed SCXW85022695 BCX9\">professeur.e.s<\/span><span class=\"NormalTextRun SCXW85022695 BCX9\"> et autres acteurs-<\/span><span class=\"NormalTextRun SpellingErrorV2Themed SCXW85022695 BCX9\">trices<\/span> <span class=\"NormalTextRun SpellingErrorV2Themed SCXW85022695 BCX9\">impliqu\u00e9.e.s<\/span><span class=\"NormalTextRun SCXW85022695 BCX9\"> dans la formation en travail social au Qu\u00e9bec de se mobiliser collectivement afin de d\u2019\u00e9changer et de cartographier l\u2019avancement de ces actions.<\/span><\/span><\/p><p><em>Organis\u00e9 en partenariat avec l\u2019Ordre des travailleurs sociaux et des th\u00e9rapeutes conjugaux et familiaux du Qu\u00e9bec, l\u2019\u00e9v\u00e9nement sera par ailleurs l\u2019occasion de lancer officiellement <\/em>\u00ab Le travail social transnational, d\u00e9colonial et antiraciste : des pistes pour un renouvellement des pratiques d\u2019intervention de recherche et d\u2019enseignement \u00bb<em> sous la direction de Roxane Caron, Edward Ou Jin Lee et Myriam Richard, num\u00e9ro 155 de la revue<\/em> Intervention.\u00a0<\/p>\t\t\t\t\t\t\t\t<\/div>\n\t\t\t\t<\/div>\n\t\t\t\t\t<\/div>\n\t\t<\/div>\n\t\t\t\t\t<\/div>\n\t\t<\/section>\n\t\t\t\t<section class=\"elementor-section elementor-top-section elementor-element elementor-element-4303f7d1 elementor-section-boxed elementor-section-height-default elementor-section-height-default\" data-id=\"4303f7d1\" data-element_type=\"section\" data-e-type=\"section\">\n\t\t\t\t\t\t<div class=\"elementor-container elementor-column-gap-default\">\n\t\t\t\t\t<div class=\"elementor-column elementor-col-100 elementor-top-column elementor-element elementor-element-d259d91\" data-id=\"d259d91\" data-element_type=\"column\" data-e-type=\"column\">\n\t\t\t<div class=\"elementor-widget-wrap\">\n\t\t\t\t\t\t\t<\/div>\n\t\t<\/div>\n\t\t\t\t\t<\/div>\n\t\t<\/section>\n\t\t\t\t<\/div>\n\t\t","protected":false},"excerpt":{"rendered":"<p>Date du Colloque : le vendredi 17 juin, 2022de 13 h \u00e0 17 h30 HE Programme(Cliquer ici)\u00a0 Ce colloque s\u2019inscrit dans le cadre de la cr\u00e9ation d\u2019un groupe sp\u00e9cial pour la lutte contre le racisme et les s\u00e9quelles du colonialisme lors de la derni\u00e8re l\u2019AGA de la CASWE-ACFTS en mars 2021.\u00a0 Une traduction simultan\u00e9e du [&hellip;]<\/p>\n","protected":false},"author":4,"featured_media":40879,"parent":0,"menu_order":5,"comment_status":"closed","ping_status":"closed","template":"","meta":{"_acf_changed":false,"_seopress_robots_primary_cat":"","_seopress_titles_title":"","_seopress_titles_desc":"Le racisme en travail social : parlons-en ! Colloque sur les initiatives antiracistes au sein de la formation en travail social au Qu\u00e9bec ","_seopress_robots_index":"","site-sidebar-layout":"no-sidebar","site-content-layout":"page-builder","ast-site-content-layout":"default","site-content-style":"default","site-sidebar-style":"default","ast-global-header-display":"","ast-banner-title-visibility":"","ast-main-header-display":"","ast-hfb-above-header-display":"","ast-hfb-below-header-display":"","ast-hfb-mobile-header-display":"","site-post-title":"disabled","ast-breadcrumbs-content":"","ast-featured-img":"disabled","footer-sml-layout":"","ast-disable-related-posts":"","theme-transparent-header-meta":"","adv-header-id-meta":"","stick-header-meta":"","header-above-stick-meta":"","header-main-stick-meta":"","header-below-stick-meta":"","astra-migrate-meta-layouts":"default","ast-page-background-enabled":"default","ast-page-background-meta":{"desktop":{"background-color":"","background-image":"","background-repeat":"repeat","background-position":"center center","background-size":"auto","background-attachment":"scroll","background-type":"","background-media":"","overlay-type":"","overlay-color":"","overlay-opacity":"","overlay-gradient":""},"tablet":{"background-color":"","background-image":"","background-repeat":"repeat","background-position":"center center","background-size":"auto","background-attachment":"scroll","background-type":"","background-media":"","overlay-type":"","overlay-color":"","overlay-opacity":"","overlay-gradient":""},"mobile":{"background-color":"","background-image":"","background-repeat":"repeat","background-position":"center center","background-size":"auto","background-attachment":"scroll","background-type":"","background-media":"","overlay-type":"","overlay-color":"","overlay-opacity":"","overlay-gradient":""}},"ast-content-background-meta":{"desktop":{"background-color":"var(--ast-global-color-5)","background-image":"","background-repeat":"repeat","background-position":"center center","background-size":"auto","background-attachment":"scroll","background-type":"","background-media":"","overlay-type":"","overlay-color":"","overlay-opacity":"","overlay-gradient":""},"tablet":{"background-color":"var(--ast-global-color-5)","background-image":"","background-repeat":"repeat","background-position":"center center","background-size":"auto","background-attachment":"scroll","background-type":"","background-media":"","overlay-type":"","overlay-color":"","overlay-opacity":"","overlay-gradient":""},"mobile":{"background-color":"var(--ast-global-color-5)","background-image":"","background-repeat":"repeat","background-position":"center center","background-size":"auto","background-attachment":"scroll","background-type":"","background-media":"","overlay-type":"","overlay-color":"","overlay-opacity":"","overlay-gradient":""}},"footnotes":""},"class_list":["post-40267","page","type-page","status-publish","has-post-thumbnail","hentry"],"acf":[],"_links":{"self":[{"href":"https:\/\/caswe-acfts.ca\/fr\/wp-json\/wp\/v2\/pages\/40267","targetHints":{"allow":["GET"]}}],"collection":[{"href":"https:\/\/caswe-acfts.ca\/fr\/wp-json\/wp\/v2\/pages"}],"about":[{"href":"https:\/\/caswe-acfts.ca\/fr\/wp-json\/wp\/v2\/types\/page"}],"author":[{"embeddable":true,"href":"https:\/\/caswe-acfts.ca\/fr\/wp-json\/wp\/v2\/users\/4"}],"replies":[{"embeddable":true,"href":"https:\/\/caswe-acfts.ca\/fr\/wp-json\/wp\/v2\/comments?post=40267"}],"version-history":[{"count":10,"href":"https:\/\/caswe-acfts.ca\/fr\/wp-json\/wp\/v2\/pages\/40267\/revisions"}],"predecessor-version":[{"id":42239,"href":"https:\/\/caswe-acfts.ca\/fr\/wp-json\/wp\/v2\/pages\/40267\/revisions\/42239"}],"wp:featuredmedia":[{"embeddable":true,"href":"https:\/\/caswe-acfts.ca\/fr\/wp-json\/wp\/v2\/media\/40879"}],"wp:attachment":[{"href":"https:\/\/caswe-acfts.ca\/fr\/wp-json\/wp\/v2\/media?parent=40267"}],"curies":[{"name":"wp","href":"https:\/\/api.w.org\/{rel}","templated":true}]}}