{"id":47030,"date":"2025-03-13T09:26:25","date_gmt":"2025-03-13T13:26:25","guid":{"rendered":"https:\/\/caswe-acfts.ca\/?page_id=47030"},"modified":"2025-04-07T08:50:55","modified_gmt":"2025-04-07T12:50:55","slug":"caucus-vert","status":"publish","type":"page","link":"https:\/\/caswe-acfts.ca\/fr\/profil\/caucus\/caucus-vert\/","title":{"rendered":"Caucus Vert"},"content":{"rendered":"\t\t<div data-elementor-type=\"wp-page\" data-elementor-id=\"47030\" class=\"elementor elementor-47030 elementor-47027\" data-elementor-post-type=\"page\">\n\t\t\t\t\t\t<section class=\"elementor-section elementor-top-section elementor-element elementor-element-7c71aed elementor-section-full_width elementor-section-content-top elementor-section-height-default elementor-section-height-default\" data-id=\"7c71aed\" data-element_type=\"section\" data-e-type=\"section\" data-settings=\"{&quot;background_background&quot;:&quot;classic&quot;}\">\n\t\t\t\t\t\t<div class=\"elementor-container elementor-column-gap-wide\">\n\t\t\t\t\t<div class=\"elementor-column elementor-col-100 elementor-top-column elementor-element elementor-element-883de4e\" data-id=\"883de4e\" data-element_type=\"column\" data-e-type=\"column\">\n\t\t\t<div class=\"elementor-widget-wrap elementor-element-populated\">\n\t\t\t\t\t\t\t<\/div>\n\t\t<\/div>\n\t\t\t\t\t<\/div>\n\t\t<\/section>\n\t\t\t\t<section class=\"elementor-section elementor-top-section elementor-element elementor-element-ccedb5f elementor-section-boxed elementor-section-height-default elementor-section-height-default\" data-id=\"ccedb5f\" data-element_type=\"section\" data-e-type=\"section\">\n\t\t\t\t\t\t<div class=\"elementor-container elementor-column-gap-default\">\n\t\t\t\t\t<div class=\"elementor-column elementor-col-100 elementor-top-column elementor-element elementor-element-a2e8210\" data-id=\"a2e8210\" data-element_type=\"column\" data-e-type=\"column\">\n\t\t\t<div class=\"elementor-widget-wrap elementor-element-populated\">\n\t\t\t\t\t\t<div class=\"elementor-element elementor-element-2e08348 elementor-widget elementor-widget-heading\" data-id=\"2e08348\" data-element_type=\"widget\" data-e-type=\"widget\" data-widget_type=\"heading.default\">\n\t\t\t\t<div class=\"elementor-widget-container\">\n\t\t\t\t\t<h2 class=\"elementor-heading-title elementor-size-default\">G\u00e9n\u00e9ral<\/h2>\t\t\t\t<\/div>\n\t\t\t\t<\/div>\n\t\t\t\t<div class=\"elementor-element elementor-element-165d6d3 elementor-widget elementor-widget-text-editor\" data-id=\"165d6d3\" data-element_type=\"widget\" data-e-type=\"widget\" data-widget_type=\"text-editor.default\">\n\t\t\t\t<div class=\"elementor-widget-container\">\n\t\t\t\t\t\t\t\t\t<p>Le Caucus \u00ab\u00a0Vert\u00a0\u00bb de la formation en travail social est une nouvelle initiative qui a \u00e9t\u00e9 fond\u00e9e lors de l&rsquo;AGA de ACFTS-CASWE en juin 2024. La co-pr\u00e9sidence du Causus vert est assur\u00e9e par <a href=\"sueann.macdonald@umontreal.ca\">Sue-Ann MacDonald<\/a> et\u00a0<a href=\"mailto:Leah.Douglas@ufv.ca\">Leah Douglas<\/a>.<\/p><p>Sous l&rsquo;impulsion de la recherche et du plaidoyer des membres fondateurs de CASWE-ACFTS et des normes p\u00e9dagogiques d&rsquo;accr\u00e9ditation 2021 de ACFTS-CASWE, nos priorit\u00e9s incluent la promotion de la justice environnementale et du travail \u00e9cosocial dans le cadre des travaux de l&rsquo;Association. Les membres comprennent des professeurs et des \u00e9tudiants en travail social, et nous invitons toute personne int\u00e9ress\u00e9e \u00e0 participer.<\/p><p>Le caucus \u00ab vert \u00bb de la formation en travail social s&rsquo;engage \u00e0 remettre en question l&rsquo;injustice et l&rsquo;oppression environnementales par le biais d&rsquo;approches d\u00e9coloniales et intersectionnelles du travail \u00e9cosocial et nous sommes en train d&rsquo;\u00e9laborer notre mandat et notre plan d&rsquo;action pour l&rsquo;ann\u00e9e en cours.<\/p>\t\t\t\t\t\t\t\t<\/div>\n\t\t\t\t<\/div>\n\t\t\t\t\t<\/div>\n\t\t<\/div>\n\t\t\t\t\t<\/div>\n\t\t<\/section>\n\t\t\t\t<\/div>\n\t\t","protected":false},"excerpt":{"rendered":"<p>G\u00e9n\u00e9ral Le Caucus \u00ab\u00a0Vert\u00a0\u00bb de la formation en travail social est une nouvelle initiative qui a \u00e9t\u00e9 fond\u00e9e lors de l&rsquo;AGA de ACFTS-CASWE en juin 2024. La co-pr\u00e9sidence du Causus vert est assur\u00e9e par Sue-Ann MacDonald et\u00a0Leah Douglas. Sous l&rsquo;impulsion de la recherche et du plaidoyer des membres fondateurs de CASWE-ACFTS et des normes p\u00e9dagogiques [&hellip;]<\/p>\n","protected":false},"author":9,"featured_media":40879,"parent":37460,"menu_order":4,"comment_status":"closed","ping_status":"closed","template":"","meta":{"_acf_changed":false,"_seopress_robots_primary_cat":"","_seopress_titles_title":"","_seopress_titles_desc":"","_seopress_robots_index":"","site-sidebar-layout":"no-sidebar","site-content-layout":"page-builder","ast-site-content-layout":"full-width-container","site-content-style":"default","site-sidebar-style":"default","ast-global-header-display":"","ast-banner-title-visibility":"","ast-main-header-display":"","ast-hfb-above-header-display":"","ast-hfb-below-header-display":"","ast-hfb-mobile-header-display":"","site-post-title":"disabled","ast-breadcrumbs-content":"","ast-featured-img":"disabled","footer-sml-layout":"","ast-disable-related-posts":"","theme-transparent-header-meta":"","adv-header-id-meta":"","stick-header-meta":"","header-above-stick-meta":"","header-main-stick-meta":"","header-below-stick-meta":"","astra-migrate-meta-layouts":"set","ast-page-background-enabled":"default","ast-page-background-meta":{"desktop":{"background-color":"","background-image":"","background-repeat":"repeat","background-position":"center center","background-size":"auto","background-attachment":"scroll","background-type":"","background-media":"","overlay-type":"","overlay-color":"","overlay-opacity":"","overlay-gradient":""},"tablet":{"background-color":"","background-image":"","background-repeat":"repeat","background-position":"center center","background-size":"auto","background-attachment":"scroll","background-type":"","background-media":"","overlay-type":"","overlay-color":"","overlay-opacity":"","overlay-gradient":""},"mobile":{"background-color":"","background-image":"","background-repeat":"repeat","background-position":"center center","background-size":"auto","background-attachment":"scroll","background-type":"","background-media":"","overlay-type":"","overlay-color":"","overlay-opacity":"","overlay-gradient":""}},"ast-content-background-meta":{"desktop":{"background-color":"var(--ast-global-color-5)","background-image":"","background-repeat":"repeat","background-position":"center center","background-size":"auto","background-attachment":"scroll","background-type":"","background-media":"","overlay-type":"","overlay-color":"","overlay-opacity":"","overlay-gradient":""},"tablet":{"background-color":"var(--ast-global-color-5)","background-image":"","background-repeat":"repeat","background-position":"center center","background-size":"auto","background-attachment":"scroll","background-type":"","background-media":"","overlay-type":"","overlay-color":"","overlay-opacity":"","overlay-gradient":""},"mobile":{"background-color":"var(--ast-global-color-5)","background-image":"","background-repeat":"repeat","background-position":"center center","background-size":"auto","background-attachment":"scroll","background-type":"","background-media":"","overlay-type":"","overlay-color":"","overlay-opacity":"","overlay-gradient":""}},"footnotes":""},"class_list":["post-47030","page","type-page","status-publish","has-post-thumbnail","hentry"],"acf":[],"_links":{"self":[{"href":"https:\/\/caswe-acfts.ca\/fr\/wp-json\/wp\/v2\/pages\/47030","targetHints":{"allow":["GET"]}}],"collection":[{"href":"https:\/\/caswe-acfts.ca\/fr\/wp-json\/wp\/v2\/pages"}],"about":[{"href":"https:\/\/caswe-acfts.ca\/fr\/wp-json\/wp\/v2\/types\/page"}],"author":[{"embeddable":true,"href":"https:\/\/caswe-acfts.ca\/fr\/wp-json\/wp\/v2\/users\/9"}],"replies":[{"embeddable":true,"href":"https:\/\/caswe-acfts.ca\/fr\/wp-json\/wp\/v2\/comments?post=47030"}],"version-history":[{"count":10,"href":"https:\/\/caswe-acfts.ca\/fr\/wp-json\/wp\/v2\/pages\/47030\/revisions"}],"predecessor-version":[{"id":47904,"href":"https:\/\/caswe-acfts.ca\/fr\/wp-json\/wp\/v2\/pages\/47030\/revisions\/47904"}],"up":[{"embeddable":true,"href":"https:\/\/caswe-acfts.ca\/fr\/wp-json\/wp\/v2\/pages\/37460"}],"wp:featuredmedia":[{"embeddable":true,"href":"https:\/\/caswe-acfts.ca\/fr\/wp-json\/wp\/v2\/media\/40879"}],"wp:attachment":[{"href":"https:\/\/caswe-acfts.ca\/fr\/wp-json\/wp\/v2\/media?parent=47030"}],"curies":[{"name":"wp","href":"https:\/\/api.w.org\/{rel}","templated":true}]}}