{"id":47557,"date":"2025-03-04T10:02:33","date_gmt":"2025-03-04T15:02:33","guid":{"rendered":"https:\/\/caswe-acfts.ca\/?page_id=47557"},"modified":"2026-01-02T10:49:16","modified_gmt":"2026-01-02T15:49:16","slug":"ressources-des-membres","status":"publish","type":"page","link":"https:\/\/caswe-acfts.ca\/fr\/ressources-des-membres\/","title":{"rendered":"Ressources des membres"},"content":{"rendered":"\t\t<div data-elementor-type=\"wp-page\" data-elementor-id=\"47557\" class=\"elementor elementor-47557 elementor-47432\" data-elementor-post-type=\"page\">\n\t\t\t\t\t\t<section class=\"elementor-section elementor-top-section elementor-element elementor-element-a8bc0bb elementor-section-full_width elementor-section-content-top elementor-section-height-default elementor-section-height-default\" data-id=\"a8bc0bb\" data-element_type=\"section\" data-e-type=\"section\" data-settings=\"{&quot;background_background&quot;:&quot;classic&quot;}\">\n\t\t\t\t\t\t<div class=\"elementor-container elementor-column-gap-wide\">\n\t\t\t\t\t<div class=\"elementor-column elementor-col-100 elementor-top-column elementor-element elementor-element-8a02d19\" data-id=\"8a02d19\" data-element_type=\"column\" data-e-type=\"column\">\n\t\t\t<div class=\"elementor-widget-wrap elementor-element-populated\">\n\t\t\t\t\t\t\t<\/div>\n\t\t<\/div>\n\t\t\t\t\t<\/div>\n\t\t<\/section>\n\t\t\t\t<section class=\"elementor-section elementor-top-section elementor-element elementor-element-5d48858 elementor-section-boxed elementor-section-height-default elementor-section-height-default\" data-id=\"5d48858\" data-element_type=\"section\" data-e-type=\"section\">\n\t\t\t\t\t\t<div class=\"elementor-container elementor-column-gap-default\">\n\t\t\t\t\t<div class=\"elementor-column elementor-col-100 elementor-top-column elementor-element elementor-element-7c56484\" data-id=\"7c56484\" data-element_type=\"column\" data-e-type=\"column\">\n\t\t\t<div class=\"elementor-widget-wrap elementor-element-populated\">\n\t\t\t\t\t\t<div class=\"elementor-element elementor-element-dccc27f elementor-widget elementor-widget-heading\" data-id=\"dccc27f\" data-element_type=\"widget\" data-e-type=\"widget\" data-settings=\"{&quot;display_condition_enable&quot;:&quot;yes&quot;}\" data-widget_type=\"heading.default\">\n\t\t\t\t<div class=\"elementor-widget-container\">\n\t\t\t\t\t<h2 class=\"elementor-heading-title elementor-size-default\">Bienvenue au centre de ressources pour les membres de l'ACFTS<\/h2>\t\t\t\t<\/div>\n\t\t\t\t<\/div>\n\t\t\t\t<div class=\"elementor-element elementor-element-bface83 dc-has-condition dc-condition-equal elementor-widget elementor-widget-text-editor\" data-id=\"bface83\" data-element_type=\"widget\" data-e-type=\"widget\" data-settings=\"{&quot;display_condition_enable&quot;:&quot;yes&quot;}\" data-widget_type=\"text-editor.default\">\n\t\t\t\t<div class=\"elementor-widget-container\">\n\t\t\t\t\t\t\t\t\t<p>Veuillez-vous connecter avec votre code-cl\u00e9 de membre pour acc\u00e9der aux ressources exclusives des membres. Vous trouverez votre code-cl\u00e9 unique dans votre courriel de bienvenue de ACFTS.<br \/>Si vous avez oubli\u00e9 votre code-cl\u00e9, contactez les services aux membres\u00a0<a href=\"mailto:member.membre@caswe-acfts.ca\">member.membre@caswe-acfts.ca<\/a><\/p>\t\t\t\t\t\t\t\t<\/div>\n\t\t\t\t<\/div>\n\t\t\t\t<div class=\"elementor-element elementor-element-1ac8851 elementor-widget elementor-widget-shortcode\" data-id=\"1ac8851\" data-element_type=\"widget\" data-e-type=\"widget\" data-settings=\"{&quot;display_condition_enable&quot;:&quot;yes&quot;}\" data-widget_type=\"shortcode.default\">\n\t\t\t\t<div class=\"elementor-widget-container\">\n\t\t\t\t\t\t\t<div class=\"elementor-shortcode\">\r\n\r\n<form method=\"post\" class=\"keycode-login\">\r\n    <input type=\"hidden\" id=\"keycode_login_nonce\" name=\"keycode_login_nonce\" value=\"43fd47bb15\" \/><input type=\"hidden\" name=\"_wp_http_referer\" value=\"\/fr\/wp-json\/wp\/v2\/pages\/47557\" \/>    <input type=\"hidden\" name=\"keycode_action\" value=\"login\" \/>\r\n    <div class=\"field\">\r\n        <label for=\"label\">Keycode: <\/label>\r\n        <div class=\"input-container\">\r\n            <input type=\"text\" id=\"keycode\" name=\"keycode\" value=\"\" autocomplete=\"off\" \/>\r\n        <\/div>\r\n    <\/div>\r\n    <div class=\"field\">\r\n        <button type=\"submit\">Se connecter<\/button>\r\n    <\/div>\r\n<\/form><\/div>\n\t\t\t\t\t\t<\/div>\n\t\t\t\t<\/div>\n\t\t\t\t\t<\/div>\n\t\t<\/div>\n\t\t\t\t\t<\/div>\n\t\t<\/section>\n\t\t\t\t<section class=\"elementor-section elementor-top-section elementor-element elementor-element-f464e30 elementor-section-boxed elementor-section-height-default elementor-section-height-default\" data-id=\"f464e30\" data-element_type=\"section\" data-e-type=\"section\">\n\t\t\t\t\t\t<div class=\"elementor-container elementor-column-gap-default\">\n\t\t\t\t\t<div class=\"elementor-column elementor-col-100 elementor-top-column elementor-element elementor-element-f81c70f\" data-id=\"f81c70f\" data-element_type=\"column\" data-e-type=\"column\">\n\t\t\t<div class=\"elementor-widget-wrap elementor-element-populated\">\n\t\t\t\t\t\t\t<\/div>\n\t\t<\/div>\n\t\t\t\t\t<\/div>\n\t\t<\/section>\n\t\t\t\t<\/div>\n\t\t","protected":false},"excerpt":{"rendered":"<p>Bienvenue au centre de ressources pour les membres de l&rsquo;ACFTS Veuillez-vous connecter avec votre code-cl\u00e9 de membre pour acc\u00e9der aux ressources exclusives des membres. Vous trouverez votre code-cl\u00e9 unique dans votre courriel de bienvenue de ACFTS.Si vous avez oubli\u00e9 votre code-cl\u00e9, contactez les services aux membres\u00a0member.membre@caswe-acfts.ca Bienvenue au centre de ressources pour les membres de [&hellip;]<\/p>\n","protected":false},"author":2,"featured_media":40879,"parent":0,"menu_order":26,"comment_status":"closed","ping_status":"closed","template":"elementor_header_footer","meta":{"_acf_changed":false,"_seopress_robots_primary_cat":"","_seopress_titles_title":"","_seopress_titles_desc":"","_seopress_robots_index":"","site-sidebar-layout":"no-sidebar","site-content-layout":"page-builder","ast-site-content-layout":"full-width-container","site-content-style":"default","site-sidebar-style":"default","ast-global-header-display":"","ast-banner-title-visibility":"","ast-main-header-display":"","ast-hfb-above-header-display":"","ast-hfb-below-header-display":"","ast-hfb-mobile-header-display":"","site-post-title":"disabled","ast-breadcrumbs-content":"","ast-featured-img":"disabled","footer-sml-layout":"","ast-disable-related-posts":"","theme-transparent-header-meta":"","adv-header-id-meta":"","stick-header-meta":"","header-above-stick-meta":"","header-main-stick-meta":"","header-below-stick-meta":"","astra-migrate-meta-layouts":"set","ast-page-background-enabled":"default","ast-page-background-meta":{"desktop":{"background-color":"","background-image":"","background-repeat":"repeat","background-position":"center center","background-size":"auto","background-attachment":"scroll","background-type":"","background-media":"","overlay-type":"","overlay-color":"","overlay-opacity":"","overlay-gradient":""},"tablet":{"background-color":"","background-image":"","background-repeat":"repeat","background-position":"center center","background-size":"auto","background-attachment":"scroll","background-type":"","background-media":"","overlay-type":"","overlay-color":"","overlay-opacity":"","overlay-gradient":""},"mobile":{"background-color":"","background-image":"","background-repeat":"repeat","background-position":"center center","background-size":"auto","background-attachment":"scroll","background-type":"","background-media":"","overlay-type":"","overlay-color":"","overlay-opacity":"","overlay-gradient":""}},"ast-content-background-meta":{"desktop":{"background-color":"var(--ast-global-color-5)","background-image":"","background-repeat":"repeat","background-position":"center center","background-size":"auto","background-attachment":"scroll","background-type":"","background-media":"","overlay-type":"","overlay-color":"","overlay-opacity":"","overlay-gradient":""},"tablet":{"background-color":"var(--ast-global-color-5)","background-image":"","background-repeat":"repeat","background-position":"center center","background-size":"auto","background-attachment":"scroll","background-type":"","background-media":"","overlay-type":"","overlay-color":"","overlay-opacity":"","overlay-gradient":""},"mobile":{"background-color":"var(--ast-global-color-5)","background-image":"","background-repeat":"repeat","background-position":"center center","background-size":"auto","background-attachment":"scroll","background-type":"","background-media":"","overlay-type":"","overlay-color":"","overlay-opacity":"","overlay-gradient":""}},"footnotes":""},"class_list":["post-47557","page","type-page","status-publish","has-post-thumbnail","hentry"],"acf":[],"_links":{"self":[{"href":"https:\/\/caswe-acfts.ca\/fr\/wp-json\/wp\/v2\/pages\/47557","targetHints":{"allow":["GET"]}}],"collection":[{"href":"https:\/\/caswe-acfts.ca\/fr\/wp-json\/wp\/v2\/pages"}],"about":[{"href":"https:\/\/caswe-acfts.ca\/fr\/wp-json\/wp\/v2\/types\/page"}],"author":[{"embeddable":true,"href":"https:\/\/caswe-acfts.ca\/fr\/wp-json\/wp\/v2\/users\/2"}],"replies":[{"embeddable":true,"href":"https:\/\/caswe-acfts.ca\/fr\/wp-json\/wp\/v2\/comments?post=47557"}],"version-history":[{"count":25,"href":"https:\/\/caswe-acfts.ca\/fr\/wp-json\/wp\/v2\/pages\/47557\/revisions"}],"predecessor-version":[{"id":48834,"href":"https:\/\/caswe-acfts.ca\/fr\/wp-json\/wp\/v2\/pages\/47557\/revisions\/48834"}],"wp:featuredmedia":[{"embeddable":true,"href":"https:\/\/caswe-acfts.ca\/fr\/wp-json\/wp\/v2\/media\/40879"}],"wp:attachment":[{"href":"https:\/\/caswe-acfts.ca\/fr\/wp-json\/wp\/v2\/media?parent=47557"}],"curies":[{"name":"wp","href":"https:\/\/api.w.org\/{rel}","templated":true}]}}